{"id":95,"date":"2023-11-17T08:49:14","date_gmt":"2023-11-17T08:49:14","guid":{"rendered":"https:\/\/hotelskaoprema.ba\/?post_type=product&#038;p=95"},"modified":"2026-04-16T13:25:11","modified_gmt":"2026-04-16T13:25:11","slug":"frotirne-papuce-dupli-sloj-130-1","status":"publish","type":"product","link":"https:\/\/hotelassortment.com\/sl\/artikli\/frotirne-papuce-dupli-sloj-130-1","title":{"rendered":"Frotirne papu\u010de &#8211; dupli sloj &#8211; 130\/1"},"content":{"rendered":"<p>Ove\u00a0<strong>frotirne papu\u010de<\/strong>\u00a0savr\u0161ene su za ustanove koje \u017eele osigurati maksimalnu udobnost korisnicima.\u00a0<strong>Dupli sloj<\/strong>\u00a0papu\u010da nudi dodatni komfor, \u010dine\u0107i ih idealnim za hotele, SPA centre i kozmeti\u010dke salone.<\/p>\n<p>Izra\u0111ene su od visokokvalitetnog\u00a0<strong>frotira<\/strong>, ove papu\u010de dolaze sa \u0111onom debljine 5mm, \u0161to ih \u010dini izdr\u017eljivim i sigurnim za kretanje po razli\u010ditim povr\u0161inama. Sa du\u017einom od 28,5 cm i grama\u017eom od 36 g, nude optimalan spoj lako\u0107e i \u010dvrsto\u0107e.<\/p>\n<p>Dostupne su u klasi\u010dnoj bijeloj boji, \u0161to ih \u010dini prikladnim za razli\u010dite interijere. Postoji mogu\u0107nost\u00a0<strong>brendiranja<\/strong>, \u0161to dodatno pobolj\u0161ava profesionalni dojam. Pakovanje sadr\u017ei 130 pari, \u0161to je savr\u0161eno za ve\u0107e koli\u010dine u profesionalnoj upotrebi.<\/p>\n<ul>\n<li>Pogodne za kori\u0161tenje u hotelima, SPA centrima i kozmeti\u010dkim salonima<\/li>\n<li>Mogu\u0107nost brendiranja<\/li>\n<li><strong>Materijal:<\/strong>\u00a0frotir<\/li>\n<li><strong>Debljina \u0111ona:<\/strong>\u00a05mm<\/li>\n<li><strong>Du\u017eina:<\/strong>\u00a028,5cm<\/li>\n<li><strong>Grama\u017ea:<\/strong>\u00a036g<\/li>\n<li><strong>Boja:<\/strong>\u00a0bijela<\/li>\n<li><strong>Pakovanje:<\/strong>\u00a0130\/1<\/li>\n<li style=\"list-style-type: none\"><\/li>\n<\/ul>\n","protected":false},"excerpt":{"rendered":"<p>Ove\u00a0frotirne papu\u010de\u00a0savr\u0161ene su za ustanove koje \u017eele osigurati maksimalnu udobnost korisnicima.\u00a0Dupli sloj\u00a0papu\u010da nudi dodatni komfor, \u010dine\u0107i ih idealnim za hotele, SPA centre i kozmeti\u010dke salone. Izra\u0111ene su od visokokvalitetnog\u00a0frotira, ove papu\u010de dolaze sa \u0111onom debljine 5mm, \u0161to ih \u010dini izdr\u017eljivim i sigurnim za kretanje po razli\u010ditim povr\u0161inama. Sa du\u017einom od 28,5 cm i grama\u017eom od [&hellip;]<\/p>\n","protected":false},"featured_media":96,"template":"","meta":{"_acf_changed":false},"product_brand":[],"product_cat":[18],"product_tag":[],"class_list":{"0":"post-95","1":"product","2":"type-product","3":"status-publish","4":"has-post-thumbnail","6":"product_cat-papuce","8":"first","9":"instock","10":"shipping-taxable","11":"product-type-simple"},"acf":[],"_links":{"self":[{"href":"https:\/\/hotelassortment.com\/sl\/wp-json\/wp\/v2\/product\/95","targetHints":{"allow":["GET"]}}],"collection":[{"href":"https:\/\/hotelassortment.com\/sl\/wp-json\/wp\/v2\/product"}],"about":[{"href":"https:\/\/hotelassortment.com\/sl\/wp-json\/wp\/v2\/types\/product"}],"wp:featuredmedia":[{"embeddable":true,"href":"https:\/\/hotelassortment.com\/sl\/wp-json\/wp\/v2\/media\/96"}],"wp:attachment":[{"href":"https:\/\/hotelassortment.com\/sl\/wp-json\/wp\/v2\/media?parent=95"}],"wp:term":[{"taxonomy":"product_brand","embeddable":true,"href":"https:\/\/hotelassortment.com\/sl\/wp-json\/wp\/v2\/product_brand?post=95"},{"taxonomy":"product_cat","embeddable":true,"href":"https:\/\/hotelassortment.com\/sl\/wp-json\/wp\/v2\/product_cat?post=95"},{"taxonomy":"product_tag","embeddable":true,"href":"https:\/\/hotelassortment.com\/sl\/wp-json\/wp\/v2\/product_tag?post=95"}],"curies":[{"name":"wp","href":"https:\/\/api.w.org\/{rel}","templated":true}]}}