{"id":93,"date":"2023-11-17T08:48:37","date_gmt":"2023-11-17T08:48:37","guid":{"rendered":"https:\/\/hotelskaoprema.ba\/?post_type=product&#038;p=93"},"modified":"2026-04-16T13:17:36","modified_gmt":"2026-04-16T13:17:36","slug":"papuce-od-vlakana-protuklizajuci-djon-230-1","status":"publish","type":"product","link":"https:\/\/hotelassortment.com\/sl\/artikli\/papuce-od-vlakana-protuklizajuci-djon-230-1","title":{"rendered":"Papu\u010de od vlakana &#8211; protuklizaju\u0107i \u0111on &#8211; 230\/1"},"content":{"rendered":"<p>Ove\u00a0<strong>papu\u010de od vlakana<\/strong>\u00a0savr\u0161eno su rje\u0161enje za sve koji tra\u017ee udobnost i sigurnost u hotelskom asortimanu. Izra\u0111ene su od kvalitetnih vlakana i dizajnirane za upotrebu u hotelima, SPA centrima i kozmeti\u010dkim salonima.<\/p>\n<p>Sa\u00a0<strong>protuklizaju\u0107im \u0111onom<\/strong>\u00a0debljine 3mm, ove papu\u010de pru\u017eaju dodatnu sigurnost prilikom hodanja po mokrim i klizavim povr\u0161inama. Du\u017eina papu\u010da je 28,5 cm, a grama\u017ea od 32g \u010dini ih laganim i udobnim za cjelodnevno no\u0161enje. Dostupne su u elegantnoj bijeloj boji i dolaze u pakovanju od 230 komada.<\/p>\n<p>Postoji\u00a0<strong>mogu\u0107nost brendiranja<\/strong>, \u0161to ih \u010dini idealnim izborom za poslovanje koje \u017eeli istaknuti svoj logo ili dizajn na papu\u010dama.<\/p>\n<ul>\n<li>Pogodne za kori\u0161tenje u hotelima, SPA centrima i kozmeti\u010dkim salonima<\/li>\n<li>Mogu\u0107nost brendiranja<\/li>\n<li><strong>Materijal:<\/strong>\u00a0vlakna<\/li>\n<li><strong>Debljina \u0111ona:<\/strong>\u00a03mm<\/li>\n<li><strong>Du\u017eina:<\/strong>\u00a028,5cm<\/li>\n<li><strong>Grama\u017ea:<\/strong>\u00a032g<\/li>\n<li><strong>Boja:<\/strong>\u00a0bijela<\/li>\n<li><strong>Pakovanje:<\/strong>\u00a0230\/1<\/li>\n<li style=\"list-style-type: none\"><\/li>\n<\/ul>\n","protected":false},"excerpt":{"rendered":"<p>Ove\u00a0papu\u010de od vlakana\u00a0savr\u0161eno su rje\u0161enje za sve koji tra\u017ee udobnost i sigurnost u hotelskom asortimanu. Izra\u0111ene su od kvalitetnih vlakana i dizajnirane za upotrebu u hotelima, SPA centrima i kozmeti\u010dkim salonima. Sa\u00a0protuklizaju\u0107im \u0111onom\u00a0debljine 3mm, ove papu\u010de pru\u017eaju dodatnu sigurnost prilikom hodanja po mokrim i klizavim povr\u0161inama. Du\u017eina papu\u010da je 28,5 cm, a grama\u017ea od 32g [&hellip;]<\/p>\n","protected":false},"featured_media":94,"template":"","meta":{"_acf_changed":false},"product_brand":[],"product_cat":[18],"product_tag":[],"class_list":{"0":"post-93","1":"product","2":"type-product","3":"status-publish","4":"has-post-thumbnail","6":"product_cat-papuce","8":"first","9":"instock","10":"shipping-taxable","11":"product-type-simple"},"acf":[],"_links":{"self":[{"href":"https:\/\/hotelassortment.com\/sl\/wp-json\/wp\/v2\/product\/93","targetHints":{"allow":["GET"]}}],"collection":[{"href":"https:\/\/hotelassortment.com\/sl\/wp-json\/wp\/v2\/product"}],"about":[{"href":"https:\/\/hotelassortment.com\/sl\/wp-json\/wp\/v2\/types\/product"}],"wp:featuredmedia":[{"embeddable":true,"href":"https:\/\/hotelassortment.com\/sl\/wp-json\/wp\/v2\/media\/94"}],"wp:attachment":[{"href":"https:\/\/hotelassortment.com\/sl\/wp-json\/wp\/v2\/media?parent=93"}],"wp:term":[{"taxonomy":"product_brand","embeddable":true,"href":"https:\/\/hotelassortment.com\/sl\/wp-json\/wp\/v2\/product_brand?post=93"},{"taxonomy":"product_cat","embeddable":true,"href":"https:\/\/hotelassortment.com\/sl\/wp-json\/wp\/v2\/product_cat?post=93"},{"taxonomy":"product_tag","embeddable":true,"href":"https:\/\/hotelassortment.com\/sl\/wp-json\/wp\/v2\/product_tag?post=93"}],"curies":[{"name":"wp","href":"https:\/\/api.w.org\/{rel}","templated":true}]}}