{"id":9118,"date":"2026-04-28T21:59:53","date_gmt":"2026-04-28T21:59:53","guid":{"rendered":"https:\/\/hotelskaoprema.ba\/?post_type=product&#038;p=9118"},"modified":"2026-04-28T22:00:23","modified_gmt":"2026-04-28T22:00:23","slug":"minibar-ef18","status":"publish","type":"product","link":"https:\/\/hotelassortment.com\/sl\/artikli\/minibar-ef18","title":{"rendered":"Minibar EF18"},"content":{"rendered":"<p>Ovaj\u00a0<strong>minibar EF18<\/strong>\u00a0savr\u0161eno je rje\u0161enje za moderne interijere gdje su nivo estetike i u\u0161teda prostora klju\u010dni. S crnim staklenim vratima i mogu\u0107no\u0161\u0107u zidne monta\u017ee, idealan je dodatak hotelskim sobama, apartmanima ili luksuznim rezidencijama.<\/p>\n<p>Opremljen je naprednom\u00a0<strong>Peltier termoelektri\u010dnom tehnologijom<\/strong>\u00a0koja omogu\u0107ava potpuno tih rad, \u0161to osigurava neometano u\u017eivanje gostiju. Dvije unutra\u0161nje police i dodatna polica u vratima pru\u017eaju dovoljno prostora za organizaciju pi\u0107a i grickalica.<\/p>\n<p>Minibar ima\u00a0<strong>reverzibilna staklena vrata<\/strong>\u00a0koja se mogu prilagoditi potrebama, dok\u00a0<strong>LED osvjetljenje<\/strong>\u00a0olak\u0161ava pregled sadr\u017eaja. Sa zapreminom od 18 litara, energetskom klasom F i godi\u0161njom potro\u0161njom od 94 kWh, ovaj minibar je efikasan i ekonomi\u010dan izbor za svaku prostoriju. Dimenzije iznose 500 x 245 x 530 mm.<\/p>\n<ul>\n<li data-start=\"105\" data-end=\"207\">Tehni\u010dke specifikacije \u2013 Model EF18 (Crna boja)<\/li>\n<li data-start=\"105\" data-end=\"207\"><strong data-start=\"186\" data-end=\"202\">\u0160irina (cm):<\/strong> 50<\/li>\n<li data-start=\"105\" data-end=\"207\"><strong data-start=\"208\" data-end=\"235\">Unutra\u0161nja \u0161irina (cm):<\/strong> 40,8<\/li>\n<li data-start=\"105\" data-end=\"207\"><strong data-start=\"241\" data-end=\"257\">Dubina (cm):<\/strong> 24,5<\/li>\n<li data-start=\"105\" data-end=\"207\"><strong data-start=\"265\" data-end=\"292\">Unutra\u0161nja dubina (cm):<\/strong> 10<\/li>\n<li data-start=\"105\" data-end=\"207\"><strong data-start=\"300\" data-end=\"316\">Visina (cm):<\/strong> 53<\/li>\n<li data-start=\"105\" data-end=\"207\"><strong data-start=\"324\" data-end=\"351\">Unutra\u0161nja visina (cm):<\/strong> 45,2<\/li>\n<li data-start=\"105\" data-end=\"207\"><strong data-start=\"359\" data-end=\"381\">Dimenzije (Vx\u0160xD):<\/strong> 53 \u00d7 50 \u00d7 24,5 cm<\/li>\n<li data-start=\"105\" data-end=\"207\"><strong data-start=\"404\" data-end=\"418\">Kapacitet:<\/strong> 18 litara<\/li>\n<li data-start=\"105\" data-end=\"207\"><strong data-start=\"431\" data-end=\"442\">Te\u017eina:<\/strong> 14,3 kg<\/li>\n<li data-start=\"105\" data-end=\"207\"><strong data-start=\"451\" data-end=\"474\">Potro\u0161nja energije:<\/strong> 94 kWh\/godi\u0161nje<\/li>\n<li data-start=\"105\" data-end=\"207\"><strong data-start=\"493\" data-end=\"514\">Energetska klasa:<\/strong> F<\/li>\n<li data-start=\"105\" data-end=\"207\"><strong data-start=\"519\" data-end=\"528\">Boja:<\/strong> Crna<\/li>\n<\/ul>\n","protected":false},"excerpt":{"rendered":"<p>Ovaj\u00a0minibar EF18\u00a0savr\u0161eno je rje\u0161enje za moderne interijere gdje su nivo estetike i u\u0161teda prostora klju\u010dni. S crnim staklenim vratima i mogu\u0107no\u0161\u0107u zidne monta\u017ee, idealan je dodatak hotelskim sobama, apartmanima ili luksuznim rezidencijama. Opremljen je naprednom\u00a0Peltier termoelektri\u010dnom tehnologijom\u00a0koja omogu\u0107ava potpuno tih rad, \u0161to osigurava neometano u\u017eivanje gostiju. Dvije unutra\u0161nje police i dodatna polica u vratima pru\u017eaju [&hellip;]<\/p>\n","protected":false},"featured_media":9119,"template":"","meta":{"_acf_changed":false},"product_brand":[],"product_cat":[108],"product_tag":[],"class_list":{"0":"post-9118","1":"product","2":"type-product","3":"status-publish","4":"has-post-thumbnail","6":"product_cat-minibarovi-sa-staklenim-vratima","8":"first","9":"instock","10":"shipping-taxable","11":"product-type-simple"},"acf":[],"_links":{"self":[{"href":"https:\/\/hotelassortment.com\/sl\/wp-json\/wp\/v2\/product\/9118","targetHints":{"allow":["GET"]}}],"collection":[{"href":"https:\/\/hotelassortment.com\/sl\/wp-json\/wp\/v2\/product"}],"about":[{"href":"https:\/\/hotelassortment.com\/sl\/wp-json\/wp\/v2\/types\/product"}],"wp:featuredmedia":[{"embeddable":true,"href":"https:\/\/hotelassortment.com\/sl\/wp-json\/wp\/v2\/media\/9119"}],"wp:attachment":[{"href":"https:\/\/hotelassortment.com\/sl\/wp-json\/wp\/v2\/media?parent=9118"}],"wp:term":[{"taxonomy":"product_brand","embeddable":true,"href":"https:\/\/hotelassortment.com\/sl\/wp-json\/wp\/v2\/product_brand?post=9118"},{"taxonomy":"product_cat","embeddable":true,"href":"https:\/\/hotelassortment.com\/sl\/wp-json\/wp\/v2\/product_cat?post=9118"},{"taxonomy":"product_tag","embeddable":true,"href":"https:\/\/hotelassortment.com\/sl\/wp-json\/wp\/v2\/product_tag?post=9118"}],"curies":[{"name":"wp","href":"https:\/\/api.w.org\/{rel}","templated":true}]}}