{"id":9112,"date":"2026-04-28T21:28:57","date_gmt":"2026-04-28T21:28:57","guid":{"rendered":"https:\/\/hotelskaoprema.ba\/?post_type=product&#038;p=9112"},"modified":"2026-04-28T21:30:30","modified_gmt":"2026-04-28T21:30:30","slug":"minibar-e30vn-3","status":"publish","type":"product","link":"https:\/\/hotelassortment.com\/sl\/artikli\/minibar-e30vn-3","title":{"rendered":"Minibar E30VN*"},"content":{"rendered":"<p>Minibar\u00a0<strong>E30VN*<\/strong>\u00a0s trostrukim staklenim vratima kombinira elegantan dizajn i vrhunsku funkcionalnost, savr\u0161en za moderne hotelske sobe. Ovaj minibar nudi izvanrednu izolaciju i atraktivan prikaz sadr\u017eaja, pru\u017eaju\u0107i izvanredno iskustvo za korisnike.<\/p>\n<p>S bruto kapacitetom od 35 litara i neto zapreminom od 31 litra,\u00a0<strong>E30VN*<\/strong>\u00a0osigurava dovoljno prostora za pi\u0107a i grickalice. Njegova napredna tehnologija hla\u0111enja koristi termoelektri\u010dni sistem, odr\u017eavaju\u0107i temperature izme\u0111u 8 i 15\u00b0C. Potpuno tih rad, klasa energetske efikasnosti\u00a0<strong>F<\/strong>\u00a0i LED unutra\u0161nje osvjetljenje \u010dine ga idealnim. Zahvaljuju\u0107i svojim karakteristikama poput 0 dB buke i energetskog tro\u0161enja od 95 kWh godi\u0161nje, ovaj minibar je optimiziran za visok standard udobnosti.<\/p>\n<ul>\n<li data-start=\"105\" data-end=\"207\">Tehni\u010dke specifikacije \u2013 Model E30VN* (Crna boja)<\/li>\n<li data-start=\"105\" data-end=\"207\"><strong data-start=\"186\" data-end=\"202\">\u0160irina (cm):<\/strong> 40<\/li>\n<li data-start=\"105\" data-end=\"207\"><strong data-start=\"208\" data-end=\"235\">Unutra\u0161nja \u0161irina (cm):<\/strong> 32,5<\/li>\n<li data-start=\"105\" data-end=\"207\"><strong data-start=\"241\" data-end=\"257\">Dubina (cm):<\/strong> 42<\/li>\n<li data-start=\"105\" data-end=\"207\"><strong data-start=\"265\" data-end=\"292\">Unutra\u0161nja dubina (cm):<\/strong> 25,5<\/li>\n<li data-start=\"105\" data-end=\"207\"><strong data-start=\"300\" data-end=\"316\">Visina (cm):<\/strong> 50<\/li>\n<li data-start=\"105\" data-end=\"207\"><strong data-start=\"324\" data-end=\"351\">Unutra\u0161nja visina (cm):<\/strong> 40<\/li>\n<li data-start=\"105\" data-end=\"207\"><strong data-start=\"359\" data-end=\"381\">Dimenzije (Vx\u0160xD):<\/strong> 50 \u00d7 40 \u00d7 42 cm<\/li>\n<li data-start=\"105\" data-end=\"207\"><strong data-start=\"404\" data-end=\"418\">Kapacitet:<\/strong> 35 litara<\/li>\n<li data-start=\"105\" data-end=\"207\"><strong data-start=\"431\" data-end=\"442\">Te\u017eina:<\/strong> 15 kg<\/li>\n<li data-start=\"105\" data-end=\"207\"><strong data-start=\"451\" data-end=\"474\">Potro\u0161nja energije:<\/strong> 95 kWh\/godi\u0161nje<\/li>\n<li data-start=\"105\" data-end=\"207\"><strong data-start=\"493\" data-end=\"514\">Energetska klasa:<\/strong> F<\/li>\n<li data-start=\"105\" data-end=\"207\"><strong data-start=\"519\" data-end=\"528\">Boja:<\/strong> Crna<\/li>\n<\/ul>\n","protected":false},"excerpt":{"rendered":"<p>Minibar\u00a0E30VN*\u00a0s trostrukim staklenim vratima kombinira elegantan dizajn i vrhunsku funkcionalnost, savr\u0161en za moderne hotelske sobe. Ovaj minibar nudi izvanrednu izolaciju i atraktivan prikaz sadr\u017eaja, pru\u017eaju\u0107i izvanredno iskustvo za korisnike. S bruto kapacitetom od 35 litara i neto zapreminom od 31 litra,\u00a0E30VN*\u00a0osigurava dovoljno prostora za pi\u0107a i grickalice. Njegova napredna tehnologija hla\u0111enja koristi termoelektri\u010dni sistem, odr\u017eavaju\u0107i [&hellip;]<\/p>\n","protected":false},"featured_media":9113,"template":"","meta":{"_acf_changed":false},"product_brand":[],"product_cat":[108],"product_tag":[],"class_list":{"0":"post-9112","1":"product","2":"type-product","3":"status-publish","4":"has-post-thumbnail","6":"product_cat-minibarovi-sa-staklenim-vratima","8":"first","9":"instock","10":"shipping-taxable","11":"product-type-simple"},"acf":[],"_links":{"self":[{"href":"https:\/\/hotelassortment.com\/sl\/wp-json\/wp\/v2\/product\/9112","targetHints":{"allow":["GET"]}}],"collection":[{"href":"https:\/\/hotelassortment.com\/sl\/wp-json\/wp\/v2\/product"}],"about":[{"href":"https:\/\/hotelassortment.com\/sl\/wp-json\/wp\/v2\/types\/product"}],"wp:featuredmedia":[{"embeddable":true,"href":"https:\/\/hotelassortment.com\/sl\/wp-json\/wp\/v2\/media\/9113"}],"wp:attachment":[{"href":"https:\/\/hotelassortment.com\/sl\/wp-json\/wp\/v2\/media?parent=9112"}],"wp:term":[{"taxonomy":"product_brand","embeddable":true,"href":"https:\/\/hotelassortment.com\/sl\/wp-json\/wp\/v2\/product_brand?post=9112"},{"taxonomy":"product_cat","embeddable":true,"href":"https:\/\/hotelassortment.com\/sl\/wp-json\/wp\/v2\/product_cat?post=9112"},{"taxonomy":"product_tag","embeddable":true,"href":"https:\/\/hotelassortment.com\/sl\/wp-json\/wp\/v2\/product_tag?post=9112"}],"curies":[{"name":"wp","href":"https:\/\/api.w.org\/{rel}","templated":true}]}}