{"id":9105,"date":"2026-04-28T20:51:45","date_gmt":"2026-04-28T20:51:45","guid":{"rendered":"https:\/\/hotelskaoprema.ba\/?post_type=product&#038;p=9105"},"modified":"2026-04-28T20:52:22","modified_gmt":"2026-04-28T20:52:22","slug":"minibar-e28v","status":"publish","type":"product","link":"https:\/\/hotelassortment.com\/sl\/artikli\/minibar-e28v","title":{"rendered":"Minibar E28V*"},"content":{"rendered":"<p>Ovaj elegantni\u00a0<strong>minibar E28V<\/strong>\u00a0idealan je dodatak svakoj hotelskoj sobi ili apartmanu. Sa svojim sofisticiranim dizajnom i reverzibilnim staklenim vratima, pru\u017ea moderan izgled i funkcionalnost.<\/p>\n<p>Minibar nudi <strong>kapacitet<\/strong> od 28 litara, \u0161to omogu\u0107ava prakti\u010dno \u010duvanje pi\u0107a i grickalica na optimalnoj temperaturi. Njegove klju\u010dne karakteristike uklju\u010duju potpuno tih rad na 0 dB,\u00a0<strong>LED unutra\u0161nje osvjetljenje<\/strong>, te dvije staklene police za efikasnu organizaciju prostora.\u00a0<strong>Automatsko odmrzavanje<\/strong>\u00a0osigurava lako odr\u017eavanje. Tehni\u010dke specifikacije uklju\u010duju energetsku klasu G, godi\u0161nju potro\u0161nju od 146 kWh, te\u00a0<strong>sistem hla\u0111enja<\/strong>\u00a0R600a. Minibar ima CE certifikat i dolazi sa Schuko utika\u010dem.<\/p>\n<ul>\n<li data-start=\"105\" data-end=\"207\">Tehni\u010dke specifikacije \u2013 Model E28VN (Crna boja)<\/li>\n<li data-start=\"105\" data-end=\"207\"><strong data-start=\"186\" data-end=\"202\">\u0160irina (cm):<\/strong> 38,5<\/li>\n<li data-start=\"105\" data-end=\"207\"><strong data-start=\"208\" data-end=\"235\">Unutra\u0161nja \u0161irina (cm):<\/strong> 24,8<\/li>\n<li data-start=\"105\" data-end=\"207\"><strong data-start=\"241\" data-end=\"257\">Dubina (cm):<\/strong> 38<\/li>\n<li data-start=\"105\" data-end=\"207\"><strong data-start=\"265\" data-end=\"292\">Unutra\u0161nja dubina (cm):<\/strong> 20,6<\/li>\n<li data-start=\"105\" data-end=\"207\"><strong data-start=\"300\" data-end=\"316\">Visina (cm):<\/strong> 46,5<\/li>\n<li data-start=\"105\" data-end=\"207\"><strong data-start=\"324\" data-end=\"351\">Unutra\u0161nja visina (cm):<\/strong> 34,9<\/li>\n<li data-start=\"105\" data-end=\"207\"><strong data-start=\"359\" data-end=\"381\">Dimenzije (Vx\u0160xD):<\/strong> 46,5 \u00d7 38,5 \u00d7 38 cm<\/li>\n<li data-start=\"105\" data-end=\"207\"><strong data-start=\"404\" data-end=\"418\">Kapacitet:<\/strong> 28 litara<\/li>\n<li data-start=\"105\" data-end=\"207\"><strong data-start=\"431\" data-end=\"442\">Te\u017eina:<\/strong> 11 kg<\/li>\n<li data-start=\"105\" data-end=\"207\"><strong data-start=\"451\" data-end=\"474\">Potro\u0161nja energije:<\/strong> 146 kWh\/godi\u0161nje<\/li>\n<li data-start=\"105\" data-end=\"207\"><strong data-start=\"493\" data-end=\"514\">Energetska klasa:<\/strong> G<\/li>\n<li data-start=\"105\" data-end=\"207\"><strong data-start=\"519\" data-end=\"528\">Boja:<\/strong> Crna<\/li>\n<\/ul>\n<p>&nbsp;<\/p>\n","protected":false},"excerpt":{"rendered":"<p>Ovaj elegantni\u00a0minibar E28V\u00a0idealan je dodatak svakoj hotelskoj sobi ili apartmanu. Sa svojim sofisticiranim dizajnom i reverzibilnim staklenim vratima, pru\u017ea moderan izgled i funkcionalnost. Minibar nudi kapacitet od 28 litara, \u0161to omogu\u0107ava prakti\u010dno \u010duvanje pi\u0107a i grickalica na optimalnoj temperaturi. Njegove klju\u010dne karakteristike uklju\u010duju potpuno tih rad na 0 dB,\u00a0LED unutra\u0161nje osvjetljenje, te dvije staklene police [&hellip;]<\/p>\n","protected":false},"featured_media":9107,"template":"","meta":{"_acf_changed":false},"product_brand":[],"product_cat":[108],"product_tag":[],"class_list":{"0":"post-9105","1":"product","2":"type-product","3":"status-publish","4":"has-post-thumbnail","6":"product_cat-minibarovi-sa-staklenim-vratima","8":"first","9":"instock","10":"shipping-taxable","11":"product-type-simple"},"acf":[],"_links":{"self":[{"href":"https:\/\/hotelassortment.com\/sl\/wp-json\/wp\/v2\/product\/9105","targetHints":{"allow":["GET"]}}],"collection":[{"href":"https:\/\/hotelassortment.com\/sl\/wp-json\/wp\/v2\/product"}],"about":[{"href":"https:\/\/hotelassortment.com\/sl\/wp-json\/wp\/v2\/types\/product"}],"wp:featuredmedia":[{"embeddable":true,"href":"https:\/\/hotelassortment.com\/sl\/wp-json\/wp\/v2\/media\/9107"}],"wp:attachment":[{"href":"https:\/\/hotelassortment.com\/sl\/wp-json\/wp\/v2\/media?parent=9105"}],"wp:term":[{"taxonomy":"product_brand","embeddable":true,"href":"https:\/\/hotelassortment.com\/sl\/wp-json\/wp\/v2\/product_brand?post=9105"},{"taxonomy":"product_cat","embeddable":true,"href":"https:\/\/hotelassortment.com\/sl\/wp-json\/wp\/v2\/product_cat?post=9105"},{"taxonomy":"product_tag","embeddable":true,"href":"https:\/\/hotelassortment.com\/sl\/wp-json\/wp\/v2\/product_tag?post=9105"}],"curies":[{"name":"wp","href":"https:\/\/api.w.org\/{rel}","templated":true}]}}