{"id":91,"date":"2023-11-17T08:47:47","date_gmt":"2023-11-17T08:47:47","guid":{"rendered":"https:\/\/hotelskaoprema.ba\/?post_type=product&#038;p=91"},"modified":"2026-04-16T13:20:41","modified_gmt":"2026-04-16T13:20:41","slug":"frotirne-papuce-170-1","status":"publish","type":"product","link":"https:\/\/hotelassortment.com\/sl\/artikli\/frotirne-papuce-170-1","title":{"rendered":"Frotirne papu\u010de &#8211; 170\/1"},"content":{"rendered":"<p><strong>Frotirne papu\u010de<\/strong>\u00a0odli\u010dan su dodatak svakom hotelu, SPA centru ili kozmeti\u010dkom salonu. Ove papu\u010de kombiniraju udobnost i funkcionalnost, pru\u017eaju\u0107i savr\u0161en ambijent za opu\u0161tanje.<\/p>\n<p>Izra\u0111ene od visokokvalitetnog\u00a0<strong>frotirnog materijala<\/strong>, ove papu\u010de su lagane i udobne. Bijela boja papu\u010da doprinosi osje\u0107aju \u010disto\u0107e i svje\u017eine, \u010dine\u0107i ih idealnim za profesionalnu upotrebu. Sa\u00a0<strong>debljinom \u0111ona od 3 mm<\/strong>\u00a0i\u00a0<strong>du\u017einom od 28,5 cm<\/strong>, prilago\u0111ene su za razne veli\u010dine stopala. Grama\u017ea od 32g \u010dini ih izuzetno laganima, dok mogu\u0107nost\u00a0<strong>brendiranja<\/strong>\u00a0pru\u017ea dodatnu vrijednost svakom poduze\u0107u. Pakovanje sadr\u017ei 170 pari papu\u010da, \u0161to ih \u010dini prakti\u010dnim i ekonomi\u010dnim izborom.<\/p>\n<ul>\n<li>Pogodne za kori\u0161tenje u hotelima, SPA centrima i kozmeti\u010dkim salonima<\/li>\n<li>Mogu\u0107nost brendiranja<\/li>\n<li><strong>Materijal:<\/strong>\u00a0frotir<\/li>\n<li><strong>Debljina \u0111ona:<\/strong>\u00a03mm<\/li>\n<li><strong>Du\u017eina:<\/strong>\u00a028,5cm<\/li>\n<li><strong>Grama\u017ea:<\/strong>\u00a032g<\/li>\n<li><strong>Boja:<\/strong>\u00a0bijela<\/li>\n<li><strong>Pakovanje:<\/strong>\u00a0170\/1<\/li>\n<li style=\"list-style-type: none\"><\/li>\n<\/ul>\n","protected":false},"excerpt":{"rendered":"<p>Frotirne papu\u010de\u00a0odli\u010dan su dodatak svakom hotelu, SPA centru ili kozmeti\u010dkom salonu. Ove papu\u010de kombiniraju udobnost i funkcionalnost, pru\u017eaju\u0107i savr\u0161en ambijent za opu\u0161tanje. Izra\u0111ene od visokokvalitetnog\u00a0frotirnog materijala, ove papu\u010de su lagane i udobne. Bijela boja papu\u010da doprinosi osje\u0107aju \u010disto\u0107e i svje\u017eine, \u010dine\u0107i ih idealnim za profesionalnu upotrebu. Sa\u00a0debljinom \u0111ona od 3 mm\u00a0i\u00a0du\u017einom od 28,5 cm, prilago\u0111ene [&hellip;]<\/p>\n","protected":false},"featured_media":92,"template":"","meta":{"_acf_changed":false},"product_brand":[],"product_cat":[18],"product_tag":[],"class_list":{"0":"post-91","1":"product","2":"type-product","3":"status-publish","4":"has-post-thumbnail","6":"product_cat-papuce","8":"first","9":"instock","10":"shipping-taxable","11":"product-type-simple"},"acf":[],"_links":{"self":[{"href":"https:\/\/hotelassortment.com\/sl\/wp-json\/wp\/v2\/product\/91","targetHints":{"allow":["GET"]}}],"collection":[{"href":"https:\/\/hotelassortment.com\/sl\/wp-json\/wp\/v2\/product"}],"about":[{"href":"https:\/\/hotelassortment.com\/sl\/wp-json\/wp\/v2\/types\/product"}],"wp:featuredmedia":[{"embeddable":true,"href":"https:\/\/hotelassortment.com\/sl\/wp-json\/wp\/v2\/media\/92"}],"wp:attachment":[{"href":"https:\/\/hotelassortment.com\/sl\/wp-json\/wp\/v2\/media?parent=91"}],"wp:term":[{"taxonomy":"product_brand","embeddable":true,"href":"https:\/\/hotelassortment.com\/sl\/wp-json\/wp\/v2\/product_brand?post=91"},{"taxonomy":"product_cat","embeddable":true,"href":"https:\/\/hotelassortment.com\/sl\/wp-json\/wp\/v2\/product_cat?post=91"},{"taxonomy":"product_tag","embeddable":true,"href":"https:\/\/hotelassortment.com\/sl\/wp-json\/wp\/v2\/product_tag?post=91"}],"curies":[{"name":"wp","href":"https:\/\/api.w.org\/{rel}","templated":true}]}}