{"id":9001,"date":"2026-04-22T22:29:23","date_gmt":"2026-04-22T22:29:23","guid":{"rendered":"https:\/\/hotelskaoprema.ba\/?post_type=product&#038;p=9001"},"modified":"2026-04-22T22:29:44","modified_gmt":"2026-04-22T22:29:44","slug":"higijenska-vrecica-n-recycled-1000-1","status":"publish","type":"product","link":"https:\/\/hotelassortment.com\/sl\/artikli\/higijenska-vrecica-n-recycled-1000-1","title":{"rendered":"Higijenska vre\u0107ica N-RECYCLED &#8211; 1000\/1"},"content":{"rendered":"<p>Upoznajte\u00a0<strong>higijensku vre\u0107icu N-RECYCLED<\/strong>, idealno rije\u0161enje za hotele i apartmane koji brinu o ekologiji. Ova vre\u0107ica nudi prakti\u010dnost i izuzetnu ekolo\u0161ku osvije\u0161tenost.<\/p>\n<p>Izra\u0111ena je od\u00a0<strong>biorazgradivih materijala<\/strong>, \u0161to je \u010dini savr\u0161enim izborom za svakodnevnu upotrebu uz minimalan utjecaj na okoli\u0161. Sa\u00a0<strong>dimenzijama 11,5cm x 8cm<\/strong>, lako se uklapa u svaki prostor i omogu\u0107ava pouzdano skladi\u0161tenje. Svako pakovanje sadr\u017ei\u00a0<strong>1000 komada<\/strong>, \u0161to je \u010dini idealnim za ve\u0107e objekte. Njen sastav ne optere\u0107uje okoli\u0161, \u010dime se osigurava odr\u017eivost i odgovoran pristup higijeni.<\/p>\n<ul>\n<li>Pogodna za kori\u0161tenje u hotelima i apartmanima<\/li>\n<li>Biorazgradivo pakovanje i sadr\u017eaj<\/li>\n<li><strong>Dimenzije:<\/strong>\u00a011,5cm x 8cm<\/li>\n<li><strong>Pakovanje:<\/strong>\u00a01000\/1<\/li>\n<\/ul>\n","protected":false},"excerpt":{"rendered":"<p>Upoznajte\u00a0higijensku vre\u0107icu N-RECYCLED, idealno rije\u0161enje za hotele i apartmane koji brinu o ekologiji. Ova vre\u0107ica nudi prakti\u010dnost i izuzetnu ekolo\u0161ku osvije\u0161tenost. Izra\u0111ena je od\u00a0biorazgradivih materijala, \u0161to je \u010dini savr\u0161enim izborom za svakodnevnu upotrebu uz minimalan utjecaj na okoli\u0161. Sa\u00a0dimenzijama 11,5cm x 8cm, lako se uklapa u svaki prostor i omogu\u0107ava pouzdano skladi\u0161tenje. Svako pakovanje sadr\u017ei\u00a01000 [&hellip;]<\/p>\n","protected":false},"featured_media":9002,"template":"","meta":{"_acf_changed":false},"product_brand":[],"product_cat":[107],"product_tag":[],"class_list":{"0":"post-9001","1":"product","2":"type-product","3":"status-publish","4":"has-post-thumbnail","6":"product_cat-eco-kozmetika-i-higijena","8":"first","9":"instock","10":"shipping-taxable","11":"product-type-simple"},"acf":[],"_links":{"self":[{"href":"https:\/\/hotelassortment.com\/sl\/wp-json\/wp\/v2\/product\/9001","targetHints":{"allow":["GET"]}}],"collection":[{"href":"https:\/\/hotelassortment.com\/sl\/wp-json\/wp\/v2\/product"}],"about":[{"href":"https:\/\/hotelassortment.com\/sl\/wp-json\/wp\/v2\/types\/product"}],"wp:featuredmedia":[{"embeddable":true,"href":"https:\/\/hotelassortment.com\/sl\/wp-json\/wp\/v2\/media\/9002"}],"wp:attachment":[{"href":"https:\/\/hotelassortment.com\/sl\/wp-json\/wp\/v2\/media?parent=9001"}],"wp:term":[{"taxonomy":"product_brand","embeddable":true,"href":"https:\/\/hotelassortment.com\/sl\/wp-json\/wp\/v2\/product_brand?post=9001"},{"taxonomy":"product_cat","embeddable":true,"href":"https:\/\/hotelassortment.com\/sl\/wp-json\/wp\/v2\/product_cat?post=9001"},{"taxonomy":"product_tag","embeddable":true,"href":"https:\/\/hotelassortment.com\/sl\/wp-json\/wp\/v2\/product_tag?post=9001"}],"curies":[{"name":"wp","href":"https:\/\/api.w.org\/{rel}","templated":true}]}}