{"id":8999,"date":"2026-04-22T22:27:11","date_gmt":"2026-04-22T22:27:11","guid":{"rendered":"https:\/\/hotelskaoprema.ba\/?post_type=product&#038;p=8999"},"modified":"2026-04-22T22:27:31","modified_gmt":"2026-04-22T22:27:31","slug":"set-za-sivenje-n-recycled-1250-1","status":"publish","type":"product","link":"https:\/\/hotelassortment.com\/sl\/artikli\/set-za-sivenje-n-recycled-1250-1","title":{"rendered":"Set za \u0161ivenje N-RECYCLED &#8211; 1250\/1"},"content":{"rendered":"<p>Set za \u0161ivenje N-RECYCLED je idealan za hotele i apartmane, gdje se posebna pa\u017enja poklanja odr\u017eivosti i ekologiji. Ovaj set je pa\u017eljivo osmi\u0161ljen da zadovolji potrebe svakog korisnika uz minimalan ekolo\u0161ki otisak.<\/p>\n<p>Set uklju\u010duje\u00a0<strong>6 boja konca<\/strong>,\u00a0<strong>iglu<\/strong>\u00a0i\u00a0<strong>ba\u0161liju<\/strong>, \u0161to ga \u010dini prakti\u010dnim za svaku situaciju. Sva pakovanja su\u00a0<strong>biorazgradiva<\/strong>, \u0161to potvr\u0111uje njegovu orijentisanost ka ekologiji. Uz\u00a0<strong>1250 jedinica po pakovanju<\/strong>, ovaj set je efikasan izbor za objekte sa visokim prometom gostiju. Osim o\u010duvanja okoli\u0161a, set nudi i visoku funkcionalnost, \u010dine\u0107i ga nezamjenjivim dodatkom u hotelskoj industriji.<\/p>\n<ul>\n<li>Pogodan za kori\u0161tenje u hotelima i apartmanima<\/li>\n<li>Biorazgradivo pakovanje i sadr\u017eaj<\/li>\n<li><strong>Sadr\u017eaj seta:<\/strong>\u00a06 boja konca &#8211; igla &#8211; ba\u0161lija<\/li>\n<li><strong>Pakovanje:<\/strong>\u00a01250\/1<\/li>\n<\/ul>\n","protected":false},"excerpt":{"rendered":"<p>Set za \u0161ivenje N-RECYCLED je idealan za hotele i apartmane, gdje se posebna pa\u017enja poklanja odr\u017eivosti i ekologiji. Ovaj set je pa\u017eljivo osmi\u0161ljen da zadovolji potrebe svakog korisnika uz minimalan ekolo\u0161ki otisak. Set uklju\u010duje\u00a06 boja konca,\u00a0iglu\u00a0i\u00a0ba\u0161liju, \u0161to ga \u010dini prakti\u010dnim za svaku situaciju. Sva pakovanja su\u00a0biorazgradiva, \u0161to potvr\u0111uje njegovu orijentisanost ka ekologiji. Uz\u00a01250 jedinica po [&hellip;]<\/p>\n","protected":false},"featured_media":9000,"template":"","meta":{"_acf_changed":false},"product_brand":[],"product_cat":[107],"product_tag":[],"class_list":{"0":"post-8999","1":"product","2":"type-product","3":"status-publish","4":"has-post-thumbnail","6":"product_cat-eco-kozmetika-i-higijena","8":"first","9":"instock","10":"shipping-taxable","11":"product-type-simple"},"acf":[],"_links":{"self":[{"href":"https:\/\/hotelassortment.com\/sl\/wp-json\/wp\/v2\/product\/8999","targetHints":{"allow":["GET"]}}],"collection":[{"href":"https:\/\/hotelassortment.com\/sl\/wp-json\/wp\/v2\/product"}],"about":[{"href":"https:\/\/hotelassortment.com\/sl\/wp-json\/wp\/v2\/types\/product"}],"wp:featuredmedia":[{"embeddable":true,"href":"https:\/\/hotelassortment.com\/sl\/wp-json\/wp\/v2\/media\/9000"}],"wp:attachment":[{"href":"https:\/\/hotelassortment.com\/sl\/wp-json\/wp\/v2\/media?parent=8999"}],"wp:term":[{"taxonomy":"product_brand","embeddable":true,"href":"https:\/\/hotelassortment.com\/sl\/wp-json\/wp\/v2\/product_brand?post=8999"},{"taxonomy":"product_cat","embeddable":true,"href":"https:\/\/hotelassortment.com\/sl\/wp-json\/wp\/v2\/product_cat?post=8999"},{"taxonomy":"product_tag","embeddable":true,"href":"https:\/\/hotelassortment.com\/sl\/wp-json\/wp\/v2\/product_tag?post=8999"}],"curies":[{"name":"wp","href":"https:\/\/api.w.org\/{rel}","templated":true}]}}