{"id":8997,"date":"2026-04-22T22:24:51","date_gmt":"2026-04-22T22:24:51","guid":{"rendered":"https:\/\/hotelskaoprema.ba\/?post_type=product&#038;p=8997"},"modified":"2026-04-22T22:25:12","modified_gmt":"2026-04-22T22:25:12","slug":"jednokratna-kapa-za-tusiranje-n-recycled-500-1","status":"publish","type":"product","link":"https:\/\/hotelassortment.com\/sl\/artikli\/jednokratna-kapa-za-tusiranje-n-recycled-500-1","title":{"rendered":"Jednokratna kapa za tu\u0161iranje N-RECYCLED &#8211; 500\/1"},"content":{"rendered":"<p><strong>Jednokratna kapa za tu\u0161iranje N-RECYCLED<\/strong>\u00a0idealna je za hotelski i apartmanski asortiman, zahvaljuju\u0107i svom biorazgradivom dizajnu. Osmi\u0161ljena je s posebnim naglaskom na o\u010duvanje okoli\u0161a, \u010dime se isti\u010de me\u0111u sli\u010dnim proizvodima.<\/p>\n<p>Ova kapa dolazi u prakti\u010dnom pakovanju od 500 komada, \u0161to je \u010dini pogodnom za ve\u0107e ugostiteljske objekte.\u00a0<strong>Biorazgradivo pakovanje<\/strong>\u00a0osigurava smanjenje negativnog utjecaja na okoli\u0161, pru\u017eaju\u0107i higijensko rje\u0161enje koje je istovremeno ekolo\u0161ki prihvatljivo. Izra\u0111ena je od materijala koji ne sadr\u017ee \u0161tetne supstance, a istovremeno je izdr\u017eljiva i pogodna za sve tipove kose. Kompatibilna je s razli\u010ditim vrstama tu\u0161eva i idealna za jednokratnu uporabu u hotelskim kupaonicama.<\/p>\n<ul>\n<li>Pogodna za kori\u0161tenje u hotelima i apartmanima<\/li>\n<li>Biorazgradivo pakovanje i sadr\u017eaj<\/li>\n<li><strong>Pakovanje:<\/strong>\u00a0500\/1<\/li>\n<\/ul>\n","protected":false},"excerpt":{"rendered":"<p>Jednokratna kapa za tu\u0161iranje N-RECYCLED\u00a0idealna je za hotelski i apartmanski asortiman, zahvaljuju\u0107i svom biorazgradivom dizajnu. Osmi\u0161ljena je s posebnim naglaskom na o\u010duvanje okoli\u0161a, \u010dime se isti\u010de me\u0111u sli\u010dnim proizvodima. Ova kapa dolazi u prakti\u010dnom pakovanju od 500 komada, \u0161to je \u010dini pogodnom za ve\u0107e ugostiteljske objekte.\u00a0Biorazgradivo pakovanje\u00a0osigurava smanjenje negativnog utjecaja na okoli\u0161, pru\u017eaju\u0107i higijensko rje\u0161enje [&hellip;]<\/p>\n","protected":false},"featured_media":8998,"template":"","meta":{"_acf_changed":false},"product_brand":[],"product_cat":[107],"product_tag":[],"class_list":{"0":"post-8997","1":"product","2":"type-product","3":"status-publish","4":"has-post-thumbnail","6":"product_cat-eco-kozmetika-i-higijena","8":"first","9":"instock","10":"shipping-taxable","11":"product-type-simple"},"acf":[],"_links":{"self":[{"href":"https:\/\/hotelassortment.com\/sl\/wp-json\/wp\/v2\/product\/8997","targetHints":{"allow":["GET"]}}],"collection":[{"href":"https:\/\/hotelassortment.com\/sl\/wp-json\/wp\/v2\/product"}],"about":[{"href":"https:\/\/hotelassortment.com\/sl\/wp-json\/wp\/v2\/types\/product"}],"wp:featuredmedia":[{"embeddable":true,"href":"https:\/\/hotelassortment.com\/sl\/wp-json\/wp\/v2\/media\/8998"}],"wp:attachment":[{"href":"https:\/\/hotelassortment.com\/sl\/wp-json\/wp\/v2\/media?parent=8997"}],"wp:term":[{"taxonomy":"product_brand","embeddable":true,"href":"https:\/\/hotelassortment.com\/sl\/wp-json\/wp\/v2\/product_brand?post=8997"},{"taxonomy":"product_cat","embeddable":true,"href":"https:\/\/hotelassortment.com\/sl\/wp-json\/wp\/v2\/product_cat?post=8997"},{"taxonomy":"product_tag","embeddable":true,"href":"https:\/\/hotelassortment.com\/sl\/wp-json\/wp\/v2\/product_tag?post=8997"}],"curies":[{"name":"wp","href":"https:\/\/api.w.org\/{rel}","templated":true}]}}