{"id":8995,"date":"2026-04-22T22:22:30","date_gmt":"2026-04-22T22:22:30","guid":{"rendered":"https:\/\/hotelskaoprema.ba\/?post_type=product&#038;p=8995"},"modified":"2026-04-22T22:23:10","modified_gmt":"2026-04-22T22:23:10","slug":"stapici-za-usi-n-recycled-3-1-1500-1","status":"publish","type":"product","link":"https:\/\/hotelassortment.com\/sl\/artikli\/stapici-za-usi-n-recycled-3-1-1500-1","title":{"rendered":"\u0160tapi\u0107i za u\u0161i N-RECYCLED 3\/1 &#8211; 1500\/1"},"content":{"rendered":"<p><strong>\u0160tapi\u0107i za u\u0161i N-RECYCLED<\/strong>\u00a0predstavljaju funkcionalan i ekolo\u0161ki odgovoran izbor za svakodnevnu higijenu. Ovi \u0161tapi\u0107i su dizajnirani da zadovolje visoke standarde u industriji hotelskog asortimana i pru\u017eaju savr\u0161enu kombinaciju prakti\u010dnosti i odr\u017eivosti.<\/p>\n<p>Pakovanje sadr\u017ei\u00a0<strong>1500 komada<\/strong>, od kojih su svaki set upakovan po\u00a0<strong>tri \u0161tapi\u0107a za u\u0161i<\/strong>. Izra\u0111eni su od biorazgradivih materijala, \u0161to ih \u010dini posebno pogodnim za hotele i apartmane koji promovi\u0161u ekolo\u0161ku osvije\u0161tenost. Njihov ekolo\u0161ki dizajn doprinosi smanjenju otpada i o\u010duvanju prirodnih resursa. Sa svojim bio razgradivim pakovanjem i sadr\u017eajem, ovi \u0161tapi\u0107i za u\u0161i nastoje umanjiti uticaj na okoli\u0161, dok istovremeno osiguravaju iznimnu higijensku za\u0161titu.<\/p>\n<ul>\n<li>Pogodni za kori\u0161tenje u hotelima i apartmanima<\/li>\n<li>Biorazgradivo pakovanje i sadr\u017eaj<\/li>\n<li><strong>Sadr\u017eaj:<\/strong>\u00a03 \u0161tapi\u0107a za u\u0161i<\/li>\n<li><strong>Pakovanje:<\/strong>\u00a01500\/1<\/li>\n<\/ul>\n","protected":false},"excerpt":{"rendered":"<p>\u0160tapi\u0107i za u\u0161i N-RECYCLED\u00a0predstavljaju funkcionalan i ekolo\u0161ki odgovoran izbor za svakodnevnu higijenu. Ovi \u0161tapi\u0107i su dizajnirani da zadovolje visoke standarde u industriji hotelskog asortimana i pru\u017eaju savr\u0161enu kombinaciju prakti\u010dnosti i odr\u017eivosti. Pakovanje sadr\u017ei\u00a01500 komada, od kojih su svaki set upakovan po\u00a0tri \u0161tapi\u0107a za u\u0161i. Izra\u0111eni su od biorazgradivih materijala, \u0161to ih \u010dini posebno pogodnim za [&hellip;]<\/p>\n","protected":false},"featured_media":8996,"template":"","meta":{"_acf_changed":false},"product_brand":[],"product_cat":[107],"product_tag":[],"class_list":{"0":"post-8995","1":"product","2":"type-product","3":"status-publish","4":"has-post-thumbnail","6":"product_cat-eco-kozmetika-i-higijena","8":"first","9":"instock","10":"shipping-taxable","11":"product-type-simple"},"acf":[],"_links":{"self":[{"href":"https:\/\/hotelassortment.com\/sl\/wp-json\/wp\/v2\/product\/8995","targetHints":{"allow":["GET"]}}],"collection":[{"href":"https:\/\/hotelassortment.com\/sl\/wp-json\/wp\/v2\/product"}],"about":[{"href":"https:\/\/hotelassortment.com\/sl\/wp-json\/wp\/v2\/types\/product"}],"wp:featuredmedia":[{"embeddable":true,"href":"https:\/\/hotelassortment.com\/sl\/wp-json\/wp\/v2\/media\/8996"}],"wp:attachment":[{"href":"https:\/\/hotelassortment.com\/sl\/wp-json\/wp\/v2\/media?parent=8995"}],"wp:term":[{"taxonomy":"product_brand","embeddable":true,"href":"https:\/\/hotelassortment.com\/sl\/wp-json\/wp\/v2\/product_brand?post=8995"},{"taxonomy":"product_cat","embeddable":true,"href":"https:\/\/hotelassortment.com\/sl\/wp-json\/wp\/v2\/product_cat?post=8995"},{"taxonomy":"product_tag","embeddable":true,"href":"https:\/\/hotelassortment.com\/sl\/wp-json\/wp\/v2\/product_tag?post=8995"}],"curies":[{"name":"wp","href":"https:\/\/api.w.org\/{rel}","templated":true}]}}