{"id":8993,"date":"2026-04-22T22:20:23","date_gmt":"2026-04-22T22:20:23","guid":{"rendered":"https:\/\/hotelskaoprema.ba\/?post_type=product&#038;p=8993"},"modified":"2026-04-22T22:20:46","modified_gmt":"2026-04-22T22:20:46","slug":"tupferi-n-recycled-2-1-1000-1","status":"publish","type":"product","link":"https:\/\/hotelassortment.com\/sl\/artikli\/tupferi-n-recycled-2-1-1000-1","title":{"rendered":"Tupferi N-RECYCLED 2\/1 &#8211; 1000\/1"},"content":{"rendered":"<p><strong>Tupferi N-RECYCLED 2\/1<\/strong>\u00a0su idealno rje\u0161enje za hotele i apartmane koji te\u017ee odr\u017eivom poslovanju. Njihova ekolo\u0161ka pakovanja i materijali postavljaju nove standarde u higijenskoj industriji.<\/p>\n<p>Ove tupfere odlikuje\u00a0<strong>biorazgradivo pakovanje<\/strong>, \u0161to ih \u010dini izvrsnim izborom za ekolo\u0161ki osvije\u0161tene ustanove. Sadr\u017eaj jednog pakovanja \u010dini\u00a0<strong>1000 komada<\/strong>, a svako pakovanje sadr\u017ei dvije jedinice visoke kvalitete. Dizajnirani su da pru\u017ee maksimalnu udobnost, a pogodni su za razli\u010dite primjene unutar hotelskog asortimana. Njihova univerzalna primjenjivost i jednostavna upotreba \u010dine ih neophodnim za svakodnevnu upotrebu. S obzirom na kvalitetu i ekolo\u0161ki pristup, ovi tupferi su prakti\u010dni za svakodnevnu upotrebu i lako recikliraju.<\/p>\n<ul>\n<li>Pogodni za kori\u0161tenje u hotelima i apartmanima<\/li>\n<li>Biorazgradivo pakovanje i sadr\u017eaj<\/li>\n<li><strong>Sadr\u017eaj:<\/strong>\u00a02 tupfera<\/li>\n<li><strong>Pakovanje:<\/strong>\u00a01000\/1<\/li>\n<\/ul>\n","protected":false},"excerpt":{"rendered":"<p>Tupferi N-RECYCLED 2\/1\u00a0su idealno rje\u0161enje za hotele i apartmane koji te\u017ee odr\u017eivom poslovanju. Njihova ekolo\u0161ka pakovanja i materijali postavljaju nove standarde u higijenskoj industriji. Ove tupfere odlikuje\u00a0biorazgradivo pakovanje, \u0161to ih \u010dini izvrsnim izborom za ekolo\u0161ki osvije\u0161tene ustanove. Sadr\u017eaj jednog pakovanja \u010dini\u00a01000 komada, a svako pakovanje sadr\u017ei dvije jedinice visoke kvalitete. Dizajnirani su da pru\u017ee maksimalnu [&hellip;]<\/p>\n","protected":false},"featured_media":8994,"template":"","meta":{"_acf_changed":false},"product_brand":[],"product_cat":[107],"product_tag":[],"class_list":{"0":"post-8993","1":"product","2":"type-product","3":"status-publish","4":"has-post-thumbnail","6":"product_cat-eco-kozmetika-i-higijena","8":"first","9":"instock","10":"shipping-taxable","11":"product-type-simple"},"acf":[],"_links":{"self":[{"href":"https:\/\/hotelassortment.com\/sl\/wp-json\/wp\/v2\/product\/8993","targetHints":{"allow":["GET"]}}],"collection":[{"href":"https:\/\/hotelassortment.com\/sl\/wp-json\/wp\/v2\/product"}],"about":[{"href":"https:\/\/hotelassortment.com\/sl\/wp-json\/wp\/v2\/types\/product"}],"wp:featuredmedia":[{"embeddable":true,"href":"https:\/\/hotelassortment.com\/sl\/wp-json\/wp\/v2\/media\/8994"}],"wp:attachment":[{"href":"https:\/\/hotelassortment.com\/sl\/wp-json\/wp\/v2\/media?parent=8993"}],"wp:term":[{"taxonomy":"product_brand","embeddable":true,"href":"https:\/\/hotelassortment.com\/sl\/wp-json\/wp\/v2\/product_brand?post=8993"},{"taxonomy":"product_cat","embeddable":true,"href":"https:\/\/hotelassortment.com\/sl\/wp-json\/wp\/v2\/product_cat?post=8993"},{"taxonomy":"product_tag","embeddable":true,"href":"https:\/\/hotelassortment.com\/sl\/wp-json\/wp\/v2\/product_tag?post=8993"}],"curies":[{"name":"wp","href":"https:\/\/api.w.org\/{rel}","templated":true}]}}