{"id":8991,"date":"2026-04-22T22:16:39","date_gmt":"2026-04-22T22:16:39","guid":{"rendered":"https:\/\/hotelskaoprema.ba\/?post_type=product&#038;p=8991"},"modified":"2026-04-22T22:17:15","modified_gmt":"2026-04-22T22:17:15","slug":"set-za-brijanje-n-recycled-150-1","status":"publish","type":"product","link":"https:\/\/hotelassortment.com\/sl\/artikli\/set-za-brijanje-n-recycled-150-1","title":{"rendered":"Set za brijanje N-RECYCLED &#8211; 150\/1"},"content":{"rendered":"<p><strong>Set za brijanje N-RECYCLED<\/strong>\u00a0donosi ekolo\u0161ki osvije\u0161teno rje\u0161enje za svakodnevnu higijenu, idealno za hotelsku upotrebu. Izra\u0111en s naglaskom na odr\u017eivost, ovaj set nudi prakti\u010dnost uz minimalan utjecaj na okoli\u0161.<\/p>\n<p>Set sadr\u017ei sve \u0161to vam treba za brijanje: brija\u010d izra\u0111en od\u00a0<strong>biorazgradivih materijala<\/strong>\u00a0te pastu za brijanje u ekolo\u0161kom pakovanju. Dizajniran za udobnost i preciznost, ovaj set je\u00a0<strong>pogodan za kori\u0161tenje u hotelima<\/strong>\u00a0i apartmanima. Pakovanje od\u00a0<strong>150 komada<\/strong>\u00a0osigurava dugotrajnu upotrebu i jednostavno skladi\u0161tenje. Njegova biorazgradivost \u010dini ga savr\u0161enim izborom za one koji \u017eele smanjiti svoj ekolo\u0161ki otisak.<\/p>\n<ul>\n<li>Pogodan za kori\u0161tenje u hotelima i apartmanima<\/li>\n<li>Biorazgradivo pakovanje i sadr\u017eaj<\/li>\n<li><strong>Sadr\u017eaj seta:<\/strong>\u00a0brija\u010d &#8211; pasta<\/li>\n<li><strong>Pakovanje:<\/strong>\u00a0150\/1<\/li>\n<\/ul>\n","protected":false},"excerpt":{"rendered":"<p>Set za brijanje N-RECYCLED\u00a0donosi ekolo\u0161ki osvije\u0161teno rje\u0161enje za svakodnevnu higijenu, idealno za hotelsku upotrebu. Izra\u0111en s naglaskom na odr\u017eivost, ovaj set nudi prakti\u010dnost uz minimalan utjecaj na okoli\u0161. Set sadr\u017ei sve \u0161to vam treba za brijanje: brija\u010d izra\u0111en od\u00a0biorazgradivih materijala\u00a0te pastu za brijanje u ekolo\u0161kom pakovanju. Dizajniran za udobnost i preciznost, ovaj set je\u00a0pogodan za [&hellip;]<\/p>\n","protected":false},"featured_media":8992,"template":"","meta":{"_acf_changed":false},"product_brand":[],"product_cat":[107],"product_tag":[],"class_list":{"0":"post-8991","1":"product","2":"type-product","3":"status-publish","4":"has-post-thumbnail","6":"product_cat-eco-kozmetika-i-higijena","8":"first","9":"instock","10":"shipping-taxable","11":"product-type-simple"},"acf":[],"_links":{"self":[{"href":"https:\/\/hotelassortment.com\/sl\/wp-json\/wp\/v2\/product\/8991","targetHints":{"allow":["GET"]}}],"collection":[{"href":"https:\/\/hotelassortment.com\/sl\/wp-json\/wp\/v2\/product"}],"about":[{"href":"https:\/\/hotelassortment.com\/sl\/wp-json\/wp\/v2\/types\/product"}],"wp:featuredmedia":[{"embeddable":true,"href":"https:\/\/hotelassortment.com\/sl\/wp-json\/wp\/v2\/media\/8992"}],"wp:attachment":[{"href":"https:\/\/hotelassortment.com\/sl\/wp-json\/wp\/v2\/media?parent=8991"}],"wp:term":[{"taxonomy":"product_brand","embeddable":true,"href":"https:\/\/hotelassortment.com\/sl\/wp-json\/wp\/v2\/product_brand?post=8991"},{"taxonomy":"product_cat","embeddable":true,"href":"https:\/\/hotelassortment.com\/sl\/wp-json\/wp\/v2\/product_cat?post=8991"},{"taxonomy":"product_tag","embeddable":true,"href":"https:\/\/hotelassortment.com\/sl\/wp-json\/wp\/v2\/product_tag?post=8991"}],"curies":[{"name":"wp","href":"https:\/\/api.w.org\/{rel}","templated":true}]}}