{"id":8989,"date":"2026-04-22T22:13:51","date_gmt":"2026-04-22T22:13:51","guid":{"rendered":"https:\/\/hotelskaoprema.ba\/?post_type=product&#038;p=8989"},"modified":"2026-04-22T22:14:18","modified_gmt":"2026-04-22T22:14:18","slug":"set-za-oralnu-higijenu-n-recycled-150-1","status":"publish","type":"product","link":"https:\/\/hotelassortment.com\/sl\/artikli\/set-za-oralnu-higijenu-n-recycled-150-1","title":{"rendered":"Set za oralnu higijenu N-RECYCLED &#8211; 150\/1"},"content":{"rendered":"<p>Set za oralnu higijenu N-RECYCLED je ekolo\u0161ki prihvatljiv proizvod dizajniran za hotele i apartmane. Njegovo\u00a0<strong>biorazgradivo pakovanje<\/strong>\u00a0i sadr\u017eaj \u010dine ga idealnim izborom za one koji pridaju pa\u017enju o\u010duvanju okoli\u0161a.<\/p>\n<p>Ovaj set uklju\u010duje\u00a0<strong>\u010detkicu<\/strong>\u00a0i\u00a0<strong>pastu<\/strong>, te dolazi u prakti\u010dnom pakovanju od\u00a0<strong>150 komada<\/strong>. Posebno je pogodan za kori\u0161tenje u ugostiteljskim objektima koji \u017eele ponuditi odr\u017eivu opciju svojim gostima. Napravljen od materijala koji se lako reciklira, ovaj set doprinosi smanjenju otpada. Kombinacija kvaliteta i ekolo\u0161ke anga\u017eiranosti \u010dini ovaj proizvod odli\u010dnim dodatkom svakom hotelskom asortimanu.<\/p>\n<ul>\n<li>Pogodan za kori\u0161tenje u hotelima i apartmanima<\/li>\n<li>Biorazgradivo pakovanje i sadr\u017eaj<\/li>\n<li><strong>Sadr\u017eaj seta:<\/strong>\u00a0\u010detkica &#8211; pasta<\/li>\n<li><strong>Pakovanje:<\/strong>\u00a0150\/1<\/li>\n<\/ul>\n","protected":false},"excerpt":{"rendered":"<p>Set za oralnu higijenu N-RECYCLED je ekolo\u0161ki prihvatljiv proizvod dizajniran za hotele i apartmane. Njegovo\u00a0biorazgradivo pakovanje\u00a0i sadr\u017eaj \u010dine ga idealnim izborom za one koji pridaju pa\u017enju o\u010duvanju okoli\u0161a. Ovaj set uklju\u010duje\u00a0\u010detkicu\u00a0i\u00a0pastu, te dolazi u prakti\u010dnom pakovanju od\u00a0150 komada. Posebno je pogodan za kori\u0161tenje u ugostiteljskim objektima koji \u017eele ponuditi odr\u017eivu opciju svojim gostima. Napravljen od [&hellip;]<\/p>\n","protected":false},"featured_media":8990,"template":"","meta":{"_acf_changed":false},"product_brand":[],"product_cat":[107],"product_tag":[],"class_list":{"0":"post-8989","1":"product","2":"type-product","3":"status-publish","4":"has-post-thumbnail","6":"product_cat-eco-kozmetika-i-higijena","8":"first","9":"instock","10":"shipping-taxable","11":"product-type-simple"},"acf":[],"_links":{"self":[{"href":"https:\/\/hotelassortment.com\/sl\/wp-json\/wp\/v2\/product\/8989","targetHints":{"allow":["GET"]}}],"collection":[{"href":"https:\/\/hotelassortment.com\/sl\/wp-json\/wp\/v2\/product"}],"about":[{"href":"https:\/\/hotelassortment.com\/sl\/wp-json\/wp\/v2\/types\/product"}],"wp:featuredmedia":[{"embeddable":true,"href":"https:\/\/hotelassortment.com\/sl\/wp-json\/wp\/v2\/media\/8990"}],"wp:attachment":[{"href":"https:\/\/hotelassortment.com\/sl\/wp-json\/wp\/v2\/media?parent=8989"}],"wp:term":[{"taxonomy":"product_brand","embeddable":true,"href":"https:\/\/hotelassortment.com\/sl\/wp-json\/wp\/v2\/product_brand?post=8989"},{"taxonomy":"product_cat","embeddable":true,"href":"https:\/\/hotelassortment.com\/sl\/wp-json\/wp\/v2\/product_cat?post=8989"},{"taxonomy":"product_tag","embeddable":true,"href":"https:\/\/hotelassortment.com\/sl\/wp-json\/wp\/v2\/product_tag?post=8989"}],"curies":[{"name":"wp","href":"https:\/\/api.w.org\/{rel}","templated":true}]}}