{"id":8987,"date":"2026-04-22T22:11:32","date_gmt":"2026-04-22T22:11:32","guid":{"rendered":"https:\/\/hotelskaoprema.ba\/?post_type=product&#038;p=8987"},"modified":"2026-04-22T22:11:55","modified_gmt":"2026-04-22T22:11:55","slug":"regenerator-za-kosu-n-recycled-40ml-300-1","status":"publish","type":"product","link":"https:\/\/hotelassortment.com\/sl\/artikli\/regenerator-za-kosu-n-recycled-40ml-300-1","title":{"rendered":"Regenerator za kosu N-RECYCLED 40ml &#8211; 300\/1"},"content":{"rendered":"<p><strong>Regenerator za kosu N-RECYCLED 40ml<\/strong>\u00a0savr\u0161en je dodatak svakom hotelskom i apartmanskom okru\u017eenju, dizajniran da garantuje njegu kose uz minimalan utjecaj na okolinu. Dolazi u prakti\u010dnom pakovanju od 40ml, izra\u0111enom od reciklirane plastike, \u0161to ga \u010dini ekolo\u0161ki prihvatljivim.<\/p>\n<p>Ovaj regenerator pru\u017ea efektivnu hidrataciju i njegu za sve tipove kose. Njegova formulacija je pa\u017eljivo osmi\u0161ljena da omek\u0161a kosu i olak\u0161a ra\u0161\u010de\u0161ljavanje, ostavljaju\u0107i je svje\u017eom i sjajnom. Zahvaljuju\u0107i prakti\u010dnom pakiranju od\u00a0<strong>300\/1<\/strong>, lako se skladi\u0161ti i jednostavno koristi. Svojim ekolo\u0161kim dizajnom i odr\u017eivim materijalima, ovaj proizvod zadovoljava visoke standarde ekolo\u0161ke odgovornosti, \u0161to ga \u010dini idealnim izborom za objekte koji \u017eele smanjiti svoj ekolo\u0161ki otisak.<\/p>\n<ul>\n<li>Pogodan za kori\u0161tenje u hotelima i apartmanima<\/li>\n<li>Pakovanje od reciklirane plastike<\/li>\n<li><strong>Zapremina:<\/strong>\u00a040ml<\/li>\n<li><strong>Pakovanje:<\/strong>\u00a0300\/1<\/li>\n<\/ul>\n","protected":false},"excerpt":{"rendered":"<p>Regenerator za kosu N-RECYCLED 40ml\u00a0savr\u0161en je dodatak svakom hotelskom i apartmanskom okru\u017eenju, dizajniran da garantuje njegu kose uz minimalan utjecaj na okolinu. Dolazi u prakti\u010dnom pakovanju od 40ml, izra\u0111enom od reciklirane plastike, \u0161to ga \u010dini ekolo\u0161ki prihvatljivim. Ovaj regenerator pru\u017ea efektivnu hidrataciju i njegu za sve tipove kose. Njegova formulacija je pa\u017eljivo osmi\u0161ljena da omek\u0161a [&hellip;]<\/p>\n","protected":false},"featured_media":8988,"template":"","meta":{"_acf_changed":false},"product_brand":[],"product_cat":[107],"product_tag":[],"class_list":{"0":"post-8987","1":"product","2":"type-product","3":"status-publish","4":"has-post-thumbnail","6":"product_cat-eco-kozmetika-i-higijena","8":"first","9":"instock","10":"shipping-taxable","11":"product-type-simple"},"acf":[],"_links":{"self":[{"href":"https:\/\/hotelassortment.com\/sl\/wp-json\/wp\/v2\/product\/8987","targetHints":{"allow":["GET"]}}],"collection":[{"href":"https:\/\/hotelassortment.com\/sl\/wp-json\/wp\/v2\/product"}],"about":[{"href":"https:\/\/hotelassortment.com\/sl\/wp-json\/wp\/v2\/types\/product"}],"wp:featuredmedia":[{"embeddable":true,"href":"https:\/\/hotelassortment.com\/sl\/wp-json\/wp\/v2\/media\/8988"}],"wp:attachment":[{"href":"https:\/\/hotelassortment.com\/sl\/wp-json\/wp\/v2\/media?parent=8987"}],"wp:term":[{"taxonomy":"product_brand","embeddable":true,"href":"https:\/\/hotelassortment.com\/sl\/wp-json\/wp\/v2\/product_brand?post=8987"},{"taxonomy":"product_cat","embeddable":true,"href":"https:\/\/hotelassortment.com\/sl\/wp-json\/wp\/v2\/product_cat?post=8987"},{"taxonomy":"product_tag","embeddable":true,"href":"https:\/\/hotelassortment.com\/sl\/wp-json\/wp\/v2\/product_tag?post=8987"}],"curies":[{"name":"wp","href":"https:\/\/api.w.org\/{rel}","templated":true}]}}