{"id":8985,"date":"2026-04-22T22:06:35","date_gmt":"2026-04-22T22:06:35","guid":{"rendered":"https:\/\/hotelskaoprema.ba\/?post_type=product&#038;p=8985"},"modified":"2026-04-22T22:09:47","modified_gmt":"2026-04-22T22:09:47","slug":"losion-za-tijelo-n-recycled-40ml-300-1","status":"publish","type":"product","link":"https:\/\/hotelassortment.com\/sl\/artikli\/losion-za-tijelo-n-recycled-40ml-300-1","title":{"rendered":"Losion za tijelo N-RECYCLED 40ml &#8211; 300\/1"},"content":{"rendered":"<p>Otkrijte savr\u0161en na\u010din za njegu ko\u017ee uz na\u0161\u00a0<strong>Losion za tijelo N-RECYCLED<\/strong>. Dizajniran posebno za hotele i apartmane, ovaj proizvod pru\u017ea optimalnu hidrataciju i svje\u017einu.<\/p>\n<p>Losion dolazi u prakti\u010dnom pakovanju od\u00a0<strong>40ml<\/strong>, idealnom za jednokratnu upotrebu. Izra\u0111en je od pa\u017eljivo odabranih sastojaka, a pakovanje je napravljeno od\u00a0<strong>reciklirane plastike<\/strong>, \u010dime doprinosi za\u0161titi okoli\u0161a. U jednom pakovanju se nalazi\u00a0<strong>300 komada<\/strong>, \u0161to ga \u010dini pogodnim za masovnu upotrebu u ugostiteljskoj industriji. Njegova primjena je jednostavna i brza, ostavljaju\u0107i dugotrajan osje\u0107aj svje\u017eine na ko\u017ei.<\/p>\n<ul>\n<li>Pogodan za kori\u0161tenje u hotelima i apartmanima<\/li>\n<li>Pakovanje od reciklirane plastike<\/li>\n<li><strong>Zapremina:<\/strong>\u00a040ml<\/li>\n<li><strong>Pakovanje:<\/strong>\u00a0300\/1<\/li>\n<\/ul>\n","protected":false},"excerpt":{"rendered":"<p>Otkrijte savr\u0161en na\u010din za njegu ko\u017ee uz na\u0161\u00a0Losion za tijelo N-RECYCLED. Dizajniran posebno za hotele i apartmane, ovaj proizvod pru\u017ea optimalnu hidrataciju i svje\u017einu. Losion dolazi u prakti\u010dnom pakovanju od\u00a040ml, idealnom za jednokratnu upotrebu. Izra\u0111en je od pa\u017eljivo odabranih sastojaka, a pakovanje je napravljeno od\u00a0reciklirane plastike, \u010dime doprinosi za\u0161titi okoli\u0161a. U jednom pakovanju se nalazi\u00a0300 [&hellip;]<\/p>\n","protected":false},"featured_media":8986,"template":"","meta":{"_acf_changed":false},"product_brand":[],"product_cat":[107],"product_tag":[],"class_list":{"0":"post-8985","1":"product","2":"type-product","3":"status-publish","4":"has-post-thumbnail","6":"product_cat-eco-kozmetika-i-higijena","8":"first","9":"instock","10":"shipping-taxable","11":"product-type-simple"},"acf":[],"_links":{"self":[{"href":"https:\/\/hotelassortment.com\/sl\/wp-json\/wp\/v2\/product\/8985","targetHints":{"allow":["GET"]}}],"collection":[{"href":"https:\/\/hotelassortment.com\/sl\/wp-json\/wp\/v2\/product"}],"about":[{"href":"https:\/\/hotelassortment.com\/sl\/wp-json\/wp\/v2\/types\/product"}],"wp:featuredmedia":[{"embeddable":true,"href":"https:\/\/hotelassortment.com\/sl\/wp-json\/wp\/v2\/media\/8986"}],"wp:attachment":[{"href":"https:\/\/hotelassortment.com\/sl\/wp-json\/wp\/v2\/media?parent=8985"}],"wp:term":[{"taxonomy":"product_brand","embeddable":true,"href":"https:\/\/hotelassortment.com\/sl\/wp-json\/wp\/v2\/product_brand?post=8985"},{"taxonomy":"product_cat","embeddable":true,"href":"https:\/\/hotelassortment.com\/sl\/wp-json\/wp\/v2\/product_cat?post=8985"},{"taxonomy":"product_tag","embeddable":true,"href":"https:\/\/hotelassortment.com\/sl\/wp-json\/wp\/v2\/product_tag?post=8985"}],"curies":[{"name":"wp","href":"https:\/\/api.w.org\/{rel}","templated":true}]}}