{"id":8983,"date":"2026-04-22T22:04:11","date_gmt":"2026-04-22T22:04:11","guid":{"rendered":"https:\/\/hotelskaoprema.ba\/?post_type=product&#038;p=8983"},"modified":"2026-04-22T22:04:32","modified_gmt":"2026-04-22T22:04:32","slug":"gel-za-tusiranje-n-recycled-40ml-300-1","status":"publish","type":"product","link":"https:\/\/hotelassortment.com\/sl\/artikli\/gel-za-tusiranje-n-recycled-40ml-300-1","title":{"rendered":"Gel za tu\u0161iranje N-RECYCLED 40ml &#8211; 300\/1"},"content":{"rendered":"<p><strong>Gel za tu\u0161iranje N-RECYCLED 40ml<\/strong>\u00a0savr\u0161en je izbor za ekolo\u0161ki osvije\u0161tene hotele i apartmane. Ovaj proizvod dolazi u prakti\u010dnom pakovanju od\u00a0<strong>reciklirane plastike<\/strong>, koje sadr\u017ei 300 komada u jednom pakovanju.<\/p>\n<p>Sa zapreminom od\u00a0<strong>40ml<\/strong>, idealan je za jednokratnu upotrebu, osiguravaju\u0107i svje\u017einu i kvalitet svakom gostu. Njegova formula je nje\u017ena za ko\u017eu, \u0161to ga \u010dini pogodnim za sve tipove ko\u017ee. Jednostavan za postavljanje i kori\u0161tenje, ovaj gel poma\u017ee u promovisanju odr\u017eivog poslovanja kroz upotrebu\u00a0<strong>ECO kozmetike i higijene<\/strong>.<\/p>\n<ul>\n<li>Pogodan za kori\u0161tenje u hotelima i apartmanima<\/li>\n<li>Pakovanje od reciklirane plastike<\/li>\n<li><strong>Zapremina:<\/strong>\u00a040ml<\/li>\n<li><strong>Pakovanje:<\/strong>\u00a0300\/1<\/li>\n<\/ul>\n","protected":false},"excerpt":{"rendered":"<p>Gel za tu\u0161iranje N-RECYCLED 40ml\u00a0savr\u0161en je izbor za ekolo\u0161ki osvije\u0161tene hotele i apartmane. Ovaj proizvod dolazi u prakti\u010dnom pakovanju od\u00a0reciklirane plastike, koje sadr\u017ei 300 komada u jednom pakovanju. Sa zapreminom od\u00a040ml, idealan je za jednokratnu upotrebu, osiguravaju\u0107i svje\u017einu i kvalitet svakom gostu. Njegova formula je nje\u017ena za ko\u017eu, \u0161to ga \u010dini pogodnim za sve tipove [&hellip;]<\/p>\n","protected":false},"featured_media":8984,"template":"","meta":{"_acf_changed":false},"product_brand":[],"product_cat":[107],"product_tag":[],"class_list":{"0":"post-8983","1":"product","2":"type-product","3":"status-publish","4":"has-post-thumbnail","6":"product_cat-eco-kozmetika-i-higijena","8":"first","9":"instock","10":"shipping-taxable","11":"product-type-simple"},"acf":[],"_links":{"self":[{"href":"https:\/\/hotelassortment.com\/sl\/wp-json\/wp\/v2\/product\/8983","targetHints":{"allow":["GET"]}}],"collection":[{"href":"https:\/\/hotelassortment.com\/sl\/wp-json\/wp\/v2\/product"}],"about":[{"href":"https:\/\/hotelassortment.com\/sl\/wp-json\/wp\/v2\/types\/product"}],"wp:featuredmedia":[{"embeddable":true,"href":"https:\/\/hotelassortment.com\/sl\/wp-json\/wp\/v2\/media\/8984"}],"wp:attachment":[{"href":"https:\/\/hotelassortment.com\/sl\/wp-json\/wp\/v2\/media?parent=8983"}],"wp:term":[{"taxonomy":"product_brand","embeddable":true,"href":"https:\/\/hotelassortment.com\/sl\/wp-json\/wp\/v2\/product_brand?post=8983"},{"taxonomy":"product_cat","embeddable":true,"href":"https:\/\/hotelassortment.com\/sl\/wp-json\/wp\/v2\/product_cat?post=8983"},{"taxonomy":"product_tag","embeddable":true,"href":"https:\/\/hotelassortment.com\/sl\/wp-json\/wp\/v2\/product_tag?post=8983"}],"curies":[{"name":"wp","href":"https:\/\/api.w.org\/{rel}","templated":true}]}}