{"id":8981,"date":"2026-04-22T22:02:12","date_gmt":"2026-04-22T22:02:12","guid":{"rendered":"https:\/\/hotelskaoprema.ba\/?post_type=product&#038;p=8981"},"modified":"2026-04-22T22:02:33","modified_gmt":"2026-04-22T22:02:33","slug":"sampon-n-recycled-40ml-300-1","status":"publish","type":"product","link":"https:\/\/hotelassortment.com\/sl\/artikli\/sampon-n-recycled-40ml-300-1","title":{"rendered":"\u0160ampon N-RECYCLED 40ml &#8211; 300\/1"},"content":{"rendered":"<p><strong>\u0160ampon N-RECYCLED 40ml<\/strong>\u00a0je ekolo\u0161ki osvije\u0161ten proizvod dizajniran za potrebe hotelske i apartmanske higijene. Njegovo pakovanje je izra\u0111eno od reciklirane plastike, \u010dime doprinosi o\u010duvanju okoli\u0161a.<\/p>\n<p>Sa zapreminom od 40ml, ovaj \u0161ampon je idealan za jednokratnu upotrebu, pru\u017eaju\u0107i gostima osje\u0107aj svje\u017eine i \u010disto\u0107e. Njegov univerzalni sastav \u010dini ga pogodnim za sve tipove kose, osiguravaju\u0107i nje\u017eno \u010di\u0161\u0107enje i njegu. Pakovanje sadr\u017ei 300 jedinica, \u0161to ga \u010dini ekonomi\u010dnim izborom za ve\u0107e objekte. Prirodni sastojci i nje\u017ena formula osiguravaju svakodnevnu upotrebu bez iritacija.<\/p>\n<ul>\n<li>Pogodan za kori\u0161tenje u hotelima i apartmanima<\/li>\n<li>Pakovanje od reciklirane plastike<\/li>\n<li><strong>Zapremina:<\/strong>\u00a040ml<\/li>\n<li><strong>Pakovanje:<\/strong>\u00a0300\/1<\/li>\n<\/ul>\n","protected":false},"excerpt":{"rendered":"<p>\u0160ampon N-RECYCLED 40ml\u00a0je ekolo\u0161ki osvije\u0161ten proizvod dizajniran za potrebe hotelske i apartmanske higijene. Njegovo pakovanje je izra\u0111eno od reciklirane plastike, \u010dime doprinosi o\u010duvanju okoli\u0161a. Sa zapreminom od 40ml, ovaj \u0161ampon je idealan za jednokratnu upotrebu, pru\u017eaju\u0107i gostima osje\u0107aj svje\u017eine i \u010disto\u0107e. Njegov univerzalni sastav \u010dini ga pogodnim za sve tipove kose, osiguravaju\u0107i nje\u017eno \u010di\u0161\u0107enje i [&hellip;]<\/p>\n","protected":false},"featured_media":8982,"template":"","meta":{"_acf_changed":false},"product_brand":[],"product_cat":[107],"product_tag":[],"class_list":{"0":"post-8981","1":"product","2":"type-product","3":"status-publish","4":"has-post-thumbnail","6":"product_cat-eco-kozmetika-i-higijena","8":"first","9":"instock","10":"shipping-taxable","11":"product-type-simple"},"acf":[],"_links":{"self":[{"href":"https:\/\/hotelassortment.com\/sl\/wp-json\/wp\/v2\/product\/8981","targetHints":{"allow":["GET"]}}],"collection":[{"href":"https:\/\/hotelassortment.com\/sl\/wp-json\/wp\/v2\/product"}],"about":[{"href":"https:\/\/hotelassortment.com\/sl\/wp-json\/wp\/v2\/types\/product"}],"wp:featuredmedia":[{"embeddable":true,"href":"https:\/\/hotelassortment.com\/sl\/wp-json\/wp\/v2\/media\/8982"}],"wp:attachment":[{"href":"https:\/\/hotelassortment.com\/sl\/wp-json\/wp\/v2\/media?parent=8981"}],"wp:term":[{"taxonomy":"product_brand","embeddable":true,"href":"https:\/\/hotelassortment.com\/sl\/wp-json\/wp\/v2\/product_brand?post=8981"},{"taxonomy":"product_cat","embeddable":true,"href":"https:\/\/hotelassortment.com\/sl\/wp-json\/wp\/v2\/product_cat?post=8981"},{"taxonomy":"product_tag","embeddable":true,"href":"https:\/\/hotelassortment.com\/sl\/wp-json\/wp\/v2\/product_tag?post=8981"}],"curies":[{"name":"wp","href":"https:\/\/api.w.org\/{rel}","templated":true}]}}