{"id":8978,"date":"2026-04-22T21:57:09","date_gmt":"2026-04-22T21:57:09","guid":{"rendered":"https:\/\/hotelskaoprema.ba\/?post_type=product&#038;p=8978"},"modified":"2026-04-22T21:57:30","modified_gmt":"2026-04-22T21:57:30","slug":"sapun-n-recycled-15g-400-1","status":"publish","type":"product","link":"https:\/\/hotelassortment.com\/sl\/artikli\/sapun-n-recycled-15g-400-1","title":{"rendered":"Sapun N-RECYCLED 15g &#8211; 400\/1"},"content":{"rendered":"<p><strong>Sapun N-RECYCLED 15g<\/strong>\u00a0je idealan izbor za hotele i apartmane koji te\u017ee ekolo\u0161koj osvije\u0161tenosti. Ovaj sapun ima biorazgradivo pakovanje, \u0161to doprinosi smanjenju otpada.<\/p>\n<p>Sa grama\u017eom od 15g,\u00a0<strong>kompaktni sapun<\/strong>\u00a0pru\u017ea dovoljno sapuna za kratke boravke, dok\u00a0<strong>pakovanje od 400 jedinica<\/strong>\u00a0osigurava da \u0107ete uvijek imati dovoljno zaliha. Savr\u0161en je za putnike koji cijene\u00a0<strong>ekolo\u0161ku kozmetiku<\/strong>, a lako se uklapa u svaki hotelski i apartmanski ambijent.\u00a0<strong>Biorazgradivo pakovanje<\/strong>\u00a0potvr\u0111uje posve\u0107enost odr\u017eivosti, \u0161to ga \u010dini po\u017eeljnim u modernim ugostiteljskim objektima.<\/p>\n<ul>\n<li>Pogodan za kori\u0161tenje u hotelima i apartmanima<\/li>\n<li>Biorazgradivo pakovanje<\/li>\n<li><strong>Grama\u017ea:<\/strong>\u00a015g<\/li>\n<li><strong>Pakovanje:<\/strong>\u00a0400\/1<\/li>\n<\/ul>\n","protected":false},"excerpt":{"rendered":"<p>Sapun N-RECYCLED 15g\u00a0je idealan izbor za hotele i apartmane koji te\u017ee ekolo\u0161koj osvije\u0161tenosti. Ovaj sapun ima biorazgradivo pakovanje, \u0161to doprinosi smanjenju otpada. Sa grama\u017eom od 15g,\u00a0kompaktni sapun\u00a0pru\u017ea dovoljno sapuna za kratke boravke, dok\u00a0pakovanje od 400 jedinica\u00a0osigurava da \u0107ete uvijek imati dovoljno zaliha. Savr\u0161en je za putnike koji cijene\u00a0ekolo\u0161ku kozmetiku, a lako se uklapa u svaki [&hellip;]<\/p>\n","protected":false},"featured_media":8979,"template":"","meta":{"_acf_changed":false},"product_brand":[],"product_cat":[107],"product_tag":[],"class_list":{"0":"post-8978","1":"product","2":"type-product","3":"status-publish","4":"has-post-thumbnail","6":"product_cat-eco-kozmetika-i-higijena","8":"first","9":"instock","10":"shipping-taxable","11":"product-type-simple"},"acf":[],"_links":{"self":[{"href":"https:\/\/hotelassortment.com\/sl\/wp-json\/wp\/v2\/product\/8978","targetHints":{"allow":["GET"]}}],"collection":[{"href":"https:\/\/hotelassortment.com\/sl\/wp-json\/wp\/v2\/product"}],"about":[{"href":"https:\/\/hotelassortment.com\/sl\/wp-json\/wp\/v2\/types\/product"}],"wp:featuredmedia":[{"embeddable":true,"href":"https:\/\/hotelassortment.com\/sl\/wp-json\/wp\/v2\/media\/8979"}],"wp:attachment":[{"href":"https:\/\/hotelassortment.com\/sl\/wp-json\/wp\/v2\/media?parent=8978"}],"wp:term":[{"taxonomy":"product_brand","embeddable":true,"href":"https:\/\/hotelassortment.com\/sl\/wp-json\/wp\/v2\/product_brand?post=8978"},{"taxonomy":"product_cat","embeddable":true,"href":"https:\/\/hotelassortment.com\/sl\/wp-json\/wp\/v2\/product_cat?post=8978"},{"taxonomy":"product_tag","embeddable":true,"href":"https:\/\/hotelassortment.com\/sl\/wp-json\/wp\/v2\/product_tag?post=8978"}],"curies":[{"name":"wp","href":"https:\/\/api.w.org\/{rel}","templated":true}]}}