{"id":8958,"date":"2026-04-22T20:16:58","date_gmt":"2026-04-22T20:16:58","guid":{"rendered":"https:\/\/hotelskaoprema.ba\/?post_type=product&#038;p=8958"},"modified":"2026-04-22T20:17:21","modified_gmt":"2026-04-22T20:17:21","slug":"regenerator-za-kosu-za-skriveni-dispanzer-aloe-vera-440ml","status":"publish","type":"product","link":"https:\/\/hotelassortment.com\/sl\/artikli\/regenerator-za-kosu-za-skriveni-dispanzer-aloe-vera-440ml","title":{"rendered":"Regenerator za kosu za skriveni dispanzer ALOE VERA 440ml"},"content":{"rendered":"<p>Otkrivajte besprijekornu njegu kose uz na\u0161\u00a0<strong>Regenerator za kosu za skriveni dispanzer ALOE VERA<\/strong>. Idealan za hotelske kupaonice, ovaj proizvod spaja prakti\u010dnost i luksuz.<\/p>\n<p>Dostupan u zapremini od\u00a0<strong>440ml<\/strong>, ovaj regenerator sa\u00a0<strong>aloe verom<\/strong>\u00a0hrani va\u0161u kosu, ostavljaju\u0107i je svilenkastom i sjajnom. Dizajniran za upotrebu u\u00a0<strong>skrivenim dispanzerima<\/strong>, donosi funkcionalnost i estetsku vrijednost. Zahvaljuju\u0107i jedinstvenoj formuli, regenerator obnavlja o\u0161te\u0107enu strukturu kose i pove\u0107ava njenu otpornost na vanjske faktore. Idealno odgovara svim tipovima kose i lako se ispire, ostavljaju\u0107i osvje\u017eavaju\u0107i miris koji traje.<\/p>\n<ul>\n<li><strong>Zapremina:<\/strong>\u00a0440ml<\/li>\n<\/ul>\n","protected":false},"excerpt":{"rendered":"<p>Otkrivajte besprijekornu njegu kose uz na\u0161\u00a0Regenerator za kosu za skriveni dispanzer ALOE VERA. Idealan za hotelske kupaonice, ovaj proizvod spaja prakti\u010dnost i luksuz. Dostupan u zapremini od\u00a0440ml, ovaj regenerator sa\u00a0aloe verom\u00a0hrani va\u0161u kosu, ostavljaju\u0107i je svilenkastom i sjajnom. Dizajniran za upotrebu u\u00a0skrivenim dispanzerima, donosi funkcionalnost i estetsku vrijednost. Zahvaljuju\u0107i jedinstvenoj formuli, regenerator obnavlja o\u0161te\u0107enu strukturu [&hellip;]<\/p>\n","protected":false},"featured_media":8959,"template":"","meta":{"_acf_changed":false},"product_brand":[],"product_cat":[97],"product_tag":[],"class_list":{"0":"post-8958","1":"product","2":"type-product","3":"status-publish","4":"has-post-thumbnail","6":"product_cat-refill-i-cartridge-pakovanja","8":"first","9":"instock","10":"shipping-taxable","11":"product-type-simple"},"acf":[],"_links":{"self":[{"href":"https:\/\/hotelassortment.com\/sl\/wp-json\/wp\/v2\/product\/8958","targetHints":{"allow":["GET"]}}],"collection":[{"href":"https:\/\/hotelassortment.com\/sl\/wp-json\/wp\/v2\/product"}],"about":[{"href":"https:\/\/hotelassortment.com\/sl\/wp-json\/wp\/v2\/types\/product"}],"wp:featuredmedia":[{"embeddable":true,"href":"https:\/\/hotelassortment.com\/sl\/wp-json\/wp\/v2\/media\/8959"}],"wp:attachment":[{"href":"https:\/\/hotelassortment.com\/sl\/wp-json\/wp\/v2\/media?parent=8958"}],"wp:term":[{"taxonomy":"product_brand","embeddable":true,"href":"https:\/\/hotelassortment.com\/sl\/wp-json\/wp\/v2\/product_brand?post=8958"},{"taxonomy":"product_cat","embeddable":true,"href":"https:\/\/hotelassortment.com\/sl\/wp-json\/wp\/v2\/product_cat?post=8958"},{"taxonomy":"product_tag","embeddable":true,"href":"https:\/\/hotelassortment.com\/sl\/wp-json\/wp\/v2\/product_tag?post=8958"}],"curies":[{"name":"wp","href":"https:\/\/api.w.org\/{rel}","templated":true}]}}