{"id":8955,"date":"2026-04-22T20:14:16","date_gmt":"2026-04-22T20:14:16","guid":{"rendered":"https:\/\/hotelskaoprema.ba\/?post_type=product&#038;p=8955"},"modified":"2026-04-22T20:14:38","modified_gmt":"2026-04-22T20:14:38","slug":"losion-za-tijelo-za-skriveni-dispanzer-aloe-vera-440ml","status":"publish","type":"product","link":"https:\/\/hotelassortment.com\/sl\/artikli\/losion-za-tijelo-za-skriveni-dispanzer-aloe-vera-440ml","title":{"rendered":"Losion za tijelo za skriveni dispanzer ALOE VERA 440ml"},"content":{"rendered":"<p>Otvorite vrata luksuza i njege s na\u0161im\u00a0<strong>losionom za tijelo ALOE VERA<\/strong>. Savr\u0161eno dizajniran za hotelske kupatilske prostore, ovaj losion dolazi u skrivenom dispanzeru za jednostavnu i higijensku upotrebu.<\/p>\n<p>S kapacitetom od\u00a0<strong>440ml<\/strong>, na\u0161 losion oboga\u0107en je prirodnim ekstraktom aloe vere, poznatim po svojim hidratantnim i umiruju\u0107im efektima na ko\u017eu. Idealan je za svakodnevnu upotrebu, pru\u017eaju\u0107i va\u0161im gostima osje\u0107aj svje\u017eine i meko\u0107e. Ovaj proizvod je\u00a0<strong>dermatolo\u0161ki testiran<\/strong>\u00a0i pogodan je za sve tipove ko\u017ee. Jedinstvena formula brzo se upija, ne ostavljaju\u0107i masne tragove, \u010dime osigurava dugotrajnu hidrataciju.<\/p>\n<ul>\n<li><strong>Zapremina:<\/strong>\u00a0440ml<\/li>\n<\/ul>\n","protected":false},"excerpt":{"rendered":"<p>Otvorite vrata luksuza i njege s na\u0161im\u00a0losionom za tijelo ALOE VERA. Savr\u0161eno dizajniran za hotelske kupatilske prostore, ovaj losion dolazi u skrivenom dispanzeru za jednostavnu i higijensku upotrebu. S kapacitetom od\u00a0440ml, na\u0161 losion oboga\u0107en je prirodnim ekstraktom aloe vere, poznatim po svojim hidratantnim i umiruju\u0107im efektima na ko\u017eu. Idealan je za svakodnevnu upotrebu, pru\u017eaju\u0107i va\u0161im [&hellip;]<\/p>\n","protected":false},"featured_media":8956,"template":"","meta":{"_acf_changed":false},"product_brand":[],"product_cat":[97],"product_tag":[],"class_list":{"0":"post-8955","1":"product","2":"type-product","3":"status-publish","4":"has-post-thumbnail","6":"product_cat-refill-i-cartridge-pakovanja","8":"first","9":"instock","10":"shipping-taxable","11":"product-type-simple"},"acf":[],"_links":{"self":[{"href":"https:\/\/hotelassortment.com\/sl\/wp-json\/wp\/v2\/product\/8955","targetHints":{"allow":["GET"]}}],"collection":[{"href":"https:\/\/hotelassortment.com\/sl\/wp-json\/wp\/v2\/product"}],"about":[{"href":"https:\/\/hotelassortment.com\/sl\/wp-json\/wp\/v2\/types\/product"}],"wp:featuredmedia":[{"embeddable":true,"href":"https:\/\/hotelassortment.com\/sl\/wp-json\/wp\/v2\/media\/8956"}],"wp:attachment":[{"href":"https:\/\/hotelassortment.com\/sl\/wp-json\/wp\/v2\/media?parent=8955"}],"wp:term":[{"taxonomy":"product_brand","embeddable":true,"href":"https:\/\/hotelassortment.com\/sl\/wp-json\/wp\/v2\/product_brand?post=8955"},{"taxonomy":"product_cat","embeddable":true,"href":"https:\/\/hotelassortment.com\/sl\/wp-json\/wp\/v2\/product_cat?post=8955"},{"taxonomy":"product_tag","embeddable":true,"href":"https:\/\/hotelassortment.com\/sl\/wp-json\/wp\/v2\/product_tag?post=8955"}],"curies":[{"name":"wp","href":"https:\/\/api.w.org\/{rel}","templated":true}]}}