{"id":8952,"date":"2026-04-22T20:11:09","date_gmt":"2026-04-22T20:11:09","guid":{"rendered":"https:\/\/hotelskaoprema.ba\/?post_type=product&#038;p=8952"},"modified":"2026-04-22T20:11:32","modified_gmt":"2026-04-22T20:11:32","slug":"gel-za-tusiranje-za-skriveni-dispanzer-aloe-vera-440ml","status":"publish","type":"product","link":"https:\/\/hotelassortment.com\/sl\/artikli\/gel-za-tusiranje-za-skriveni-dispanzer-aloe-vera-440ml","title":{"rendered":"Gel za tu\u0161iranje za skriveni dispanzer ALOE VERA 440ml"},"content":{"rendered":"<p>Otkrijte osvje\u017eavaju\u0107i osje\u0107aj s na\u0161im\u00a0<strong>gelom za tu\u0161iranje Aloe Vera<\/strong>, dizajniranim za diskretne dispensere. Ovaj proizvod pru\u017ea blagi osje\u0107aj \u010disto\u0107e i njege ko\u017ee.<\/p>\n<p>Sa zapreminom od\u00a0<strong>440ml<\/strong>, gel je idealan za hotelski asortiman, pru\u017eaju\u0107i gostima luksuzan do\u017eivljaj tu\u0161iranja. Bogata formula oboga\u0107ena je ekstraktom\u00a0<strong>Aloe Vera<\/strong>, koji umiruje i hidratizira ko\u017eu. Gel je kompatibilan s ve\u0107inom skrivenih dispenserskih sistema, \u010dine\u0107i ga pogodnim za upotrebu u razli\u010ditim hotelskim postavkama. Izuzetno blaga formulacija osigurava dugotrajan osje\u0107aj svje\u017eine, \u010dine\u0107i ga savr\u0161enim izborom za daily use.<\/p>\n<ul>\n<li><strong>Zapremina:<\/strong>\u00a0440ml<\/li>\n<\/ul>\n","protected":false},"excerpt":{"rendered":"<p>Otkrijte osvje\u017eavaju\u0107i osje\u0107aj s na\u0161im\u00a0gelom za tu\u0161iranje Aloe Vera, dizajniranim za diskretne dispensere. Ovaj proizvod pru\u017ea blagi osje\u0107aj \u010disto\u0107e i njege ko\u017ee. Sa zapreminom od\u00a0440ml, gel je idealan za hotelski asortiman, pru\u017eaju\u0107i gostima luksuzan do\u017eivljaj tu\u0161iranja. Bogata formula oboga\u0107ena je ekstraktom\u00a0Aloe Vera, koji umiruje i hidratizira ko\u017eu. Gel je kompatibilan s ve\u0107inom skrivenih dispenserskih sistema, [&hellip;]<\/p>\n","protected":false},"featured_media":8953,"template":"","meta":{"_acf_changed":false},"product_brand":[],"product_cat":[97],"product_tag":[],"class_list":{"0":"post-8952","1":"product","2":"type-product","3":"status-publish","4":"has-post-thumbnail","6":"product_cat-refill-i-cartridge-pakovanja","8":"first","9":"instock","10":"shipping-taxable","11":"product-type-simple"},"acf":[],"_links":{"self":[{"href":"https:\/\/hotelassortment.com\/sl\/wp-json\/wp\/v2\/product\/8952","targetHints":{"allow":["GET"]}}],"collection":[{"href":"https:\/\/hotelassortment.com\/sl\/wp-json\/wp\/v2\/product"}],"about":[{"href":"https:\/\/hotelassortment.com\/sl\/wp-json\/wp\/v2\/types\/product"}],"wp:featuredmedia":[{"embeddable":true,"href":"https:\/\/hotelassortment.com\/sl\/wp-json\/wp\/v2\/media\/8953"}],"wp:attachment":[{"href":"https:\/\/hotelassortment.com\/sl\/wp-json\/wp\/v2\/media?parent=8952"}],"wp:term":[{"taxonomy":"product_brand","embeddable":true,"href":"https:\/\/hotelassortment.com\/sl\/wp-json\/wp\/v2\/product_brand?post=8952"},{"taxonomy":"product_cat","embeddable":true,"href":"https:\/\/hotelassortment.com\/sl\/wp-json\/wp\/v2\/product_cat?post=8952"},{"taxonomy":"product_tag","embeddable":true,"href":"https:\/\/hotelassortment.com\/sl\/wp-json\/wp\/v2\/product_tag?post=8952"}],"curies":[{"name":"wp","href":"https:\/\/api.w.org\/{rel}","templated":true}]}}