{"id":8948,"date":"2026-04-22T20:06:47","date_gmt":"2026-04-22T20:06:47","guid":{"rendered":"https:\/\/hotelskaoprema.ba\/?post_type=product&#038;p=8948"},"modified":"2026-04-22T20:07:11","modified_gmt":"2026-04-22T20:07:11","slug":"sampon-za-skriveni-dispanzer-aloe-vera-440ml","status":"publish","type":"product","link":"https:\/\/hotelassortment.com\/sl\/artikli\/sampon-za-skriveni-dispanzer-aloe-vera-440ml","title":{"rendered":"\u0160ampon za skriveni dispanzer ALOE VERA 440ml"},"content":{"rendered":"<p>Uronite u svje\u017einu i prirodnu njegu s na\u0161im\u00a0<strong>\u0160amponom za skriveni dispanzer<\/strong>\u00a0Aloe Vera. Posebno formuliran za upotrebu u hotelskim okru\u017eenjima, ovaj \u0161ampon pru\u017ea luksuzno iskustvo svakom korisniku.<\/p>\n<p>Sa zapreminom od\u00a0<strong>440ml<\/strong>, idealan je za dugotrajnu upotrebu, dok njegova formula oboga\u0107ena aloe verom nje\u017eno \u010disti i hidratizira kosu. Kompatibilan sa ve\u0107inom skrivenih dispanzerskih sistema, osigurava lako\u0107u upotrebe i optimalnu higijenu. Dostupan u kategoriji\u00a0<strong>Hotelska kozmetika<\/strong>, savr\u0161en je za hotele koji \u017eele svojim gostima pru\u017eiti najbolje \u0161to priroda nudi. Njegova univerzalna primjena \u010dini ga savr\u0161enim izborom za sve tipove kose.<\/p>\n<ul>\n<li><strong>Zapremina:<\/strong>\u00a0440ml<\/li>\n<\/ul>\n","protected":false},"excerpt":{"rendered":"<p>Uronite u svje\u017einu i prirodnu njegu s na\u0161im\u00a0\u0160amponom za skriveni dispanzer\u00a0Aloe Vera. Posebno formuliran za upotrebu u hotelskim okru\u017eenjima, ovaj \u0161ampon pru\u017ea luksuzno iskustvo svakom korisniku. Sa zapreminom od\u00a0440ml, idealan je za dugotrajnu upotrebu, dok njegova formula oboga\u0107ena aloe verom nje\u017eno \u010disti i hidratizira kosu. Kompatibilan sa ve\u0107inom skrivenih dispanzerskih sistema, osigurava lako\u0107u upotrebe i [&hellip;]<\/p>\n","protected":false},"featured_media":8949,"template":"","meta":{"_acf_changed":false},"product_brand":[],"product_cat":[97],"product_tag":[],"class_list":{"0":"post-8948","1":"product","2":"type-product","3":"status-publish","4":"has-post-thumbnail","6":"product_cat-refill-i-cartridge-pakovanja","8":"first","9":"instock","10":"shipping-taxable","11":"product-type-simple"},"acf":[],"_links":{"self":[{"href":"https:\/\/hotelassortment.com\/sl\/wp-json\/wp\/v2\/product\/8948","targetHints":{"allow":["GET"]}}],"collection":[{"href":"https:\/\/hotelassortment.com\/sl\/wp-json\/wp\/v2\/product"}],"about":[{"href":"https:\/\/hotelassortment.com\/sl\/wp-json\/wp\/v2\/types\/product"}],"wp:featuredmedia":[{"embeddable":true,"href":"https:\/\/hotelassortment.com\/sl\/wp-json\/wp\/v2\/media\/8949"}],"wp:attachment":[{"href":"https:\/\/hotelassortment.com\/sl\/wp-json\/wp\/v2\/media?parent=8948"}],"wp:term":[{"taxonomy":"product_brand","embeddable":true,"href":"https:\/\/hotelassortment.com\/sl\/wp-json\/wp\/v2\/product_brand?post=8948"},{"taxonomy":"product_cat","embeddable":true,"href":"https:\/\/hotelassortment.com\/sl\/wp-json\/wp\/v2\/product_cat?post=8948"},{"taxonomy":"product_tag","embeddable":true,"href":"https:\/\/hotelassortment.com\/sl\/wp-json\/wp\/v2\/product_tag?post=8948"}],"curies":[{"name":"wp","href":"https:\/\/api.w.org\/{rel}","templated":true}]}}