{"id":8946,"date":"2026-04-22T20:03:33","date_gmt":"2026-04-22T20:03:33","guid":{"rendered":"https:\/\/hotelskaoprema.ba\/?post_type=product&#038;p=8946"},"modified":"2026-04-22T20:09:09","modified_gmt":"2026-04-22T20:09:09","slug":"sapun-za-skriveni-dispanzer-aloe-vera-440ml","status":"publish","type":"product","link":"https:\/\/hotelassortment.com\/sl\/artikli\/sapun-za-skriveni-dispanzer-aloe-vera-440ml","title":{"rendered":"Sapun za skriveni dispanzer ALOE VERA 440ml"},"content":{"rendered":"<p>Ovaj\u00a0<strong>sapun<\/strong>\u00a0s formulom oboga\u0107enom\u00a0<strong>aloja verom<\/strong>\u00a0nudi ugodno i osvje\u017eavaju\u0107e iskustvo pranja ruku. Idealan je za diskretne\u00a0<strong>skrivene dispensere<\/strong>, pru\u017eaju\u0107i neprimjetno dopunjavanje.<\/p>\n<p>Sa zapreminom od\u00a0<strong>440ml<\/strong>, ovaj sapun osigurava dugotrajnu upotrebu i smanjuje potrebu za \u010destim dolijevanjem. Formula je prilago\u0111ena svim tipovima ko\u017ee i pogodna za\u00a0<strong>svakodnevnu upotrebu<\/strong>\u00a0u hotelskim i poslovnim okru\u017eenjima. Njegov blagi sastav pru\u017ea hidrataciju, dok istovremeno efikasno \u010disti ruke. Kompatibilan sa ve\u0107inom komercijalnih dispanzera, omogu\u0107ava fleksibilnost u kori\u0161tenju.<\/p>\n<ul>\n<li><strong>Zapremina:<\/strong>\u00a0440ml<\/li>\n<\/ul>\n","protected":false},"excerpt":{"rendered":"<p>Ovaj\u00a0sapun\u00a0s formulom oboga\u0107enom\u00a0aloja verom\u00a0nudi ugodno i osvje\u017eavaju\u0107e iskustvo pranja ruku. Idealan je za diskretne\u00a0skrivene dispensere, pru\u017eaju\u0107i neprimjetno dopunjavanje. Sa zapreminom od\u00a0440ml, ovaj sapun osigurava dugotrajnu upotrebu i smanjuje potrebu za \u010destim dolijevanjem. Formula je prilago\u0111ena svim tipovima ko\u017ee i pogodna za\u00a0svakodnevnu upotrebu\u00a0u hotelskim i poslovnim okru\u017eenjima. Njegov blagi sastav pru\u017ea hidrataciju, dok istovremeno efikasno \u010disti [&hellip;]<\/p>\n","protected":false},"featured_media":8947,"template":"","meta":{"_acf_changed":false},"product_brand":[],"product_cat":[97],"product_tag":[],"class_list":{"0":"post-8946","1":"product","2":"type-product","3":"status-publish","4":"has-post-thumbnail","6":"product_cat-refill-i-cartridge-pakovanja","8":"first","9":"instock","10":"shipping-taxable","11":"product-type-simple"},"acf":[],"_links":{"self":[{"href":"https:\/\/hotelassortment.com\/sl\/wp-json\/wp\/v2\/product\/8946","targetHints":{"allow":["GET"]}}],"collection":[{"href":"https:\/\/hotelassortment.com\/sl\/wp-json\/wp\/v2\/product"}],"about":[{"href":"https:\/\/hotelassortment.com\/sl\/wp-json\/wp\/v2\/types\/product"}],"wp:featuredmedia":[{"embeddable":true,"href":"https:\/\/hotelassortment.com\/sl\/wp-json\/wp\/v2\/media\/8947"}],"wp:attachment":[{"href":"https:\/\/hotelassortment.com\/sl\/wp-json\/wp\/v2\/media?parent=8946"}],"wp:term":[{"taxonomy":"product_brand","embeddable":true,"href":"https:\/\/hotelassortment.com\/sl\/wp-json\/wp\/v2\/product_brand?post=8946"},{"taxonomy":"product_cat","embeddable":true,"href":"https:\/\/hotelassortment.com\/sl\/wp-json\/wp\/v2\/product_cat?post=8946"},{"taxonomy":"product_tag","embeddable":true,"href":"https:\/\/hotelassortment.com\/sl\/wp-json\/wp\/v2\/product_tag?post=8946"}],"curies":[{"name":"wp","href":"https:\/\/api.w.org\/{rel}","templated":true}]}}