{"id":89,"date":"2023-11-17T08:47:05","date_gmt":"2023-11-17T08:47:05","guid":{"rendered":"https:\/\/hotelskaoprema.ba\/?post_type=product&#038;p=89"},"modified":"2026-04-16T13:13:48","modified_gmt":"2026-04-16T13:13:48","slug":"papuce-od-vlakana-170-1","status":"publish","type":"product","link":"https:\/\/hotelassortment.com\/sl\/artikli\/papuce-od-vlakana-170-1","title":{"rendered":"Papu\u010de od vlakana &#8211; 170\/1"},"content":{"rendered":"<p>Ove\u00a0<strong>papu\u010de od vlakana<\/strong>\u00a0idealne su za hotele, SPA centre i kozmeti\u010dke salone. Izra\u0111ene su od kvalitetnih vlakana, pru\u017eaju\u0107i udobnost i prakti\u010dnost gostima.<\/p>\n<p>Dimenzije papu\u010da su 28,5 cm u du\u017eini i imaju \u0111on debljine od 5 mm, \u0161to ih \u010dini laganim i jednostavnim za no\u0161enje.\u00a0<strong>Grama\u017ea<\/strong>\u00a0materijala od 29g doprinosi osje\u0107aju lako\u0107e prilikom hodanja. Papu\u010de dolaze u bijeloj boji, a pakovanje sadr\u017ei 170 komada. Dodatna pogodnost je mogu\u0107nost\u00a0<strong>brendiranja<\/strong>, \u0161to ih \u010dini izvrsnim izborom za profesionalne usluge prilago\u0111ene potrebama klijenata.<\/p>\n<ul>\n<li>Pogodne za kori\u0161tenje u hotelima, SPA centrima i kozmeti\u010dkim salonima<\/li>\n<li>Mogu\u0107nost brendiranja<\/li>\n<li><strong>Materijal:<\/strong>\u00a0vlakna<\/li>\n<li><strong>Debljina \u0111ona:<\/strong>\u00a05mm<\/li>\n<li><strong>Du\u017eina:<\/strong>\u00a028,5cm<\/li>\n<li><strong>Grama\u017ea:<\/strong>\u00a029g<\/li>\n<li><strong>Boja:<\/strong>\u00a0bijela<\/li>\n<li><strong>Pakovanje:<\/strong>\u00a0170\/1<\/li>\n<li style=\"list-style-type: none\"><\/li>\n<\/ul>\n","protected":false},"excerpt":{"rendered":"<p>Ove\u00a0papu\u010de od vlakana\u00a0idealne su za hotele, SPA centre i kozmeti\u010dke salone. Izra\u0111ene su od kvalitetnih vlakana, pru\u017eaju\u0107i udobnost i prakti\u010dnost gostima. Dimenzije papu\u010da su 28,5 cm u du\u017eini i imaju \u0111on debljine od 5 mm, \u0161to ih \u010dini laganim i jednostavnim za no\u0161enje.\u00a0Grama\u017ea\u00a0materijala od 29g doprinosi osje\u0107aju lako\u0107e prilikom hodanja. Papu\u010de dolaze u bijeloj boji, [&hellip;]<\/p>\n","protected":false},"featured_media":90,"template":"","meta":{"_acf_changed":false},"product_brand":[],"product_cat":[18],"product_tag":[],"class_list":{"0":"post-89","1":"product","2":"type-product","3":"status-publish","4":"has-post-thumbnail","6":"product_cat-papuce","8":"first","9":"instock","10":"shipping-taxable","11":"product-type-simple"},"acf":[],"_links":{"self":[{"href":"https:\/\/hotelassortment.com\/sl\/wp-json\/wp\/v2\/product\/89","targetHints":{"allow":["GET"]}}],"collection":[{"href":"https:\/\/hotelassortment.com\/sl\/wp-json\/wp\/v2\/product"}],"about":[{"href":"https:\/\/hotelassortment.com\/sl\/wp-json\/wp\/v2\/types\/product"}],"wp:featuredmedia":[{"embeddable":true,"href":"https:\/\/hotelassortment.com\/sl\/wp-json\/wp\/v2\/media\/90"}],"wp:attachment":[{"href":"https:\/\/hotelassortment.com\/sl\/wp-json\/wp\/v2\/media?parent=89"}],"wp:term":[{"taxonomy":"product_brand","embeddable":true,"href":"https:\/\/hotelassortment.com\/sl\/wp-json\/wp\/v2\/product_brand?post=89"},{"taxonomy":"product_cat","embeddable":true,"href":"https:\/\/hotelassortment.com\/sl\/wp-json\/wp\/v2\/product_cat?post=89"},{"taxonomy":"product_tag","embeddable":true,"href":"https:\/\/hotelassortment.com\/sl\/wp-json\/wp\/v2\/product_tag?post=89"}],"curies":[{"name":"wp","href":"https:\/\/api.w.org\/{rel}","templated":true}]}}