{"id":8830,"date":"2026-03-30T21:35:14","date_gmt":"2026-03-30T21:35:14","guid":{"rendered":"https:\/\/hotelskaoprema.ba\/?post_type=product&#038;p=8830"},"modified":"2026-04-14T21:49:27","modified_gmt":"2026-04-14T21:49:27","slug":"deka-akrilna","status":"publish","type":"product","link":"https:\/\/hotelassortment.com\/sl\/artikli\/deka-akrilna","title":{"rendered":"Deka akrilna"},"content":{"rendered":"<p>Hotelska\u00a0<strong>deka akrilna<\/strong>\u00a0nudi savr\u0161enu kombinaciju topline i elegancije za svaku sobu. Ova deka je izra\u0111ena od visokokvalitetnog\u00a0<strong>akrilnog materijala<\/strong>, poznatog po svojoj sli\u010dnosti sa vunom, ali sa dodatnom prakti\u010dno\u0161\u0107u lako\u0107e odr\u017eavanja.<\/p>\n<p>Akrilna deka je posebno dizajnirana za hotele, motele i apartmane, nude\u0107i\u00a0<strong>glatku teksturu<\/strong>\u00a0i dugotrajnost zahvaljuju\u0107i \u010dvrstom tkanju. Magnetic je zbog svog sastava od 60% akril, 30% pamuk i 10% poliester, osigurava optimalnu\u00a0<strong>uravnote\u017eenu toplinu<\/strong>\u00a0od 450 g\/m\u00b2. Deka je idealna za zimske uslove i lako se odr\u017eava zahvaljuju\u0107i smanjenom gu\u017evanju.<\/p>\n<ul>\n<li><strong>Specifikacije \u2013 Deka akrilna<\/strong><\/li>\n<li><strong data-start=\"186\" data-end=\"202\">Sastav:<\/strong>\u00a060% akril, 30% pamuk, 10% poliester<\/li>\n<li><strong data-start=\"208\" data-end=\"235\">Dimenzije:<\/strong> 160cm x 220cm | 180cm x 220cm<\/li>\n<li><strong data-start=\"241\" data-end=\"257\">GSM:<\/strong> 450<\/li>\n<\/ul>\n","protected":false},"excerpt":{"rendered":"<p>Hotelska\u00a0deka akrilna\u00a0nudi savr\u0161enu kombinaciju topline i elegancije za svaku sobu. Ova deka je izra\u0111ena od visokokvalitetnog\u00a0akrilnog materijala, poznatog po svojoj sli\u010dnosti sa vunom, ali sa dodatnom prakti\u010dno\u0161\u0107u lako\u0107e odr\u017eavanja. Akrilna deka je posebno dizajnirana za hotele, motele i apartmane, nude\u0107i\u00a0glatku teksturu\u00a0i dugotrajnost zahvaljuju\u0107i \u010dvrstom tkanju. Magnetic je zbog svog sastava od 60% akril, 30% pamuk [&hellip;]<\/p>\n","protected":false},"featured_media":8833,"template":"","meta":{"_acf_changed":false},"product_brand":[],"product_cat":[105],"product_tag":[],"class_list":{"0":"post-8830","1":"product","2":"type-product","3":"status-publish","4":"has-post-thumbnail","6":"product_cat-deke-i-prekrivaci","8":"first","9":"instock","10":"shipping-taxable","11":"product-type-variable"},"acf":[],"_links":{"self":[{"href":"https:\/\/hotelassortment.com\/sl\/wp-json\/wp\/v2\/product\/8830","targetHints":{"allow":["GET"]}}],"collection":[{"href":"https:\/\/hotelassortment.com\/sl\/wp-json\/wp\/v2\/product"}],"about":[{"href":"https:\/\/hotelassortment.com\/sl\/wp-json\/wp\/v2\/types\/product"}],"wp:featuredmedia":[{"embeddable":true,"href":"https:\/\/hotelassortment.com\/sl\/wp-json\/wp\/v2\/media\/8833"}],"wp:attachment":[{"href":"https:\/\/hotelassortment.com\/sl\/wp-json\/wp\/v2\/media?parent=8830"}],"wp:term":[{"taxonomy":"product_brand","embeddable":true,"href":"https:\/\/hotelassortment.com\/sl\/wp-json\/wp\/v2\/product_brand?post=8830"},{"taxonomy":"product_cat","embeddable":true,"href":"https:\/\/hotelassortment.com\/sl\/wp-json\/wp\/v2\/product_cat?post=8830"},{"taxonomy":"product_tag","embeddable":true,"href":"https:\/\/hotelassortment.com\/sl\/wp-json\/wp\/v2\/product_tag?post=8830"}],"curies":[{"name":"wp","href":"https:\/\/api.w.org\/{rel}","templated":true}]}}