{"id":8824,"date":"2026-03-29T21:07:40","date_gmt":"2026-03-29T21:07:40","guid":{"rendered":"https:\/\/hotelskaoprema.ba\/?post_type=product&#038;p=8824"},"modified":"2026-04-16T12:50:47","modified_gmt":"2026-04-16T12:50:47","slug":"bademantil-frotirni-djeciji","status":"publish","type":"product","link":"https:\/\/hotelassortment.com\/sl\/artikli\/bademantil-frotirni-djeciji","title":{"rendered":"Bademantil frotirni dje\u010diji"},"content":{"rendered":"<p>U\u017eivajte u udobnosti sa na\u0161im\u00a0<strong>dje\u010dijim frotirnim bademantilom<\/strong>\u00a0koji je savr\u0161en izbor za svakodnevnu upotrebu. Dizajniran sa kapulja\u010dom, ovaj bademantil pru\u017ea dodatnu za\u0161titu i udobnost nakon kupanja.<\/p>\n<p>Izra\u0111en od \u010distog pamu\u010dnog frotira, ovaj bademantil dolazi u elegantnoj\u00a0<strong>bijeloj boji<\/strong>. Sa te\u017einom od 400 g\/m\u00b2, osje\u0107aj meko\u0107e i topline je zagarantovan. Dva prakti\u010dna d\u017eepa omogu\u0107avaju va\u0161em djetetu da \u010duva svoje sitnice, dok su rubovi i rukavi pa\u017eljivo obra\u0111eni \u0161avom sa 4 igle, \u0161to doprinosi trajnosti i estetici.<\/p>\n<ul>\n<li><strong>Specifikacije \u2013 bademantil frotirni dje\u010diji<\/strong><\/li>\n<li><strong>Materijal:<\/strong>\u00a0100% pamuk<\/li>\n<li><strong>GSM:<\/strong> 400<\/li>\n<li><strong>Pogodno za uzraste:<\/strong> 4-6 godina | 7-9 godina | 10-12 godina<\/li>\n<\/ul>\n","protected":false},"excerpt":{"rendered":"<p>U\u017eivajte u udobnosti sa na\u0161im\u00a0dje\u010dijim frotirnim bademantilom\u00a0koji je savr\u0161en izbor za svakodnevnu upotrebu. Dizajniran sa kapulja\u010dom, ovaj bademantil pru\u017ea dodatnu za\u0161titu i udobnost nakon kupanja. Izra\u0111en od \u010distog pamu\u010dnog frotira, ovaj bademantil dolazi u elegantnoj\u00a0bijeloj boji. Sa te\u017einom od 400 g\/m\u00b2, osje\u0107aj meko\u0107e i topline je zagarantovan. Dva prakti\u010dna d\u017eepa omogu\u0107avaju va\u0161em djetetu da \u010duva [&hellip;]<\/p>\n","protected":false},"featured_media":8828,"template":"","meta":{"_acf_changed":false},"product_brand":[],"product_cat":[31],"product_tag":[],"class_list":{"0":"post-8824","1":"product","2":"type-product","3":"status-publish","4":"has-post-thumbnail","6":"product_cat-bademantili","8":"first","9":"instock","10":"shipping-taxable","11":"product-type-variable"},"acf":[],"_links":{"self":[{"href":"https:\/\/hotelassortment.com\/sl\/wp-json\/wp\/v2\/product\/8824","targetHints":{"allow":["GET"]}}],"collection":[{"href":"https:\/\/hotelassortment.com\/sl\/wp-json\/wp\/v2\/product"}],"about":[{"href":"https:\/\/hotelassortment.com\/sl\/wp-json\/wp\/v2\/types\/product"}],"wp:featuredmedia":[{"embeddable":true,"href":"https:\/\/hotelassortment.com\/sl\/wp-json\/wp\/v2\/media\/8828"}],"wp:attachment":[{"href":"https:\/\/hotelassortment.com\/sl\/wp-json\/wp\/v2\/media?parent=8824"}],"wp:term":[{"taxonomy":"product_brand","embeddable":true,"href":"https:\/\/hotelassortment.com\/sl\/wp-json\/wp\/v2\/product_brand?post=8824"},{"taxonomy":"product_cat","embeddable":true,"href":"https:\/\/hotelassortment.com\/sl\/wp-json\/wp\/v2\/product_cat?post=8824"},{"taxonomy":"product_tag","embeddable":true,"href":"https:\/\/hotelassortment.com\/sl\/wp-json\/wp\/v2\/product_tag?post=8824"}],"curies":[{"name":"wp","href":"https:\/\/api.w.org\/{rel}","templated":true}]}}