{"id":8820,"date":"2026-03-29T19:19:49","date_gmt":"2026-03-29T19:19:49","guid":{"rendered":"https:\/\/hotelskaoprema.ba\/?post_type=product&#038;p=8820"},"modified":"2026-04-16T12:41:00","modified_gmt":"2026-04-16T12:41:00","slug":"bademantil-pique","status":"publish","type":"product","link":"https:\/\/hotelassortment.com\/sl\/artikli\/bademantil-pique","title":{"rendered":"Bademantil pique"},"content":{"rendered":"<p>Uronite u eleganciju i komfor uz na\u0161 p<strong>ique bademantil<\/strong>. Idealan za hotele koji \u017eele ostaviti sna\u017ean utisak na svoje goste. Uz njegovu\u00a0<strong>\u010dvrsto\u0107u<\/strong>\u00a0i\u00a0<strong>dugotrajnost<\/strong>, ovaj bademantil nudi i izuzetnu\u00a0<strong>prozra\u010dnost<\/strong>\u00a0uz mekanu povr\u0161inu.<\/p>\n<p>\u0160to ga \u010dini posebnim je\u00a0<strong>sitni kockasti uzorak<\/strong>\u00a0koji pru\u017ea prefinjen izgled. Dizajniran sa pa\u017enjom, savr\u0161eno se uklapa u bilo koji enterijer. Dodatna pogodnost je mogu\u0107nost izrade u\u00a0<strong>nestandardnim dimenzijama<\/strong>\u00a0koje \u0107e zadovoljiti specifi\u010dne potrebe svakog klijenta.<\/p>\n<ul>\n<li><strong>Specifikacije \u2013 bademantil pique<\/strong><\/li>\n<li><strong>Materijal:<\/strong>\u00a0100% pamuk<\/li>\n<li><strong>GSM:<\/strong> 380<\/li>\n<\/ul>\n<p><em>*Nudimo mogu\u0107nost izrade bademantila u razli\u010ditim, nestandardnim dimenzijama, u potpunosti prilago\u0111enih va\u0161im specifi\u010dnim zahtjevima.<\/em><\/p>\n","protected":false},"excerpt":{"rendered":"<p>Uronite u eleganciju i komfor uz na\u0161 pique bademantil. Idealan za hotele koji \u017eele ostaviti sna\u017ean utisak na svoje goste. Uz njegovu\u00a0\u010dvrsto\u0107u\u00a0i\u00a0dugotrajnost, ovaj bademantil nudi i izuzetnu\u00a0prozra\u010dnost\u00a0uz mekanu povr\u0161inu. \u0160to ga \u010dini posebnim je\u00a0sitni kockasti uzorak\u00a0koji pru\u017ea prefinjen izgled. Dizajniran sa pa\u017enjom, savr\u0161eno se uklapa u bilo koji enterijer. Dodatna pogodnost je mogu\u0107nost izrade u\u00a0nestandardnim [&hellip;]<\/p>\n","protected":false},"featured_media":8823,"template":"","meta":{"_acf_changed":false},"product_brand":[],"product_cat":[31],"product_tag":[],"class_list":{"0":"post-8820","1":"product","2":"type-product","3":"status-publish","4":"has-post-thumbnail","6":"product_cat-bademantili","8":"first","9":"instock","10":"shipping-taxable","11":"product-type-variable"},"acf":[],"_links":{"self":[{"href":"https:\/\/hotelassortment.com\/sl\/wp-json\/wp\/v2\/product\/8820","targetHints":{"allow":["GET"]}}],"collection":[{"href":"https:\/\/hotelassortment.com\/sl\/wp-json\/wp\/v2\/product"}],"about":[{"href":"https:\/\/hotelassortment.com\/sl\/wp-json\/wp\/v2\/types\/product"}],"wp:featuredmedia":[{"embeddable":true,"href":"https:\/\/hotelassortment.com\/sl\/wp-json\/wp\/v2\/media\/8823"}],"wp:attachment":[{"href":"https:\/\/hotelassortment.com\/sl\/wp-json\/wp\/v2\/media?parent=8820"}],"wp:term":[{"taxonomy":"product_brand","embeddable":true,"href":"https:\/\/hotelassortment.com\/sl\/wp-json\/wp\/v2\/product_brand?post=8820"},{"taxonomy":"product_cat","embeddable":true,"href":"https:\/\/hotelassortment.com\/sl\/wp-json\/wp\/v2\/product_cat?post=8820"},{"taxonomy":"product_tag","embeddable":true,"href":"https:\/\/hotelassortment.com\/sl\/wp-json\/wp\/v2\/product_tag?post=8820"}],"curies":[{"name":"wp","href":"https:\/\/api.w.org\/{rel}","templated":true}]}}