{"id":8808,"date":"2026-03-28T23:55:22","date_gmt":"2026-03-28T23:55:22","guid":{"rendered":"https:\/\/hotelskaoprema.ba\/?post_type=product&#038;p=8808"},"modified":"2026-04-15T22:08:01","modified_gmt":"2026-04-15T22:08:01","slug":"carsaf-sa-gumom-glat","status":"publish","type":"product","link":"https:\/\/hotelassortment.com\/sl\/artikli\/carsaf-sa-gumom-glat","title":{"rendered":"\u010car\u0161af sa gumom glat"},"content":{"rendered":"<p>Osigurajte\u00a0<strong>besprijekoran izgled<\/strong>\u00a0kreveta uz minimalan trud uz na\u0161 \u010dar\u0161af sa gumom glat. Izra\u0111en od 100% pamuka, ovaj \u010dar\u0161af pru\u017ea\u00a0<strong>zategnutost<\/strong>\u00a0i udobnost tokom cijele no\u0107i. Njegova posebna percale tkanina osigurava gusto\u0107u od TC 160 i TC210, \u0161to garantuje izdr\u017eljivost i\u00a0<strong>udobnost<\/strong>.<\/p>\n<p>\u010car\u0161af je dostupan u dimenzijama 90cm x 200cm + 32cm, 160cm x 200cm + 32cm i 180cm x 200cm + 32cm, te dolazi u klasi\u010dnoj bijeloj boji koja odgovara svakom ambijentu. S mogu\u0107no\u0161\u0107u izrade po mjeri, mo\u017eete ga prilagoditi specifi\u010dnim potrebama va\u0161ih gostiju. Zahvaljuju\u0107i gumici, \u010dar\u0161af sigurno ostaje na mjestu, spre\u010davaju\u0107i klizanje i gu\u017evanje.<\/p>\n<ul>\n<li><strong>Specifikacije \u2013 \u010car\u0161af sa gumom glat<\/strong><\/li>\n<li><strong>Materijal:<\/strong>\u00a0100% pamuk<\/li>\n<li><strong>Dimenzije:<\/strong>\u00a090cm x 200cm + 32cm | 160cm x 200cm + 32cm | 180cm x 200cm + 32cm<\/li>\n<li><strong>Karakteristike:<\/strong>\u00a0160TC | 210TC<\/li>\n<li><strong>Boja:<\/strong>\u00a0bijela<\/li>\n<\/ul>\n<p><em>*Nudimo mogu\u0107nost izrade \u010dar\u0161afa u razli\u010ditim, nestandardnim dimenzijama, u potpunosti prilago\u0111enih va\u0161im specifi\u010dnim zahtjevima.<\/em><\/p>\n","protected":false},"excerpt":{"rendered":"<p>Osigurajte\u00a0besprijekoran izgled\u00a0kreveta uz minimalan trud uz na\u0161 \u010dar\u0161af sa gumom glat. Izra\u0111en od 100% pamuka, ovaj \u010dar\u0161af pru\u017ea\u00a0zategnutost\u00a0i udobnost tokom cijele no\u0107i. Njegova posebna percale tkanina osigurava gusto\u0107u od TC 160 i TC210, \u0161to garantuje izdr\u017eljivost i\u00a0udobnost. \u010car\u0161af je dostupan u dimenzijama 90cm x 200cm + 32cm, 160cm x 200cm + 32cm i 180cm x [&hellip;]<\/p>\n","protected":false},"featured_media":8811,"template":"","meta":{"_acf_changed":false},"product_brand":[],"product_cat":[29],"product_tag":[],"class_list":{"0":"post-8808","1":"product","2":"type-product","3":"status-publish","4":"has-post-thumbnail","6":"product_cat-posteljina","8":"first","9":"instock","10":"shipping-taxable","11":"product-type-variable"},"acf":[],"_links":{"self":[{"href":"https:\/\/hotelassortment.com\/sl\/wp-json\/wp\/v2\/product\/8808","targetHints":{"allow":["GET"]}}],"collection":[{"href":"https:\/\/hotelassortment.com\/sl\/wp-json\/wp\/v2\/product"}],"about":[{"href":"https:\/\/hotelassortment.com\/sl\/wp-json\/wp\/v2\/types\/product"}],"wp:featuredmedia":[{"embeddable":true,"href":"https:\/\/hotelassortment.com\/sl\/wp-json\/wp\/v2\/media\/8811"}],"wp:attachment":[{"href":"https:\/\/hotelassortment.com\/sl\/wp-json\/wp\/v2\/media?parent=8808"}],"wp:term":[{"taxonomy":"product_brand","embeddable":true,"href":"https:\/\/hotelassortment.com\/sl\/wp-json\/wp\/v2\/product_brand?post=8808"},{"taxonomy":"product_cat","embeddable":true,"href":"https:\/\/hotelassortment.com\/sl\/wp-json\/wp\/v2\/product_cat?post=8808"},{"taxonomy":"product_tag","embeddable":true,"href":"https:\/\/hotelassortment.com\/sl\/wp-json\/wp\/v2\/product_tag?post=8808"}],"curies":[{"name":"wp","href":"https:\/\/api.w.org\/{rel}","templated":true}]}}