{"id":8804,"date":"2026-03-28T23:41:36","date_gmt":"2026-03-28T23:41:36","guid":{"rendered":"https:\/\/hotelskaoprema.ba\/?post_type=product&#038;p=8804"},"modified":"2026-04-15T22:01:07","modified_gmt":"2026-04-15T22:01:07","slug":"carsaf-damast","status":"publish","type":"product","link":"https:\/\/hotelassortment.com\/sl\/artikli\/carsaf-damast","title":{"rendered":"\u010car\u0161af damast"},"content":{"rendered":"<p>\u010car\u0161af damast izra\u0111en od <strong>100% visokokvalitetnog pamuka<\/strong>\u00a0predstavlja savr\u0161en spoj udobnosti i izdr\u017eljivosti. Dizajniran za hotele i smje\u0161tajne objekte koji te\u017ee prakti\u010dnosti i luksuzu, ovaj \u010dar\u0161af pru\u017ea izuzetnu meko\u0107u i prozra\u010dnost tokom spavanja.<\/p>\n<p>Materijal je\u00a0<strong>hipoalergen<\/strong>\u00a0i prilago\u0111en \u010destom pranju, \u0161to osigurava dugotrajnost i o\u010duvanje svje\u017eine. Dostupan je u dimenzijama\u00a0<strong>180cm x 280cm<\/strong>\u00a0i\u00a0<strong>280cm x 280cm<\/strong>, sa karakteristikom od <strong>210TC<\/strong>. Zahvaljuju\u0107i bijeloj boji, lako se uklapa u razli\u010dite stilove ure\u0111enja.<\/p>\n<ul>\n<li><strong>Specifikacije \u2013 \u010car\u0161af damast<\/strong><\/li>\n<li><strong>Materijal:<\/strong>\u00a0100% pamuk<\/li>\n<li><strong>Dimenzije:<\/strong>\u00a0180cm x 280cm | 280cm x 280cm<\/li>\n<li><strong>Karakteristike:<\/strong> 210TC<\/li>\n<li><strong>Boja:<\/strong>\u00a0bijela<\/li>\n<\/ul>\n<p><em>*Nudimo mogu\u0107nost izrade \u010dar\u0161afa u razli\u010ditim, nestandardnim dimenzijama, u potpunosti prilago\u0111enih va\u0161im specifi\u010dnim zahtjevima.<\/em><\/p>\n","protected":false},"excerpt":{"rendered":"<p>\u010car\u0161af damast izra\u0111en od 100% visokokvalitetnog pamuka\u00a0predstavlja savr\u0161en spoj udobnosti i izdr\u017eljivosti. Dizajniran za hotele i smje\u0161tajne objekte koji te\u017ee prakti\u010dnosti i luksuzu, ovaj \u010dar\u0161af pru\u017ea izuzetnu meko\u0107u i prozra\u010dnost tokom spavanja. Materijal je\u00a0hipoalergen\u00a0i prilago\u0111en \u010destom pranju, \u0161to osigurava dugotrajnost i o\u010duvanje svje\u017eine. Dostupan je u dimenzijama\u00a0180cm x 280cm\u00a0i\u00a0280cm x 280cm, sa karakteristikom od 210TC. [&hellip;]<\/p>\n","protected":false},"featured_media":8805,"template":"","meta":{"_acf_changed":false},"product_brand":[],"product_cat":[29],"product_tag":[],"class_list":{"0":"post-8804","1":"product","2":"type-product","3":"status-publish","4":"has-post-thumbnail","6":"product_cat-posteljina","8":"first","9":"instock","10":"shipping-taxable","11":"product-type-variable"},"acf":[],"_links":{"self":[{"href":"https:\/\/hotelassortment.com\/sl\/wp-json\/wp\/v2\/product\/8804","targetHints":{"allow":["GET"]}}],"collection":[{"href":"https:\/\/hotelassortment.com\/sl\/wp-json\/wp\/v2\/product"}],"about":[{"href":"https:\/\/hotelassortment.com\/sl\/wp-json\/wp\/v2\/types\/product"}],"wp:featuredmedia":[{"embeddable":true,"href":"https:\/\/hotelassortment.com\/sl\/wp-json\/wp\/v2\/media\/8805"}],"wp:attachment":[{"href":"https:\/\/hotelassortment.com\/sl\/wp-json\/wp\/v2\/media?parent=8804"}],"wp:term":[{"taxonomy":"product_brand","embeddable":true,"href":"https:\/\/hotelassortment.com\/sl\/wp-json\/wp\/v2\/product_brand?post=8804"},{"taxonomy":"product_cat","embeddable":true,"href":"https:\/\/hotelassortment.com\/sl\/wp-json\/wp\/v2\/product_cat?post=8804"},{"taxonomy":"product_tag","embeddable":true,"href":"https:\/\/hotelassortment.com\/sl\/wp-json\/wp\/v2\/product_tag?post=8804"}],"curies":[{"name":"wp","href":"https:\/\/api.w.org\/{rel}","templated":true}]}}