{"id":8790,"date":"2026-03-28T23:17:09","date_gmt":"2026-03-28T23:17:09","guid":{"rendered":"https:\/\/hotelskaoprema.ba\/?post_type=product&#038;p=8790"},"modified":"2026-04-16T12:21:13","modified_gmt":"2026-04-16T12:21:13","slug":"navlaka-za-jorgan-damast","status":"publish","type":"product","link":"https:\/\/hotelassortment.com\/sl\/artikli\/navlaka-za-jorgan-damast","title":{"rendered":"Navlaka za jorgan damast"},"content":{"rendered":"<p>Navlaka za jorgan damast osigurava va\u0161em krevetu dodatnu udobnost i za\u0161titu. Izra\u0111ena od visokokvalitetnog <strong>100% pamuka<\/strong>, ova navlaka pru\u017ea iznimnu meko\u0107u i\u00a0<strong>prozra\u010dnost<\/strong>, \u0161to doprinosi ugodnom osje\u0107aju tokom spavanja.<\/p>\n<p>Blje\u0161tavobijela boja i elegantan dizajn \u010dine je idealnom za upotrebu u hotelima, garantuju\u0107i visoke standarde higijene. Dostupna je u razli\u010ditim\u00a0<strong>dimenzijama<\/strong>: 140cm x 200cm, 165cm x 230cm, 210cm x 230cm i 220cm x 240cm, a mo\u017ee se izraditi i po mjeri. Navlaka je jednostavna za odr\u017eavanje, zadr\u017eava svje\u017einu i izgled i nakon brojnih pranja. S\u00a0<strong>TC karakteristikom<\/strong> od 210TC, ova navlaka je pravi izbor za one koji tra\u017ee kvalitet i dugotrajnost.<\/p>\n<ul>\n<li><strong>Specifikacije \u2013 Navlaka za jorgan damast<\/strong><\/li>\n<li><strong>Materijal:<\/strong>\u00a0100% pamuk<\/li>\n<li><strong>Dimenzije:<\/strong>\u00a0140cm x 200cm | 165cm x 230cm | 210cm x 230cm | 220cm x 240cm<\/li>\n<li><strong>Karakteristike:<\/strong> 210TC<\/li>\n<li><strong>Boja:<\/strong>\u00a0bijela<\/li>\n<li><strong>\u0160irina linije:<\/strong>\u00a01cm<\/li>\n<\/ul>\n<p><em>*Nudimo mogu\u0107nost izrade navlaka u razli\u010ditim, nestandardnim dimenzijama, u potpunosti prilago\u0111enih va\u0161im specifi\u010dnim zahtjevima.<\/em><\/p>\n","protected":false},"excerpt":{"rendered":"<p>Navlaka za jorgan damast osigurava va\u0161em krevetu dodatnu udobnost i za\u0161titu. Izra\u0111ena od visokokvalitetnog 100% pamuka, ova navlaka pru\u017ea iznimnu meko\u0107u i\u00a0prozra\u010dnost, \u0161to doprinosi ugodnom osje\u0107aju tokom spavanja. Blje\u0161tavobijela boja i elegantan dizajn \u010dine je idealnom za upotrebu u hotelima, garantuju\u0107i visoke standarde higijene. Dostupna je u razli\u010ditim\u00a0dimenzijama: 140cm x 200cm, 165cm x 230cm, 210cm [&hellip;]<\/p>\n","protected":false},"featured_media":8791,"template":"","meta":{"_acf_changed":false},"product_brand":[],"product_cat":[29],"product_tag":[],"class_list":{"0":"post-8790","1":"product","2":"type-product","3":"status-publish","4":"has-post-thumbnail","6":"product_cat-posteljina","8":"first","9":"instock","10":"shipping-taxable","11":"product-type-variable"},"acf":[],"_links":{"self":[{"href":"https:\/\/hotelassortment.com\/sl\/wp-json\/wp\/v2\/product\/8790","targetHints":{"allow":["GET"]}}],"collection":[{"href":"https:\/\/hotelassortment.com\/sl\/wp-json\/wp\/v2\/product"}],"about":[{"href":"https:\/\/hotelassortment.com\/sl\/wp-json\/wp\/v2\/types\/product"}],"wp:featuredmedia":[{"embeddable":true,"href":"https:\/\/hotelassortment.com\/sl\/wp-json\/wp\/v2\/media\/8791"}],"wp:attachment":[{"href":"https:\/\/hotelassortment.com\/sl\/wp-json\/wp\/v2\/media?parent=8790"}],"wp:term":[{"taxonomy":"product_brand","embeddable":true,"href":"https:\/\/hotelassortment.com\/sl\/wp-json\/wp\/v2\/product_brand?post=8790"},{"taxonomy":"product_cat","embeddable":true,"href":"https:\/\/hotelassortment.com\/sl\/wp-json\/wp\/v2\/product_cat?post=8790"},{"taxonomy":"product_tag","embeddable":true,"href":"https:\/\/hotelassortment.com\/sl\/wp-json\/wp\/v2\/product_tag?post=8790"}],"curies":[{"name":"wp","href":"https:\/\/api.w.org\/{rel}","templated":true}]}}