{"id":8771,"date":"2026-03-28T22:46:35","date_gmt":"2026-03-28T22:46:35","guid":{"rendered":"https:\/\/hotelskaoprema.ba\/?post_type=product&#038;p=8771"},"modified":"2026-04-15T20:43:52","modified_gmt":"2026-04-15T20:43:52","slug":"navlaka-za-jastuk-damast","status":"publish","type":"product","link":"https:\/\/hotelassortment.com\/sl\/artikli\/navlaka-za-jastuk-damast","title":{"rendered":"Navlaka za jastuk damast"},"content":{"rendered":"<p>Otkrijte izuzetnu udobnost s na\u0161om\u00a0<strong>navlakom za jastuk damast<\/strong>. Izra\u0111ena od\u00a0<strong>100% pamuka<\/strong>, ova navlaka pru\u017ea meko\u0107u i prozra\u010dnost, \u010dime se posti\u017ee osje\u0107aj luksuza i higijene. Posebno dizajnirana za osjetljivu ko\u017eu, hipoalergena je i jednostavna za odr\u017eavanje.<\/p>\n<p>Navlaka dolazi u dvije dimenzije:\u00a0<strong>52cm x 73cm<\/strong>\u00a0i\u00a0<strong>62cm x 83cm<\/strong>, s kvalitetom od\u00a0<strong>210TC<\/strong>. Bijela boja doprinosi eleganciji, a \u0161irina linije od\u00a0<strong>1cm<\/strong>\u00a0dodaje sofisticiran detalj. Zahvaljuju\u0107i visokoj kvaliteti izrade, navlaka zadr\u017eava svoj oblik \u010dak i nakon brojnih pranja, \u0161to je \u010dini idealnom za upotrebu u hotelskim sobama.<\/p>\n<ul>\n<li><strong>Specifikacije \u2013 Navlaka za jastuk damast<\/strong><\/li>\n<li><strong>Materijal:<\/strong>\u00a0100% pamuk<\/li>\n<li><strong>Dimenzije:<\/strong>\u00a052cm x 73cm | 62cm x 83cm<\/li>\n<li><strong>Karakteristike:<\/strong>\u00a0210TC<\/li>\n<li><strong>Boja:<\/strong>\u00a0bijela<\/li>\n<li><strong>\u0160irina linije:<\/strong>\u00a01cm<\/li>\n<\/ul>\n<p><em>*Nudimo mogu\u0107nost izrade navlaka u razli\u010ditim, nestandardnim dimenzijama, u potpunosti prilago\u0111enih va\u0161im specifi\u010dnim zahtjevima.<\/em><\/p>\n","protected":false},"excerpt":{"rendered":"<p>Otkrijte izuzetnu udobnost s na\u0161om\u00a0navlakom za jastuk damast. Izra\u0111ena od\u00a0100% pamuka, ova navlaka pru\u017ea meko\u0107u i prozra\u010dnost, \u010dime se posti\u017ee osje\u0107aj luksuza i higijene. Posebno dizajnirana za osjetljivu ko\u017eu, hipoalergena je i jednostavna za odr\u017eavanje. Navlaka dolazi u dvije dimenzije:\u00a052cm x 73cm\u00a0i\u00a062cm x 83cm, s kvalitetom od\u00a0210TC. Bijela boja doprinosi eleganciji, a \u0161irina linije od\u00a01cm\u00a0dodaje [&hellip;]<\/p>\n","protected":false},"featured_media":8774,"template":"","meta":{"_acf_changed":false},"product_brand":[],"product_cat":[29],"product_tag":[],"class_list":{"0":"post-8771","1":"product","2":"type-product","3":"status-publish","4":"has-post-thumbnail","6":"product_cat-posteljina","8":"first","9":"instock","10":"shipping-taxable","11":"product-type-variable"},"acf":[],"_links":{"self":[{"href":"https:\/\/hotelassortment.com\/sl\/wp-json\/wp\/v2\/product\/8771","targetHints":{"allow":["GET"]}}],"collection":[{"href":"https:\/\/hotelassortment.com\/sl\/wp-json\/wp\/v2\/product"}],"about":[{"href":"https:\/\/hotelassortment.com\/sl\/wp-json\/wp\/v2\/types\/product"}],"wp:featuredmedia":[{"embeddable":true,"href":"https:\/\/hotelassortment.com\/sl\/wp-json\/wp\/v2\/media\/8774"}],"wp:attachment":[{"href":"https:\/\/hotelassortment.com\/sl\/wp-json\/wp\/v2\/media?parent=8771"}],"wp:term":[{"taxonomy":"product_brand","embeddable":true,"href":"https:\/\/hotelassortment.com\/sl\/wp-json\/wp\/v2\/product_brand?post=8771"},{"taxonomy":"product_cat","embeddable":true,"href":"https:\/\/hotelassortment.com\/sl\/wp-json\/wp\/v2\/product_cat?post=8771"},{"taxonomy":"product_tag","embeddable":true,"href":"https:\/\/hotelassortment.com\/sl\/wp-json\/wp\/v2\/product_tag?post=8771"}],"curies":[{"name":"wp","href":"https:\/\/api.w.org\/{rel}","templated":true}]}}