{"id":8754,"date":"2026-03-28T22:00:41","date_gmt":"2026-03-28T22:00:41","guid":{"rendered":"https:\/\/hotelskaoprema.ba\/?post_type=product&#038;p=8754"},"modified":"2026-04-14T21:23:13","modified_gmt":"2026-04-14T21:23:13","slug":"jorgan-pernati","status":"publish","type":"product","link":"https:\/\/hotelassortment.com\/sl\/artikli\/jorgan-pernati","title":{"rendered":"Jorgan pernati"},"content":{"rendered":"<p><strong>Jorgan pernati<\/strong>\u00a0predstavlja savr\u0161en izbor za svaku hotelsku sobu, omogu\u0107avaju\u0107i gostima da u\u017eivaju u dodatnoj udobnosti tokom odmora. Kroz historiju, perje je prepoznato kao jedan od najboljih materijala za jorgane.<\/p>\n<p>Zahvaljuju\u0107i svojoj\u00a0<strong>prozra\u010dnosti i lako\u0107i<\/strong>, perje \u010dini ovaj jorgan\u00a0<strong>izuzetno mekim<\/strong>\u00a0i idealnim za regulaciju toplote. Prakti\u010dki beste\u017einski, jorgan je jednostavan za rukovanje. Napravljen od\u00a0<strong>100% prirodnih materijala<\/strong>, omogu\u0107ava udobnost bez kompromisa. Sa\u010dinjena od 100% pamu\u010dne tkanine TC233, njegova strukturna stabilnost osigurava dugotrajnost. Dostupan je u dimenzijama 155cm x 215cm, 195cm x 215cm i 215cm x 235cm, te dolazi u elegantnoj bijeloj boji.<\/p>\n<ul>\n<li><strong>Specifikacije \u2013 Jorgan<\/strong><\/li>\n<li><strong data-start=\"186\" data-end=\"202\">Materijal:<\/strong> 100% pamu\u010dna tkanina TC233<\/li>\n<li><strong>Punjenje:<\/strong> perje &#8211; paperje<\/li>\n<li><strong data-start=\"208\" data-end=\"235\">Dimenzije:<\/strong> 155cm x 215cm | 195cm x 215cm | 215cm x 235cm<\/li>\n<li><strong data-start=\"300\" data-end=\"316\">Boja:<\/strong>\u00a0bijela<\/li>\n<\/ul>\n<p><em>*Nudimo mogu\u0107nost izrade jorgana u razli\u010ditim, nestandardnim dimenzijama, u potpunosti prilago\u0111enih va\u0161im specifi\u010dnim zahtjevima.<\/em><\/p>\n","protected":false},"excerpt":{"rendered":"<p>Jorgan pernati\u00a0predstavlja savr\u0161en izbor za svaku hotelsku sobu, omogu\u0107avaju\u0107i gostima da u\u017eivaju u dodatnoj udobnosti tokom odmora. Kroz historiju, perje je prepoznato kao jedan od najboljih materijala za jorgane. Zahvaljuju\u0107i svojoj\u00a0prozra\u010dnosti i lako\u0107i, perje \u010dini ovaj jorgan\u00a0izuzetno mekim\u00a0i idealnim za regulaciju toplote. Prakti\u010dki beste\u017einski, jorgan je jednostavan za rukovanje. Napravljen od\u00a0100% prirodnih materijala, omogu\u0107ava udobnost [&hellip;]<\/p>\n","protected":false},"featured_media":8758,"template":"","meta":{"_acf_changed":false},"product_brand":[],"product_cat":[95],"product_tag":[],"class_list":{"0":"post-8754","1":"product","2":"type-product","3":"status-publish","4":"has-post-thumbnail","6":"product_cat-jastuci-i-jorgani","8":"first","9":"instock","10":"shipping-taxable","11":"product-type-variable"},"acf":[],"_links":{"self":[{"href":"https:\/\/hotelassortment.com\/sl\/wp-json\/wp\/v2\/product\/8754","targetHints":{"allow":["GET"]}}],"collection":[{"href":"https:\/\/hotelassortment.com\/sl\/wp-json\/wp\/v2\/product"}],"about":[{"href":"https:\/\/hotelassortment.com\/sl\/wp-json\/wp\/v2\/types\/product"}],"wp:featuredmedia":[{"embeddable":true,"href":"https:\/\/hotelassortment.com\/sl\/wp-json\/wp\/v2\/media\/8758"}],"wp:attachment":[{"href":"https:\/\/hotelassortment.com\/sl\/wp-json\/wp\/v2\/media?parent=8754"}],"wp:term":[{"taxonomy":"product_brand","embeddable":true,"href":"https:\/\/hotelassortment.com\/sl\/wp-json\/wp\/v2\/product_brand?post=8754"},{"taxonomy":"product_cat","embeddable":true,"href":"https:\/\/hotelassortment.com\/sl\/wp-json\/wp\/v2\/product_cat?post=8754"},{"taxonomy":"product_tag","embeddable":true,"href":"https:\/\/hotelassortment.com\/sl\/wp-json\/wp\/v2\/product_tag?post=8754"}],"curies":[{"name":"wp","href":"https:\/\/api.w.org\/{rel}","templated":true}]}}