{"id":8738,"date":"2026-03-28T21:42:31","date_gmt":"2026-03-28T21:42:31","guid":{"rendered":"https:\/\/hotelskaoprema.ba\/?post_type=product&#038;p=8738"},"modified":"2026-04-14T20:44:36","modified_gmt":"2026-04-14T20:44:36","slug":"jastuk-pernati","status":"publish","type":"product","link":"https:\/\/hotelassortment.com\/sl\/artikli\/jastuk-pernati","title":{"rendered":"Jastuk pernati"},"content":{"rendered":"<p><strong>Pernati jastuk<\/strong>\u00a0idealan je za stvaranje savr\u0161enog iskustva odmora. Njegova mekana tekstura i vrhunska izrada \u010dine ga savr\u0161enim dodatkom svakom hotelu.<\/p>\n<p>Izra\u0111en od\u00a0<strong>pamu\u010dne tkanine<\/strong>\u00a0i ispunjen\u00a0<strong>perjem<\/strong>, ovaj jastuk nudi izuzetnu prozra\u010dnost i laganost. Zahvaljuju\u0107i svojim odli\u010dnim svojstvima toplotne regulacije i elasti\u010dnosti, lako se prilago\u0111ava polo\u017eaju glave. Dostupan u dimenzijama\u00a0<strong>50cm x 70cm<\/strong>\u00a0i\u00a0<strong>60cm x 80cm<\/strong>, te grama\u017ee\u00a0<strong>1000g<\/strong>\u00a0i\u00a0<strong>1400g<\/strong>, ovaj bijeli jastuk nudi vrhunski ugo\u0111aj. S ovim proizvodom, va\u0161 hotel \u0107e biti prepoznatljiv po kvaliteti i udobnosti koju pru\u017ea gostima.<\/p>\n<ul>\n<li><strong>Specifikacije \u2013 Jastuk<\/strong><\/li>\n<li><strong data-start=\"186\" data-end=\"202\">Materijal:<\/strong> 100% pamu\u010dna tkanina<\/li>\n<li><strong>Punjenje:<\/strong> perje &#8211; paperje<\/li>\n<li><strong data-start=\"208\" data-end=\"235\">Dimenzije:<\/strong> 50cm x 70cm | 60cm x 80cm<\/li>\n<li><strong data-start=\"241\" data-end=\"257\">Grama\u017ea:<\/strong> 1000 | 1400<\/li>\n<li><strong data-start=\"300\" data-end=\"316\">Boja:<\/strong>\u00a0bijela<\/li>\n<\/ul>\n<p><em>*Nudimo mogu\u0107nost izrade jastuka u razli\u010ditim, nestandardnim dimenzijama, u potpunosti prilago\u0111enih va\u0161im specifi\u010dnim zahtjevima.<\/em><\/p>\n","protected":false},"excerpt":{"rendered":"<p>Pernati jastuk\u00a0idealan je za stvaranje savr\u0161enog iskustva odmora. Njegova mekana tekstura i vrhunska izrada \u010dine ga savr\u0161enim dodatkom svakom hotelu. Izra\u0111en od\u00a0pamu\u010dne tkanine\u00a0i ispunjen\u00a0perjem, ovaj jastuk nudi izuzetnu prozra\u010dnost i laganost. Zahvaljuju\u0107i svojim odli\u010dnim svojstvima toplotne regulacije i elasti\u010dnosti, lako se prilago\u0111ava polo\u017eaju glave. Dostupan u dimenzijama\u00a050cm x 70cm\u00a0i\u00a060cm x 80cm, te grama\u017ee\u00a01000g\u00a0i\u00a01400g, ovaj bijeli [&hellip;]<\/p>\n","protected":false},"featured_media":8744,"template":"","meta":{"_acf_changed":false},"product_brand":[],"product_cat":[95],"product_tag":[],"class_list":{"0":"post-8738","1":"product","2":"type-product","3":"status-publish","4":"has-post-thumbnail","6":"product_cat-jastuci-i-jorgani","8":"first","9":"instock","10":"shipping-taxable","11":"product-type-variable"},"acf":[],"_links":{"self":[{"href":"https:\/\/hotelassortment.com\/sl\/wp-json\/wp\/v2\/product\/8738","targetHints":{"allow":["GET"]}}],"collection":[{"href":"https:\/\/hotelassortment.com\/sl\/wp-json\/wp\/v2\/product"}],"about":[{"href":"https:\/\/hotelassortment.com\/sl\/wp-json\/wp\/v2\/types\/product"}],"wp:featuredmedia":[{"embeddable":true,"href":"https:\/\/hotelassortment.com\/sl\/wp-json\/wp\/v2\/media\/8744"}],"wp:attachment":[{"href":"https:\/\/hotelassortment.com\/sl\/wp-json\/wp\/v2\/media?parent=8738"}],"wp:term":[{"taxonomy":"product_brand","embeddable":true,"href":"https:\/\/hotelassortment.com\/sl\/wp-json\/wp\/v2\/product_brand?post=8738"},{"taxonomy":"product_cat","embeddable":true,"href":"https:\/\/hotelassortment.com\/sl\/wp-json\/wp\/v2\/product_cat?post=8738"},{"taxonomy":"product_tag","embeddable":true,"href":"https:\/\/hotelassortment.com\/sl\/wp-json\/wp\/v2\/product_tag?post=8738"}],"curies":[{"name":"wp","href":"https:\/\/api.w.org\/{rel}","templated":true}]}}