{"id":78,"date":"2023-11-16T14:08:50","date_gmt":"2023-11-16T14:08:50","guid":{"rendered":"https:\/\/hotelskaoprema.ba\/?post_type=product&#038;p=78"},"modified":"2026-04-15T21:08:22","modified_gmt":"2026-04-15T21:08:22","slug":"vodonepropusna-zastita-za-jastuk","status":"publish","type":"product","link":"https:\/\/hotelassortment.com\/sl\/artikli\/vodonepropusna-zastita-za-jastuk","title":{"rendered":"Vodonepropusna za\u0161tita za jastuk"},"content":{"rendered":"<p><strong>Vodonepropusna za\u0161tita za jastuk<\/strong>\u00a0pru\u017ea pouzdanu za\u0161titu protiv vlage, mrlja i pra\u0161ine, \u010duvaju\u0107i jastuk svje\u017eim. Izra\u0111ena je od prozra\u010dnog i mekanog materijala, omogu\u0107avaju\u0107i slobodnu cirkulaciju zraka, dok elasti\u010dni rubovi ili patentni zatvara\u010d omogu\u0107avaju jednostavno postavljanje.<\/p>\n<p>Specifikacije materijala uklju\u010duju\u00a0<strong>mikrofrotir\/PU<\/strong>\u00a0ili\u00a0<strong>pamuk\/PU<\/strong>, dok dimenzije dolaze u veli\u010dinama od 50&#215;70 cm do 60&#215;80 cm, dostupna u bijeloj boji. Odr\u017eavanje je nekomplikovano, \u0161to je \u010dini idealnim rje\u0161enjem za hotele i druge ugostiteljske objekte. Nudimo i mogu\u0107nost izrade po mjeri, prilago\u0111ene va\u0161im specifi\u010dnim zahtjevima.<\/p>\n<ul>\n<li><strong>Specifikacije \u2013 Vodonepropusna za\u0161tita za jastuk<\/strong><\/li>\n<li><strong>Materijal:<\/strong>\u00a0 Mikrofrotir\/PU, vodonepropusno sa patentnim zatvara\u010dem &#8211;\u00a0 Pamuk\/PU, vodonepropusno sa patentnim zatvara\u010dem<\/li>\n<li><strong>Dimenzije:<\/strong>\u00a050cm x 70cm | 60cm x 80cm<\/li>\n<li><strong>Boja:<\/strong>\u00a0bijela<\/li>\n<\/ul>\n<p><em>*Nudimo mogu\u0107nost izrade za\u0161tita u razli\u010ditim, nestandardnim dimenzijama, u potpunosti prilago\u0111enih va\u0161im specifi\u010dnim zahtjevima.<\/em><\/p>\n","protected":false},"excerpt":{"rendered":"<p>Vodonepropusna za\u0161tita za jastuk\u00a0pru\u017ea pouzdanu za\u0161titu protiv vlage, mrlja i pra\u0161ine, \u010duvaju\u0107i jastuk svje\u017eim. Izra\u0111ena je od prozra\u010dnog i mekanog materijala, omogu\u0107avaju\u0107i slobodnu cirkulaciju zraka, dok elasti\u010dni rubovi ili patentni zatvara\u010d omogu\u0107avaju jednostavno postavljanje. Specifikacije materijala uklju\u010duju\u00a0mikrofrotir\/PU\u00a0ili\u00a0pamuk\/PU, dok dimenzije dolaze u veli\u010dinama od 50&#215;70 cm do 60&#215;80 cm, dostupna u bijeloj boji. Odr\u017eavanje je nekomplikovano, [&hellip;]<\/p>\n","protected":false},"featured_media":79,"template":"","meta":{"_acf_changed":false},"product_brand":[],"product_cat":[29],"product_tag":[],"class_list":{"0":"post-78","1":"product","2":"type-product","3":"status-publish","4":"has-post-thumbnail","6":"product_cat-posteljina","8":"first","9":"instock","10":"shipping-taxable","11":"product-type-variable"},"acf":[],"_links":{"self":[{"href":"https:\/\/hotelassortment.com\/sl\/wp-json\/wp\/v2\/product\/78","targetHints":{"allow":["GET"]}}],"collection":[{"href":"https:\/\/hotelassortment.com\/sl\/wp-json\/wp\/v2\/product"}],"about":[{"href":"https:\/\/hotelassortment.com\/sl\/wp-json\/wp\/v2\/types\/product"}],"wp:featuredmedia":[{"embeddable":true,"href":"https:\/\/hotelassortment.com\/sl\/wp-json\/wp\/v2\/media\/79"}],"wp:attachment":[{"href":"https:\/\/hotelassortment.com\/sl\/wp-json\/wp\/v2\/media?parent=78"}],"wp:term":[{"taxonomy":"product_brand","embeddable":true,"href":"https:\/\/hotelassortment.com\/sl\/wp-json\/wp\/v2\/product_brand?post=78"},{"taxonomy":"product_cat","embeddable":true,"href":"https:\/\/hotelassortment.com\/sl\/wp-json\/wp\/v2\/product_cat?post=78"},{"taxonomy":"product_tag","embeddable":true,"href":"https:\/\/hotelassortment.com\/sl\/wp-json\/wp\/v2\/product_tag?post=78"}],"curies":[{"name":"wp","href":"https:\/\/api.w.org\/{rel}","templated":true}]}}