{"id":76,"date":"2023-11-16T14:06:08","date_gmt":"2023-11-16T14:06:08","guid":{"rendered":"https:\/\/hotelskaoprema.ba\/?post_type=product&#038;p=76"},"modified":"2026-04-15T22:32:48","modified_gmt":"2026-04-15T22:32:48","slug":"vodonepropusna-zastita-za-madrac","status":"publish","type":"product","link":"https:\/\/hotelassortment.com\/sl\/artikli\/vodonepropusna-zastita-za-madrac","title":{"rendered":"Vodonepropusna za\u0161tita za madrac"},"content":{"rendered":"<p>Vodonepropusna za\u0161tita za madrac pru\u017ea potpunu za\u0161titu od vlage, mrlja i prljav\u0161tine, odr\u017eavaju\u0107i madrac svje\u017eim i produ\u017eavaju\u0107i njegov vijek trajanja. Izra\u0111ena je od prozra\u010dnog i mekanog materijala koji omogu\u0107ava slobodnu cirkulaciju zraka, a pritom ne naru\u0161ava udobnost spavanja.<\/p>\n<p>Zahvaljuju\u0107i\u00a0<strong>elasti\u010dnim rubovima<\/strong>, lako se postavlja i \u010dvrsto prijanja uz madrac, \u0161to je \u010dini prakti\u010dnim i higijenskim rje\u0161enjem za hotele i apartmane visokih standarda. Napravljena je od kvalitetnog materijala Pamuk\/PU i dostupna u dimenzijama <strong>90cm x 200cm, 140cmx 200cm, 160cm x 200cm<\/strong>\u00a0i\u00a0<strong>180cm x 200cm<\/strong>.<\/p>\n<ul>\n<li><strong>Specifikacije \u2013 Vodonepropusna za\u0161tita za madrac<\/strong><\/li>\n<li><strong>Materijal:<\/strong>\u00a0Pamuk\/PU, vodonepropusno<\/li>\n<li><strong>Dimenzije:<\/strong> 90cm x 200cm | 140cm x 200cm | 160cm x 200cm | 180cm x 200cm<\/li>\n<li><strong>Boja:<\/strong>\u00a0bijela<\/li>\n<\/ul>\n<p><em>*Nudimo mogu\u0107nost izrade za\u0161tita u razli\u010ditim, nestandardnim dimenzijama, u potpunosti prilago\u0111enih va\u0161im specifi\u010dnim zahtjevima.<\/em><\/p>\n","protected":false},"excerpt":{"rendered":"<p>Vodonepropusna za\u0161tita za madrac pru\u017ea potpunu za\u0161titu od vlage, mrlja i prljav\u0161tine, odr\u017eavaju\u0107i madrac svje\u017eim i produ\u017eavaju\u0107i njegov vijek trajanja. Izra\u0111ena je od prozra\u010dnog i mekanog materijala koji omogu\u0107ava slobodnu cirkulaciju zraka, a pritom ne naru\u0161ava udobnost spavanja. Zahvaljuju\u0107i\u00a0elasti\u010dnim rubovima, lako se postavlja i \u010dvrsto prijanja uz madrac, \u0161to je \u010dini prakti\u010dnim i higijenskim rje\u0161enjem [&hellip;]<\/p>\n","protected":false},"featured_media":77,"template":"","meta":{"_acf_changed":false},"product_brand":[],"product_cat":[29],"product_tag":[],"class_list":{"0":"post-76","1":"product","2":"type-product","3":"status-publish","4":"has-post-thumbnail","6":"product_cat-posteljina","8":"first","9":"instock","10":"shipping-taxable","11":"product-type-variable"},"acf":[],"_links":{"self":[{"href":"https:\/\/hotelassortment.com\/sl\/wp-json\/wp\/v2\/product\/76","targetHints":{"allow":["GET"]}}],"collection":[{"href":"https:\/\/hotelassortment.com\/sl\/wp-json\/wp\/v2\/product"}],"about":[{"href":"https:\/\/hotelassortment.com\/sl\/wp-json\/wp\/v2\/types\/product"}],"wp:featuredmedia":[{"embeddable":true,"href":"https:\/\/hotelassortment.com\/sl\/wp-json\/wp\/v2\/media\/77"}],"wp:attachment":[{"href":"https:\/\/hotelassortment.com\/sl\/wp-json\/wp\/v2\/media?parent=76"}],"wp:term":[{"taxonomy":"product_brand","embeddable":true,"href":"https:\/\/hotelassortment.com\/sl\/wp-json\/wp\/v2\/product_brand?post=76"},{"taxonomy":"product_cat","embeddable":true,"href":"https:\/\/hotelassortment.com\/sl\/wp-json\/wp\/v2\/product_cat?post=76"},{"taxonomy":"product_tag","embeddable":true,"href":"https:\/\/hotelassortment.com\/sl\/wp-json\/wp\/v2\/product_tag?post=76"}],"curies":[{"name":"wp","href":"https:\/\/api.w.org\/{rel}","templated":true}]}}