{"id":74,"date":"2023-11-16T14:00:47","date_gmt":"2023-11-16T14:00:47","guid":{"rendered":"https:\/\/hotelskaoprema.ba\/?post_type=product&#038;p=74"},"modified":"2026-04-14T20:28:36","modified_gmt":"2026-04-14T20:28:36","slug":"jastuk-mikrofiber","status":"publish","type":"product","link":"https:\/\/hotelassortment.com\/sl\/artikli\/jastuk-mikrofiber","title":{"rendered":"Jastuk mikrofiber"},"content":{"rendered":"<p>Otkrijte savr\u0161enu udobnost uz na\u0161\u00a0<strong>jastuk od mikrofibera<\/strong>\u00a0dizajniran za vrhunsku podr\u0161ku i opu\u0161tanje. Savr\u0161en za hotele koji \u017eele svojim gostima pru\u017eiti luksuzan osje\u0107aj kao kod ku\u0107e.<\/p>\n<p>Unutra\u0161njost je ispunjena mekanim\u00a0<strong>silikonskim kuglicama<\/strong>\u00a0koje omogu\u0107avaju odli\u010dnu prozra\u010dnost i sprje\u010davaju zadr\u017eavanje vlage, osiguravaju\u0107i da jastuk ostane svje\u017e i higijenski. Zahvaljuju\u0107i elasti\u010dnosti punjenja, jastuk se prilago\u0111ava va\u0161em tijelu, a i dalje zadr\u017eava svoju formu \u010dak i nakon du\u017ee upotrebe. Materijal od\u00a0<strong>mikrofibera<\/strong>\u00a0u kombinaciji sa razli\u010ditim dimenzijama (50cm x 70cm ili 60cm x 80cm) i varijacijama u grama\u017ei osigurava optimalan izbor za razli\u010dite potrebe.<\/p>\n<ul>\n<li><strong>Specifikacije \u2013 Jastuk<\/strong><\/li>\n<li><strong data-start=\"186\" data-end=\"202\">Materijal:<\/strong> mikrofiber<\/li>\n<li><strong>Punjenje:<\/strong> silikonske kuglice<\/li>\n<li><strong data-start=\"208\" data-end=\"235\">Dimenzije:<\/strong> 50cm x 70cm | 60cm x 80cm<\/li>\n<li><strong data-start=\"241\" data-end=\"257\">Grama\u017ea:<\/strong> 700 | 800 | 850 | 900 | 1100 | 1300<\/li>\n<li><strong data-start=\"300\" data-end=\"316\">Boja:<\/strong>\u00a0bijela<\/li>\n<\/ul>\n<p><em>*Nudimo mogu\u0107nost izrade jastuka u razli\u010ditim, nestandardnim dimenzijama, u potpunosti prilago\u0111enih va\u0161im specifi\u010dnim zahtjevima.<\/em><\/p>\n","protected":false},"excerpt":{"rendered":"<p>Otkrijte savr\u0161enu udobnost uz na\u0161\u00a0jastuk od mikrofibera\u00a0dizajniran za vrhunsku podr\u0161ku i opu\u0161tanje. Savr\u0161en za hotele koji \u017eele svojim gostima pru\u017eiti luksuzan osje\u0107aj kao kod ku\u0107e. Unutra\u0161njost je ispunjena mekanim\u00a0silikonskim kuglicama\u00a0koje omogu\u0107avaju odli\u010dnu prozra\u010dnost i sprje\u010davaju zadr\u017eavanje vlage, osiguravaju\u0107i da jastuk ostane svje\u017e i higijenski. Zahvaljuju\u0107i elasti\u010dnosti punjenja, jastuk se prilago\u0111ava va\u0161em tijelu, a i dalje [&hellip;]<\/p>\n","protected":false},"featured_media":75,"template":"","meta":{"_acf_changed":false},"product_brand":[],"product_cat":[95],"product_tag":[],"class_list":{"0":"post-74","1":"product","2":"type-product","3":"status-publish","4":"has-post-thumbnail","6":"product_cat-jastuci-i-jorgani","8":"first","9":"instock","10":"shipping-taxable","11":"product-type-variable"},"acf":[],"_links":{"self":[{"href":"https:\/\/hotelassortment.com\/sl\/wp-json\/wp\/v2\/product\/74","targetHints":{"allow":["GET"]}}],"collection":[{"href":"https:\/\/hotelassortment.com\/sl\/wp-json\/wp\/v2\/product"}],"about":[{"href":"https:\/\/hotelassortment.com\/sl\/wp-json\/wp\/v2\/types\/product"}],"wp:featuredmedia":[{"embeddable":true,"href":"https:\/\/hotelassortment.com\/sl\/wp-json\/wp\/v2\/media\/75"}],"wp:attachment":[{"href":"https:\/\/hotelassortment.com\/sl\/wp-json\/wp\/v2\/media?parent=74"}],"wp:term":[{"taxonomy":"product_brand","embeddable":true,"href":"https:\/\/hotelassortment.com\/sl\/wp-json\/wp\/v2\/product_brand?post=74"},{"taxonomy":"product_cat","embeddable":true,"href":"https:\/\/hotelassortment.com\/sl\/wp-json\/wp\/v2\/product_cat?post=74"},{"taxonomy":"product_tag","embeddable":true,"href":"https:\/\/hotelassortment.com\/sl\/wp-json\/wp\/v2\/product_tag?post=74"}],"curies":[{"name":"wp","href":"https:\/\/api.w.org\/{rel}","templated":true}]}}