{"id":7248,"date":"2025-02-25T13:47:38","date_gmt":"2025-02-25T13:47:38","guid":{"rendered":"https:\/\/hotelskaoprema.ba\/?post_type=product&#038;p=7248"},"modified":"2026-04-14T22:18:53","modified_gmt":"2026-04-14T22:18:53","slug":"prekrivac-za-krevet-pique","status":"publish","type":"product","link":"https:\/\/hotelassortment.com\/sl\/artikli\/prekrivac-za-krevet-pique","title":{"rendered":"Prekriva\u010d za krevet &#8211; pique"},"content":{"rendered":"<p>Prekriva\u010d za krevet &#8211;\u00a0<strong>pique<\/strong>\u00a0je savr\u0161en dodatak svakom hotelskom ambijentu. Izra\u0111en od kvalitetnog pamuka, ovaj prekriva\u010d nudi prepoznatljivu teksturu koja odi\u0161e elegancijom. Njegova lagana, ali izdr\u017eljiva struktura omogu\u0107ava ugodnu toplinu i prozra\u010dnost tokom cijele godine.<\/p>\n<p>Posebno pletivo mu daje izdr\u017eljivost, \u0161to ga \u010dini idealnim za hotele koji \u017eele spoj funkcionalnosti, udobnosti i sofisticiranog dizajna. Odr\u017eavanje je jednostavno, \u0161to dodatno doprinosi njegovoj popularnosti u hotelskoj industriji. Dostupan je u dimenzijama\u00a0<strong>160cm x 230cm<\/strong>\u00a0i\u00a0<strong>230cm x 230cm<\/strong>, u klasi\u010dnoj bijeloj boji, sa sitnim kockastim uzorcima od 100% pamuka.<\/p>\n<ul>\n<li><strong>Specifikacije \u2013 Prekriva\u010d za krevet &#8211; pique<\/strong><\/li>\n<li><strong data-start=\"186\" data-end=\"202\">Materijal:<\/strong> sitni kockasti uzorci 100% pamuka<\/li>\n<li><strong data-start=\"208\" data-end=\"235\">Dimenzije:<\/strong> 160cm x 230cm | 230cm x 230cm<\/li>\n<li><strong data-start=\"300\" data-end=\"316\">Boja:<\/strong>\u00a0bijela<\/li>\n<\/ul>\n<p><em>*Nudimo mogu\u0107nost izrade prekriva\u010da u razli\u010ditim, nestandardnim dimenzijama, u potpunosti prilago\u0111enih va\u0161im specifi\u010dnim zahtjevima.<\/em><\/p>\n","protected":false},"excerpt":{"rendered":"<p>Prekriva\u010d za krevet &#8211;\u00a0pique\u00a0je savr\u0161en dodatak svakom hotelskom ambijentu. Izra\u0111en od kvalitetnog pamuka, ovaj prekriva\u010d nudi prepoznatljivu teksturu koja odi\u0161e elegancijom. Njegova lagana, ali izdr\u017eljiva struktura omogu\u0107ava ugodnu toplinu i prozra\u010dnost tokom cijele godine. Posebno pletivo mu daje izdr\u017eljivost, \u0161to ga \u010dini idealnim za hotele koji \u017eele spoj funkcionalnosti, udobnosti i sofisticiranog dizajna. Odr\u017eavanje je [&hellip;]<\/p>\n","protected":false},"featured_media":7254,"template":"","meta":{"_acf_changed":false},"product_brand":[],"product_cat":[105],"product_tag":[],"class_list":{"0":"post-7248","1":"product","2":"type-product","3":"status-publish","4":"has-post-thumbnail","6":"product_cat-deke-i-prekrivaci","8":"first","9":"instock","10":"shipping-taxable","11":"product-type-variable"},"acf":[],"_links":{"self":[{"href":"https:\/\/hotelassortment.com\/sl\/wp-json\/wp\/v2\/product\/7248","targetHints":{"allow":["GET"]}}],"collection":[{"href":"https:\/\/hotelassortment.com\/sl\/wp-json\/wp\/v2\/product"}],"about":[{"href":"https:\/\/hotelassortment.com\/sl\/wp-json\/wp\/v2\/types\/product"}],"wp:featuredmedia":[{"embeddable":true,"href":"https:\/\/hotelassortment.com\/sl\/wp-json\/wp\/v2\/media\/7254"}],"wp:attachment":[{"href":"https:\/\/hotelassortment.com\/sl\/wp-json\/wp\/v2\/media?parent=7248"}],"wp:term":[{"taxonomy":"product_brand","embeddable":true,"href":"https:\/\/hotelassortment.com\/sl\/wp-json\/wp\/v2\/product_brand?post=7248"},{"taxonomy":"product_cat","embeddable":true,"href":"https:\/\/hotelassortment.com\/sl\/wp-json\/wp\/v2\/product_cat?post=7248"},{"taxonomy":"product_tag","embeddable":true,"href":"https:\/\/hotelassortment.com\/sl\/wp-json\/wp\/v2\/product_tag?post=7248"}],"curies":[{"name":"wp","href":"https:\/\/api.w.org\/{rel}","templated":true}]}}