{"id":72,"date":"2023-11-16T13:49:16","date_gmt":"2023-11-16T13:49:16","guid":{"rendered":"https:\/\/hotelskaoprema.ba\/?post_type=product&#038;p=72"},"modified":"2026-04-14T20:55:25","modified_gmt":"2026-04-14T20:55:25","slug":"jorgan-mikrofiber","status":"publish","type":"product","link":"https:\/\/hotelassortment.com\/sl\/artikli\/jorgan-mikrofiber","title":{"rendered":"Jorgan mikrofiber"},"content":{"rendered":"<p>Hotelski\u00a0<strong>mikrofiber jorgan<\/strong>\u00a0je savr\u0161en spoj udobnosti i prakti\u010dnosti, pru\u017eaju\u0107i ugodno iskustvo spavanja. Njegovo mekano punjenje i lagana struktura \u010dine ga idealnim za kori\u0161tenje tokom cijele godine.<\/p>\n<p>Izra\u0111en od visokokvalitetnog\u00a0<strong>mikrofibera<\/strong>, ovaj jorgan se isti\u010de svojom prozra\u010dno\u0161\u0107u i sposobno\u0161\u0107u odr\u017eavanja optimalne temperature tijela. Otporan je na \u010desta pranja i brzo se su\u0161i, \u0161to mu omogu\u0107ava da zadr\u017ei svoj oblik i nakon du\u017ee upotrebe.\u00a0<strong>Specifikacije uklju\u010duju<\/strong>: mikrofiber materijal, silikonska vlakna kao punjenje, te \u010detiri dostupne dimenzije \u2013 135cm x 195cm, 155cm x 215cm, 195cm x 215cm i 215cm x 235cm. GSM varira od 250 do 400, a dostupna boja je bijela.<\/p>\n<ul>\n<li><strong>Specifikacije \u2013 Jorgan<\/strong><\/li>\n<li><strong data-start=\"186\" data-end=\"202\">Materijal:<\/strong> mikrofiber<\/li>\n<li><strong>Punjenje:<\/strong> silikonska vlakna<\/li>\n<li><strong data-start=\"208\" data-end=\"235\">Dimenzije:<\/strong> 135cm x 195cm | 155cm x 215cm | 195cm x 215cm | 215cm x 235cm<\/li>\n<li><strong data-start=\"241\" data-end=\"257\">GSM:<\/strong> 250 | 300 | 400<\/li>\n<li><strong data-start=\"300\" data-end=\"316\">Boja:<\/strong>\u00a0bijela<\/li>\n<\/ul>\n<p><em>*Nudimo mogu\u0107nost izrade jorgana u razli\u010ditim, nestandardnim dimenzijama, u potpunosti prilago\u0111enih va\u0161im specifi\u010dnim zahtjevima.<\/em><\/p>\n","protected":false},"excerpt":{"rendered":"<p>Hotelski\u00a0mikrofiber jorgan\u00a0je savr\u0161en spoj udobnosti i prakti\u010dnosti, pru\u017eaju\u0107i ugodno iskustvo spavanja. Njegovo mekano punjenje i lagana struktura \u010dine ga idealnim za kori\u0161tenje tokom cijele godine. Izra\u0111en od visokokvalitetnog\u00a0mikrofibera, ovaj jorgan se isti\u010de svojom prozra\u010dno\u0161\u0107u i sposobno\u0161\u0107u odr\u017eavanja optimalne temperature tijela. Otporan je na \u010desta pranja i brzo se su\u0161i, \u0161to mu omogu\u0107ava da zadr\u017ei svoj [&hellip;]<\/p>\n","protected":false},"featured_media":73,"template":"","meta":{"_acf_changed":false},"product_brand":[],"product_cat":[95],"product_tag":[],"class_list":{"0":"post-72","1":"product","2":"type-product","3":"status-publish","4":"has-post-thumbnail","6":"product_cat-jastuci-i-jorgani","8":"first","9":"instock","10":"shipping-taxable","11":"product-type-variable"},"acf":[],"_links":{"self":[{"href":"https:\/\/hotelassortment.com\/sl\/wp-json\/wp\/v2\/product\/72","targetHints":{"allow":["GET"]}}],"collection":[{"href":"https:\/\/hotelassortment.com\/sl\/wp-json\/wp\/v2\/product"}],"about":[{"href":"https:\/\/hotelassortment.com\/sl\/wp-json\/wp\/v2\/types\/product"}],"wp:featuredmedia":[{"embeddable":true,"href":"https:\/\/hotelassortment.com\/sl\/wp-json\/wp\/v2\/media\/73"}],"wp:attachment":[{"href":"https:\/\/hotelassortment.com\/sl\/wp-json\/wp\/v2\/media?parent=72"}],"wp:term":[{"taxonomy":"product_brand","embeddable":true,"href":"https:\/\/hotelassortment.com\/sl\/wp-json\/wp\/v2\/product_brand?post=72"},{"taxonomy":"product_cat","embeddable":true,"href":"https:\/\/hotelassortment.com\/sl\/wp-json\/wp\/v2\/product_cat?post=72"},{"taxonomy":"product_tag","embeddable":true,"href":"https:\/\/hotelassortment.com\/sl\/wp-json\/wp\/v2\/product_tag?post=72"}],"curies":[{"name":"wp","href":"https:\/\/api.w.org\/{rel}","templated":true}]}}