{"id":7174,"date":"2025-02-25T09:56:47","date_gmt":"2025-02-25T09:56:47","guid":{"rendered":"https:\/\/hotelskaoprema.ba\/?post_type=product&#038;p=7174"},"modified":"2026-04-12T19:59:24","modified_gmt":"2026-04-12T19:59:24","slug":"peskir-za-lice","status":"publish","type":"product","link":"https:\/\/hotelassortment.com\/sl\/artikli\/peskir-za-lice","title":{"rendered":"Pe\u0161kir za lice"},"content":{"rendered":"<p>Hotelski\u00a0<strong>pe\u0161kiri za lice<\/strong>\u00a0izra\u0111eni su od 100% pamuka, \u0161to osigurava izuzetnu meko\u0107u i nje\u017enost. Ovi pe\u0161kiri su savr\u0161eni za hotele, spa i wellness centre koji \u017eele pru\u017eiti maksimalan komfor svojim gostima.<\/p>\n<p>Pe\u0161kiri se odlikuju visokom mo\u0107i upijanja i izdr\u017eljivo\u0161\u0107u, \u0161to ih \u010dini dugotrajnim i pouzdanim.\u00a0<strong>Elegantni izgled<\/strong>\u00a0i jednostavno odr\u017eavanje omogu\u0107avaju gostima u\u017eivanje u luksuznom iskustvu. Specifikacije uklju\u010duju dimenzije od 30cm x 30cm, te su dostupni u GSM vrijednostima 400, 450 i 500. Ovaj proizvod dolazi u klasi\u010dnoj bijeloj boji, \u0161to dodatno nagla\u0161ava osje\u0107aj \u010disto\u0107e i higijene.<\/p>\n<ul>\n<li data-start=\"105\" data-end=\"207\"><strong>Specifikacije \u2013 Pe\u0161kir za lice<\/strong><\/li>\n<li data-start=\"105\" data-end=\"207\"><strong data-start=\"186\" data-end=\"202\">Materijal:<\/strong> 100% pamuk<\/li>\n<li data-start=\"105\" data-end=\"207\"><strong data-start=\"208\" data-end=\"235\">Dimenzije:<\/strong> 30cm x 30cm<\/li>\n<li data-start=\"105\" data-end=\"207\"><strong data-start=\"241\" data-end=\"257\">GSM:<\/strong> 400 | 450 | 500<\/li>\n<li data-start=\"105\" data-end=\"207\"><strong data-start=\"300\" data-end=\"316\">Boja:<\/strong>\u00a0bijela<\/li>\n<\/ul>\n<p><em>*Nudimo mogu\u0107nost izrade pe\u0161kira u razli\u010ditim, nestandardnim dimenzijama, u potpunosti prilago\u0111enih va\u0161im specifi\u010dnim zahtjevima. Tako\u0111er, omogu\u0107avamo personalizaciju pe\u0161kira kroz dodavanje logotipa, veza ili natpisa, kako bi proizvod u potpunosti odgovarao va\u0161em brendu i potrebama.<\/em><\/p>\n","protected":false},"excerpt":{"rendered":"<p>Hotelski\u00a0pe\u0161kiri za lice\u00a0izra\u0111eni su od 100% pamuka, \u0161to osigurava izuzetnu meko\u0107u i nje\u017enost. Ovi pe\u0161kiri su savr\u0161eni za hotele, spa i wellness centre koji \u017eele pru\u017eiti maksimalan komfor svojim gostima. Pe\u0161kiri se odlikuju visokom mo\u0107i upijanja i izdr\u017eljivo\u0161\u0107u, \u0161to ih \u010dini dugotrajnim i pouzdanim.\u00a0Elegantni izgled\u00a0i jednostavno odr\u017eavanje omogu\u0107avaju gostima u\u017eivanje u luksuznom iskustvu. Specifikacije uklju\u010duju [&hellip;]<\/p>\n","protected":false},"featured_media":7178,"template":"","meta":{"_acf_changed":false},"product_brand":[],"product_cat":[28],"product_tag":[],"class_list":{"0":"post-7174","1":"product","2":"type-product","3":"status-publish","4":"has-post-thumbnail","6":"product_cat-peskiri","8":"first","9":"instock","10":"shipping-taxable","11":"product-type-variable"},"acf":[],"_links":{"self":[{"href":"https:\/\/hotelassortment.com\/sl\/wp-json\/wp\/v2\/product\/7174","targetHints":{"allow":["GET"]}}],"collection":[{"href":"https:\/\/hotelassortment.com\/sl\/wp-json\/wp\/v2\/product"}],"about":[{"href":"https:\/\/hotelassortment.com\/sl\/wp-json\/wp\/v2\/types\/product"}],"wp:featuredmedia":[{"embeddable":true,"href":"https:\/\/hotelassortment.com\/sl\/wp-json\/wp\/v2\/media\/7178"}],"wp:attachment":[{"href":"https:\/\/hotelassortment.com\/sl\/wp-json\/wp\/v2\/media?parent=7174"}],"wp:term":[{"taxonomy":"product_brand","embeddable":true,"href":"https:\/\/hotelassortment.com\/sl\/wp-json\/wp\/v2\/product_brand?post=7174"},{"taxonomy":"product_cat","embeddable":true,"href":"https:\/\/hotelassortment.com\/sl\/wp-json\/wp\/v2\/product_cat?post=7174"},{"taxonomy":"product_tag","embeddable":true,"href":"https:\/\/hotelassortment.com\/sl\/wp-json\/wp\/v2\/product_tag?post=7174"}],"curies":[{"name":"wp","href":"https:\/\/api.w.org\/{rel}","templated":true}]}}