{"id":7061,"date":"2025-01-09T14:05:45","date_gmt":"2025-01-09T14:05:45","guid":{"rendered":"https:\/\/hotelskaoprema.ba\/?post_type=product&#038;p=7061"},"modified":"2025-01-09T14:05:45","modified_gmt":"2025-01-09T14:05:45","slug":"miris-za-osvjezivac-prostora","status":"publish","type":"product","link":"https:\/\/hotelassortment.com\/sl\/artikli\/miris-za-osvjezivac-prostora","title":{"rendered":"Miris za osvje\u017eiva\u010d prostora"},"content":{"rendered":"<ul>\n<li>Pogodan za hotele, apartmane, ordinacije i trgova\u010dke radnje razli\u010ditih namjena<\/li>\n<li>Mogu\u0107nost biranja mirisa po vlastitoj \u017eelji<\/li>\n<\/ul>\n","protected":false},"excerpt":{"rendered":"<p>Pogodan za hotele, apartmane, ordinacije i trgova\u010dke radnje razli\u010ditih namjena Mogu\u0107nost biranja mirisa po vlastitoj \u017eelji<\/p>\n","protected":false},"featured_media":7067,"template":"","meta":{"_acf_changed":false},"product_brand":[],"product_cat":[59],"product_tag":[],"class_list":{"0":"post-7061","1":"product","2":"type-product","3":"status-publish","4":"has-post-thumbnail","6":"product_cat-osvjezivac-prostora","8":"first","9":"instock","10":"shipping-taxable","11":"product-type-variable"},"acf":[],"_links":{"self":[{"href":"https:\/\/hotelassortment.com\/sl\/wp-json\/wp\/v2\/product\/7061","targetHints":{"allow":["GET"]}}],"collection":[{"href":"https:\/\/hotelassortment.com\/sl\/wp-json\/wp\/v2\/product"}],"about":[{"href":"https:\/\/hotelassortment.com\/sl\/wp-json\/wp\/v2\/types\/product"}],"wp:featuredmedia":[{"embeddable":true,"href":"https:\/\/hotelassortment.com\/sl\/wp-json\/wp\/v2\/media\/7067"}],"wp:attachment":[{"href":"https:\/\/hotelassortment.com\/sl\/wp-json\/wp\/v2\/media?parent=7061"}],"wp:term":[{"taxonomy":"product_brand","embeddable":true,"href":"https:\/\/hotelassortment.com\/sl\/wp-json\/wp\/v2\/product_brand?post=7061"},{"taxonomy":"product_cat","embeddable":true,"href":"https:\/\/hotelassortment.com\/sl\/wp-json\/wp\/v2\/product_cat?post=7061"},{"taxonomy":"product_tag","embeddable":true,"href":"https:\/\/hotelassortment.com\/sl\/wp-json\/wp\/v2\/product_tag?post=7061"}],"curies":[{"name":"wp","href":"https:\/\/api.w.org\/{rel}","templated":true}]}}