{"id":7040,"date":"2024-12-29T19:18:26","date_gmt":"2024-12-29T19:18:26","guid":{"rendered":"https:\/\/hotelskaoprema.ba\/?post_type=product&#038;p=7040"},"modified":"2024-12-29T19:18:26","modified_gmt":"2024-12-29T19:18:26","slug":"zidni-fen-tdl-1","status":"publish","type":"product","link":"https:\/\/hotelassortment.com\/sl\/artikli\/zidni-fen-tdl-1","title":{"rendered":"Zidni fen TDL\/1"},"content":{"rendered":"<ul>\n<li>Zidna potpora<\/li>\n<li>Magnetni nosa\u010d za jednostavno pri\u010dvr\u0161\u0107ivanje i odlaganje<\/li>\n<li>Fleksibilno crijevo du\u017eine 60cm, koje se mo\u017ee produ\u017eiti do 140cm<\/li>\n<li>Automatsko sigurnosno isklju\u010divanje<\/li>\n<li>Tri brzine<\/li>\n<\/ul>\n","protected":false},"excerpt":{"rendered":"<p>Zidna potpora Magnetni nosa\u010d za jednostavno pri\u010dvr\u0161\u0107ivanje i odlaganje Fleksibilno crijevo du\u017eine 60cm, koje se mo\u017ee produ\u017eiti do 140cm Automatsko sigurnosno isklju\u010divanje Tri brzine<\/p>\n","protected":false},"featured_media":7041,"template":"","meta":{"_acf_changed":false},"product_brand":[],"product_cat":[64],"product_tag":[],"class_list":{"0":"post-7040","1":"product","2":"type-product","3":"status-publish","4":"has-post-thumbnail","6":"product_cat-fenovi","8":"first","9":"outofstock","10":"shipping-taxable","11":"product-type-variable"},"acf":[],"_links":{"self":[{"href":"https:\/\/hotelassortment.com\/sl\/wp-json\/wp\/v2\/product\/7040","targetHints":{"allow":["GET"]}}],"collection":[{"href":"https:\/\/hotelassortment.com\/sl\/wp-json\/wp\/v2\/product"}],"about":[{"href":"https:\/\/hotelassortment.com\/sl\/wp-json\/wp\/v2\/types\/product"}],"wp:featuredmedia":[{"embeddable":true,"href":"https:\/\/hotelassortment.com\/sl\/wp-json\/wp\/v2\/media\/7041"}],"wp:attachment":[{"href":"https:\/\/hotelassortment.com\/sl\/wp-json\/wp\/v2\/media?parent=7040"}],"wp:term":[{"taxonomy":"product_brand","embeddable":true,"href":"https:\/\/hotelassortment.com\/sl\/wp-json\/wp\/v2\/product_brand?post=7040"},{"taxonomy":"product_cat","embeddable":true,"href":"https:\/\/hotelassortment.com\/sl\/wp-json\/wp\/v2\/product_cat?post=7040"},{"taxonomy":"product_tag","embeddable":true,"href":"https:\/\/hotelassortment.com\/sl\/wp-json\/wp\/v2\/product_tag?post=7040"}],"curies":[{"name":"wp","href":"https:\/\/api.w.org\/{rel}","templated":true}]}}