{"id":7016,"date":"2024-12-29T11:35:50","date_gmt":"2024-12-29T11:35:50","guid":{"rendered":"https:\/\/hotelskaoprema.ba\/?post_type=product&#038;p=7016"},"modified":"2024-12-29T11:35:50","modified_gmt":"2024-12-29T11:35:50","slug":"profesionalni-sigurnosni-sef","status":"publish","type":"product","link":"https:\/\/hotelassortment.com\/sl\/artikli\/profesionalni-sigurnosni-sef","title":{"rendered":"Profesionalni sigurnosni sef"},"content":{"rendered":"<ul>\n<li>Jedinstvena struktura od \u010deli\u010dnog lima debljine 4mm, sa \u010dvrstim unutra\u0161njim profilima koji proizvodu daju izuzetnu \u010dvrsto\u0107u<\/li>\n<li>Vrata debljine 80mm, interno oja\u010dana sa profilom za me\u0111usobno povezivanje koji je otporan na kidanje<\/li>\n<li>Sistem zaklju\u010davanja sa 3-ekspanzijskom pre\u010dkom koja upravlja sa 6 zubaca pre\u010dnika 22mm<\/li>\n<li>Za\u0161tita mehanizma zaklju\u010davanja sa plo\u010dom od manganskog \u010delika<\/li>\n<li>Unutra\u0161nja polica pode\u0161avana na nosa\u010dima dobijenim od bo\u010dnih panela koji su pri\u010dvr\u0161\u0107eni sa strane<\/li>\n<li>Zapremina od 140l<\/li>\n<li>Rupe za pri\u010dvr\u0161\u0107ivanje na zid i\/ili pod<\/li>\n<\/ul>\n","protected":false},"excerpt":{"rendered":"<p>Jedinstvena struktura od \u010deli\u010dnog lima debljine 4mm, sa \u010dvrstim unutra\u0161njim profilima koji proizvodu daju izuzetnu \u010dvrsto\u0107u Vrata debljine 80mm, interno oja\u010dana sa profilom za me\u0111usobno povezivanje koji je otporan na kidanje Sistem zaklju\u010davanja sa 3-ekspanzijskom pre\u010dkom koja upravlja sa 6 zubaca pre\u010dnika 22mm Za\u0161tita mehanizma zaklju\u010davanja sa plo\u010dom od manganskog \u010delika Unutra\u0161nja polica pode\u0161avana na [&hellip;]<\/p>\n","protected":false},"featured_media":7017,"template":"","meta":{"_acf_changed":false},"product_brand":[],"product_cat":[70],"product_tag":[],"class_list":{"0":"post-7016","1":"product","2":"type-product","3":"status-publish","4":"has-post-thumbnail","6":"product_cat-sefovi","8":"first","9":"outofstock","10":"shipping-taxable","11":"product-type-variable"},"acf":[],"_links":{"self":[{"href":"https:\/\/hotelassortment.com\/sl\/wp-json\/wp\/v2\/product\/7016","targetHints":{"allow":["GET"]}}],"collection":[{"href":"https:\/\/hotelassortment.com\/sl\/wp-json\/wp\/v2\/product"}],"about":[{"href":"https:\/\/hotelassortment.com\/sl\/wp-json\/wp\/v2\/types\/product"}],"wp:featuredmedia":[{"embeddable":true,"href":"https:\/\/hotelassortment.com\/sl\/wp-json\/wp\/v2\/media\/7017"}],"wp:attachment":[{"href":"https:\/\/hotelassortment.com\/sl\/wp-json\/wp\/v2\/media?parent=7016"}],"wp:term":[{"taxonomy":"product_brand","embeddable":true,"href":"https:\/\/hotelassortment.com\/sl\/wp-json\/wp\/v2\/product_brand?post=7016"},{"taxonomy":"product_cat","embeddable":true,"href":"https:\/\/hotelassortment.com\/sl\/wp-json\/wp\/v2\/product_cat?post=7016"},{"taxonomy":"product_tag","embeddable":true,"href":"https:\/\/hotelassortment.com\/sl\/wp-json\/wp\/v2\/product_tag?post=7016"}],"curies":[{"name":"wp","href":"https:\/\/api.w.org\/{rel}","templated":true}]}}