{"id":7013,"date":"2024-12-29T11:25:46","date_gmt":"2024-12-29T11:25:46","guid":{"rendered":"https:\/\/hotelskaoprema.ba\/?post_type=product&#038;p=7013"},"modified":"2024-12-29T11:25:46","modified_gmt":"2024-12-29T11:25:46","slug":"sef-sa-elektromagnetnom-bravom-tse-0h","status":"publish","type":"product","link":"https:\/\/hotelassortment.com\/sl\/artikli\/sef-sa-elektromagnetnom-bravom-tse-0h","title":{"rendered":"Sef sa elektromagnetnom bravom TSE\/0H"},"content":{"rendered":"<ul>\n<li>Elektromagnetna brava + mehani\u010dki klju\u010d za hitno otvaranje<\/li>\n<li>Mogu\u0107nost programiranja master koda za ekskluzivnu upotrebu hotelijera<\/li>\n<li>Kapacitet od 9l<\/li>\n<li>Uz sef dolaze i tiple za stabilnu monta\u017eu i pove\u0107anje sigurnosti<\/li>\n<\/ul>\n","protected":false},"excerpt":{"rendered":"<p>Elektromagnetna brava + mehani\u010dki klju\u010d za hitno otvaranje Mogu\u0107nost programiranja master koda za ekskluzivnu upotrebu hotelijera Kapacitet od 9l Uz sef dolaze i tiple za stabilnu monta\u017eu i pove\u0107anje sigurnosti<\/p>\n","protected":false},"featured_media":7014,"template":"","meta":{"_acf_changed":false},"product_brand":[],"product_cat":[70],"product_tag":[],"class_list":{"0":"post-7013","1":"product","2":"type-product","3":"status-publish","4":"has-post-thumbnail","6":"product_cat-sefovi","8":"first","9":"outofstock","10":"shipping-taxable","11":"product-type-variable"},"acf":[],"_links":{"self":[{"href":"https:\/\/hotelassortment.com\/sl\/wp-json\/wp\/v2\/product\/7013","targetHints":{"allow":["GET"]}}],"collection":[{"href":"https:\/\/hotelassortment.com\/sl\/wp-json\/wp\/v2\/product"}],"about":[{"href":"https:\/\/hotelassortment.com\/sl\/wp-json\/wp\/v2\/types\/product"}],"wp:featuredmedia":[{"embeddable":true,"href":"https:\/\/hotelassortment.com\/sl\/wp-json\/wp\/v2\/media\/7014"}],"wp:attachment":[{"href":"https:\/\/hotelassortment.com\/sl\/wp-json\/wp\/v2\/media?parent=7013"}],"wp:term":[{"taxonomy":"product_brand","embeddable":true,"href":"https:\/\/hotelassortment.com\/sl\/wp-json\/wp\/v2\/product_brand?post=7013"},{"taxonomy":"product_cat","embeddable":true,"href":"https:\/\/hotelassortment.com\/sl\/wp-json\/wp\/v2\/product_cat?post=7013"},{"taxonomy":"product_tag","embeddable":true,"href":"https:\/\/hotelassortment.com\/sl\/wp-json\/wp\/v2\/product_tag?post=7013"}],"curies":[{"name":"wp","href":"https:\/\/api.w.org\/{rel}","templated":true}]}}