{"id":7011,"date":"2024-12-29T11:19:36","date_gmt":"2024-12-29T11:19:36","guid":{"rendered":"https:\/\/hotelskaoprema.ba\/?post_type=product&#038;p=7011"},"modified":"2024-12-29T11:20:03","modified_gmt":"2024-12-29T11:20:03","slug":"sef-sa-tastaturom-i-motorizovanom-digitalnom-bravom-tsm-1h","status":"publish","type":"product","link":"https:\/\/hotelassortment.com\/sl\/artikli\/sef-sa-tastaturom-i-motorizovanom-digitalnom-bravom-tsm-1h","title":{"rendered":"Sef sa tastaturom i motorizovanom digitalnom bravom TSM\/1H"},"content":{"rendered":"<ul>\n<li>Motorizovana digitalna brava + mehani\u010dki klju\u010d za hitno otvaranje<\/li>\n<li>Memorisanje posljednjih 100 otvaranja i zatvaranja<\/li>\n<li>Mogu\u0107nost programiranja master koda za ekskluzivnu upotrebu hotelijera<\/li>\n<li>Kapacitet od 10l<\/li>\n<li>Uz sef dolaze i tiple za stabilnu monta\u017eu i pove\u0107anje sigurnosti<\/li>\n<\/ul>\n","protected":false},"excerpt":{"rendered":"<p>Motorizovana digitalna brava + mehani\u010dki klju\u010d za hitno otvaranje Memorisanje posljednjih 100 otvaranja i zatvaranja Mogu\u0107nost programiranja master koda za ekskluzivnu upotrebu hotelijera Kapacitet od 10l Uz sef dolaze i tiple za stabilnu monta\u017eu i pove\u0107anje sigurnosti<\/p>\n","protected":false},"featured_media":7012,"template":"","meta":{"_acf_changed":false},"product_brand":[],"product_cat":[70],"product_tag":[],"class_list":{"0":"post-7011","1":"product","2":"type-product","3":"status-publish","4":"has-post-thumbnail","6":"product_cat-sefovi","8":"first","9":"outofstock","10":"shipping-taxable","11":"product-type-variable"},"acf":[],"_links":{"self":[{"href":"https:\/\/hotelassortment.com\/sl\/wp-json\/wp\/v2\/product\/7011","targetHints":{"allow":["GET"]}}],"collection":[{"href":"https:\/\/hotelassortment.com\/sl\/wp-json\/wp\/v2\/product"}],"about":[{"href":"https:\/\/hotelassortment.com\/sl\/wp-json\/wp\/v2\/types\/product"}],"wp:featuredmedia":[{"embeddable":true,"href":"https:\/\/hotelassortment.com\/sl\/wp-json\/wp\/v2\/media\/7012"}],"wp:attachment":[{"href":"https:\/\/hotelassortment.com\/sl\/wp-json\/wp\/v2\/media?parent=7011"}],"wp:term":[{"taxonomy":"product_brand","embeddable":true,"href":"https:\/\/hotelassortment.com\/sl\/wp-json\/wp\/v2\/product_brand?post=7011"},{"taxonomy":"product_cat","embeddable":true,"href":"https:\/\/hotelassortment.com\/sl\/wp-json\/wp\/v2\/product_cat?post=7011"},{"taxonomy":"product_tag","embeddable":true,"href":"https:\/\/hotelassortment.com\/sl\/wp-json\/wp\/v2\/product_tag?post=7011"}],"curies":[{"name":"wp","href":"https:\/\/api.w.org\/{rel}","templated":true}]}}