{"id":7007,"date":"2024-12-29T11:04:55","date_gmt":"2024-12-29T11:04:55","guid":{"rendered":"https:\/\/hotelskaoprema.ba\/?post_type=product&#038;p=7007"},"modified":"2024-12-29T11:04:55","modified_gmt":"2024-12-29T11:04:55","slug":"laptop-sef-sa-tastaturom-i-motorizovanom-digitalnom-bravom-tsb-4hn-rf","status":"publish","type":"product","link":"https:\/\/hotelassortment.com\/sl\/artikli\/laptop-sef-sa-tastaturom-i-motorizovanom-digitalnom-bravom-tsb-4hn-rf","title":{"rendered":"Laptop sef sa tastaturom i motorizovanom digitalnom bravom TSB\/4HN-RF"},"content":{"rendered":"<ul>\n<li>Motorizovana digitalna brava sa visokopouzdanim elektronskim ure\u0111ajem+ mehani\u010dki klju\u010d za hitno otvaranje<\/li>\n<li>Memorisanje posljednjih 100 otvaranja i zatvaranja<\/li>\n<li>Ovaj sef nudi visoku sigurnost za elektronske ure\u0111aje, uklju\u010duju\u0107i laptope do 15\u201d<\/li>\n<li>Mogu\u0107nost programiranja master koda za ekskluzivnu upotrebu hotelijera<\/li>\n<li>Kapacitet od 27l<\/li>\n<li>LED unutra\u0161nje osvjetljenje<\/li>\n<li>Uz sef dolaze i tiple za stabilnu monta\u017eu i pove\u0107anje sigurnosti<\/li>\n<li><strong>CEU-400:<\/strong>\u00a0Prenosivi elektroni\u010dki ure\u0111aj koji se mo\u017ee koristiti za sve sefove u istom hotelu. Sadr\u017ei dva prilagodljiva sigurnosna koda i omogu\u0107ava elektroni\u010dko hitno otvaranje\u00a0<em>(opcionalno)<\/em><\/li>\n<li><strong>AT-400:<\/strong>\u00a0Evidencija posljednjih 400 doga\u0111aja s datumom i vremenom, koja se mo\u017ee ispisati pomo\u0107u prilo\u017eenog softvera gdje je kupovina CEU-400 ure\u0111aja je obavezna\u00a0<em>(opcionalno)<\/em><\/li>\n<\/ul>\n","protected":false},"excerpt":{"rendered":"<p>Motorizovana digitalna brava sa visokopouzdanim elektronskim ure\u0111ajem+ mehani\u010dki klju\u010d za hitno otvaranje Memorisanje posljednjih 100 otvaranja i zatvaranja Ovaj sef nudi visoku sigurnost za elektronske ure\u0111aje, uklju\u010duju\u0107i laptope do 15\u201d Mogu\u0107nost programiranja master koda za ekskluzivnu upotrebu hotelijera Kapacitet od 27l LED unutra\u0161nje osvjetljenje Uz sef dolaze i tiple za stabilnu monta\u017eu i pove\u0107anje sigurnosti [&hellip;]<\/p>\n","protected":false},"featured_media":7008,"template":"","meta":{"_acf_changed":false},"product_brand":[],"product_cat":[70],"product_tag":[],"class_list":{"0":"post-7007","1":"product","2":"type-product","3":"status-publish","4":"has-post-thumbnail","6":"product_cat-sefovi","8":"first","9":"outofstock","10":"shipping-taxable","11":"product-type-variable"},"acf":[],"_links":{"self":[{"href":"https:\/\/hotelassortment.com\/sl\/wp-json\/wp\/v2\/product\/7007","targetHints":{"allow":["GET"]}}],"collection":[{"href":"https:\/\/hotelassortment.com\/sl\/wp-json\/wp\/v2\/product"}],"about":[{"href":"https:\/\/hotelassortment.com\/sl\/wp-json\/wp\/v2\/types\/product"}],"wp:featuredmedia":[{"embeddable":true,"href":"https:\/\/hotelassortment.com\/sl\/wp-json\/wp\/v2\/media\/7008"}],"wp:attachment":[{"href":"https:\/\/hotelassortment.com\/sl\/wp-json\/wp\/v2\/media?parent=7007"}],"wp:term":[{"taxonomy":"product_brand","embeddable":true,"href":"https:\/\/hotelassortment.com\/sl\/wp-json\/wp\/v2\/product_brand?post=7007"},{"taxonomy":"product_cat","embeddable":true,"href":"https:\/\/hotelassortment.com\/sl\/wp-json\/wp\/v2\/product_cat?post=7007"},{"taxonomy":"product_tag","embeddable":true,"href":"https:\/\/hotelassortment.com\/sl\/wp-json\/wp\/v2\/product_tag?post=7007"}],"curies":[{"name":"wp","href":"https:\/\/api.w.org\/{rel}","templated":true}]}}