{"id":7000,"date":"2024-12-29T10:37:29","date_gmt":"2024-12-29T10:37:29","guid":{"rendered":"https:\/\/hotelskaoprema.ba\/?post_type=product&#038;p=7000"},"modified":"2024-12-29T10:39:36","modified_gmt":"2024-12-29T10:39:36","slug":"laptop-sef-sa-tastaturom-i-motorizovanom-digitalnom-bravom-hde-4hn","status":"publish","type":"product","link":"https:\/\/hotelassortment.com\/sl\/artikli\/laptop-sef-sa-tastaturom-i-motorizovanom-digitalnom-bravom-hde-4hn","title":{"rendered":"Laptop sef sa tastaturom i motorizovanom digitalnom bravom HDE\/4HN"},"content":{"rendered":"<ul>\n<li>Motorizovana digitalna brava + mehani\u010dki klju\u010d za hitno otvaranje<\/li>\n<li>Memorisanje posljednjih 100 otvaranja i zatvaranja<\/li>\n<li>Ovaj sef nudi visoku sigurnost za elektronske ure\u0111aje, uklju\u010duju\u0107i laptope do 15\u201d<\/li>\n<li>Kapacitet od 27l<\/li>\n<li>Uz sef dolaze i tiple za stabilnu monta\u017eu i pove\u0107anje sigurnosti<\/li>\n<li><strong>I-LED:<\/strong> Unutra\u0161nje LED osvjetljenje koje se automatski uklju\u010duje prilikom otvaranja vrata <em>(opcionalno)<\/em><\/li>\n<li><strong>CEU-400:<\/strong> Prenosivi elektroni\u010dki ure\u0111aj koji se mo\u017ee koristiti za sve sefove u istom hotelu. Sadr\u017ei dva prilagodljiva sigurnosna koda i omogu\u0107ava elektroni\u010dko hitno otvaranje <em>(opcionalno)<\/em><\/li>\n<li><strong>AT-400:<\/strong> Evidencija posljednjih 400 doga\u0111aja s datumom i vremenom, koja se mo\u017ee ispisati pomo\u0107u prilo\u017eenog softvera gdje je kupovina CEU-400 ure\u0111aja je obavezna <em>(opcionalno)<\/em><\/li>\n<\/ul>\n","protected":false},"excerpt":{"rendered":"<p>Motorizovana digitalna brava + mehani\u010dki klju\u010d za hitno otvaranje Memorisanje posljednjih 100 otvaranja i zatvaranja Ovaj sef nudi visoku sigurnost za elektronske ure\u0111aje, uklju\u010duju\u0107i laptope do 15\u201d Kapacitet od 27l Uz sef dolaze i tiple za stabilnu monta\u017eu i pove\u0107anje sigurnosti I-LED: Unutra\u0161nje LED osvjetljenje koje se automatski uklju\u010duje prilikom otvaranja vrata (opcionalno) CEU-400: Prenosivi [&hellip;]<\/p>\n","protected":false},"featured_media":7001,"template":"","meta":{"_acf_changed":false},"product_brand":[],"product_cat":[70],"product_tag":[],"class_list":{"0":"post-7000","1":"product","2":"type-product","3":"status-publish","4":"has-post-thumbnail","6":"product_cat-sefovi","8":"first","9":"outofstock","10":"shipping-taxable","11":"product-type-variable"},"acf":[],"_links":{"self":[{"href":"https:\/\/hotelassortment.com\/sl\/wp-json\/wp\/v2\/product\/7000","targetHints":{"allow":["GET"]}}],"collection":[{"href":"https:\/\/hotelassortment.com\/sl\/wp-json\/wp\/v2\/product"}],"about":[{"href":"https:\/\/hotelassortment.com\/sl\/wp-json\/wp\/v2\/types\/product"}],"wp:featuredmedia":[{"embeddable":true,"href":"https:\/\/hotelassortment.com\/sl\/wp-json\/wp\/v2\/media\/7001"}],"wp:attachment":[{"href":"https:\/\/hotelassortment.com\/sl\/wp-json\/wp\/v2\/media?parent=7000"}],"wp:term":[{"taxonomy":"product_brand","embeddable":true,"href":"https:\/\/hotelassortment.com\/sl\/wp-json\/wp\/v2\/product_brand?post=7000"},{"taxonomy":"product_cat","embeddable":true,"href":"https:\/\/hotelassortment.com\/sl\/wp-json\/wp\/v2\/product_cat?post=7000"},{"taxonomy":"product_tag","embeddable":true,"href":"https:\/\/hotelassortment.com\/sl\/wp-json\/wp\/v2\/product_tag?post=7000"}],"curies":[{"name":"wp","href":"https:\/\/api.w.org\/{rel}","templated":true}]}}