{"id":70,"date":"2023-11-16T13:42:52","date_gmt":"2023-11-16T13:42:52","guid":{"rendered":"https:\/\/hotelskaoprema.ba\/?post_type=product&#038;p=70"},"modified":"2026-04-15T20:38:21","modified_gmt":"2026-04-15T20:38:21","slug":"navlaka-za-jastuk-glat","status":"publish","type":"product","link":"https:\/\/hotelassortment.com\/sl\/artikli\/navlaka-za-jastuk-glat","title":{"rendered":"Navlaka za jastuk glat"},"content":{"rendered":"<p>Navlaka za jastuk izra\u0111ena od\u00a0<strong>100% pamuka<\/strong>\u00a0pru\u017ea izvanrednu meko\u0107u i udobnost. Prirodna vlakna osiguravaju\u00a0<strong>prozra\u010dnost<\/strong>\u00a0tokom spavanja, dok nje\u017ean materijal brine o osjetljivoj ko\u017ei. Ova navlaka je\u00a0<strong>hipoalergena<\/strong>\u00a0i jednostavna za odr\u017eavanje, savr\u0161ena za upotrebu u hotelskim sobama.<\/p>\n<p>Zahvaljuju\u0107i kvalitetnoj izradi, navlaka zadr\u017eava svoj oblik i svje\u017einu \u010dak i nakon brojnih pranja. Dostupna je u dvije dimenzije,\u00a0<strong>52cm x 73cm<\/strong>\u00a0i\u00a0<strong>62cm x 83cm<\/strong>, te u dvije razli\u010dite specifikacije kvaliteta,\u00a0<strong>160TC<\/strong>\u00a0i\u00a0<strong>210TC<\/strong>. Nje\u017ena bijela boja doprinosi osje\u0107aju higijene i luksuza.<\/p>\n<ul>\n<li data-start=\"105\" data-end=\"207\"><strong>Specifikacije \u2013 Navlaka za jastuk glat<\/strong><\/li>\n<li data-start=\"105\" data-end=\"207\"><strong data-start=\"186\" data-end=\"202\">Materijal:<\/strong>\u00a0100% pamuk<\/li>\n<li data-start=\"105\" data-end=\"207\"><strong data-start=\"208\" data-end=\"235\">Dimenzije:<\/strong> 52cm x 73cm | 62cm x 83cm<\/li>\n<li data-start=\"105\" data-end=\"207\"><strong data-start=\"241\" data-end=\"257\">Karakteristike:<\/strong> 160TC | 210TC<\/li>\n<li data-start=\"105\" data-end=\"207\"><strong data-start=\"300\" data-end=\"316\">Boja:<\/strong>\u00a0bijela<\/li>\n<\/ul>\n<p><em>*Nudimo mogu\u0107nost izrade navlaka u razli\u010ditim, nestandardnim dimenzijama, u potpunosti prilago\u0111enih va\u0161im specifi\u010dnim zahtjevima.<\/em><\/p>\n","protected":false},"excerpt":{"rendered":"<p>Navlaka za jastuk izra\u0111ena od\u00a0100% pamuka\u00a0pru\u017ea izvanrednu meko\u0107u i udobnost. Prirodna vlakna osiguravaju\u00a0prozra\u010dnost\u00a0tokom spavanja, dok nje\u017ean materijal brine o osjetljivoj ko\u017ei. Ova navlaka je\u00a0hipoalergena\u00a0i jednostavna za odr\u017eavanje, savr\u0161ena za upotrebu u hotelskim sobama. Zahvaljuju\u0107i kvalitetnoj izradi, navlaka zadr\u017eava svoj oblik i svje\u017einu \u010dak i nakon brojnih pranja. Dostupna je u dvije dimenzije,\u00a052cm x 73cm\u00a0i\u00a062cm x [&hellip;]<\/p>\n","protected":false},"featured_media":71,"template":"","meta":{"_acf_changed":false},"product_brand":[],"product_cat":[29],"product_tag":[],"class_list":{"0":"post-70","1":"product","2":"type-product","3":"status-publish","4":"has-post-thumbnail","6":"product_cat-posteljina","8":"first","9":"instock","10":"shipping-taxable","11":"product-type-variable"},"acf":[],"_links":{"self":[{"href":"https:\/\/hotelassortment.com\/sl\/wp-json\/wp\/v2\/product\/70","targetHints":{"allow":["GET"]}}],"collection":[{"href":"https:\/\/hotelassortment.com\/sl\/wp-json\/wp\/v2\/product"}],"about":[{"href":"https:\/\/hotelassortment.com\/sl\/wp-json\/wp\/v2\/types\/product"}],"wp:featuredmedia":[{"embeddable":true,"href":"https:\/\/hotelassortment.com\/sl\/wp-json\/wp\/v2\/media\/71"}],"wp:attachment":[{"href":"https:\/\/hotelassortment.com\/sl\/wp-json\/wp\/v2\/media?parent=70"}],"wp:term":[{"taxonomy":"product_brand","embeddable":true,"href":"https:\/\/hotelassortment.com\/sl\/wp-json\/wp\/v2\/product_brand?post=70"},{"taxonomy":"product_cat","embeddable":true,"href":"https:\/\/hotelassortment.com\/sl\/wp-json\/wp\/v2\/product_cat?post=70"},{"taxonomy":"product_tag","embeddable":true,"href":"https:\/\/hotelassortment.com\/sl\/wp-json\/wp\/v2\/product_tag?post=70"}],"curies":[{"name":"wp","href":"https:\/\/api.w.org\/{rel}","templated":true}]}}