{"id":6967,"date":"2024-12-27T09:19:43","date_gmt":"2024-12-27T09:19:43","guid":{"rendered":"https:\/\/hotelskaoprema.ba\/?post_type=product&#038;p=6967"},"modified":"2024-12-27T09:19:44","modified_gmt":"2024-12-27T09:19:44","slug":"hotelski-budilnik","status":"publish","type":"product","link":"https:\/\/hotelassortment.com\/sl\/artikli\/hotelski-budilnik","title":{"rendered":"Hotelski budilnik"},"content":{"rendered":"<ul>\n<li>Ovaj hotelski budilnik opremljen je integriranom funkcijom bez baterija, pru\u017eaju\u0107i ekolo\u0161ki prihvatljivo i prakti\u010dno rje\u0161enje<\/li>\n<li>Zahvaljuju\u0107i funkciji be\u017ei\u010dnog punjenja telefona, gosti mogu brzo i jednostavno puniti svoje ure\u0111aje<\/li>\n<li>S integrisanim USB i Type-C priklju\u010dcima, zadovoljava potrebe punjenja za sve vrste ure\u0111aja<\/li>\n<\/ul>\n","protected":false},"excerpt":{"rendered":"<p>Ovaj hotelski budilnik opremljen je integriranom funkcijom bez baterija, pru\u017eaju\u0107i ekolo\u0161ki prihvatljivo i prakti\u010dno rje\u0161enje Zahvaljuju\u0107i funkciji be\u017ei\u010dnog punjenja telefona, gosti mogu brzo i jednostavno puniti svoje ure\u0111aje S integrisanim USB i Type-C priklju\u010dcima, zadovoljava potrebe punjenja za sve vrste ure\u0111aja<\/p>\n","protected":false},"featured_media":6968,"template":"","meta":{"_acf_changed":false},"product_brand":[],"product_cat":[78],"product_tag":[],"class_list":{"0":"post-6967","1":"product","2":"type-product","3":"status-publish","4":"has-post-thumbnail","6":"product_cat-ostalo","8":"first","9":"outofstock","10":"shipping-taxable","11":"product-type-variable"},"acf":[],"_links":{"self":[{"href":"https:\/\/hotelassortment.com\/sl\/wp-json\/wp\/v2\/product\/6967","targetHints":{"allow":["GET"]}}],"collection":[{"href":"https:\/\/hotelassortment.com\/sl\/wp-json\/wp\/v2\/product"}],"about":[{"href":"https:\/\/hotelassortment.com\/sl\/wp-json\/wp\/v2\/types\/product"}],"wp:featuredmedia":[{"embeddable":true,"href":"https:\/\/hotelassortment.com\/sl\/wp-json\/wp\/v2\/media\/6968"}],"wp:attachment":[{"href":"https:\/\/hotelassortment.com\/sl\/wp-json\/wp\/v2\/media?parent=6967"}],"wp:term":[{"taxonomy":"product_brand","embeddable":true,"href":"https:\/\/hotelassortment.com\/sl\/wp-json\/wp\/v2\/product_brand?post=6967"},{"taxonomy":"product_cat","embeddable":true,"href":"https:\/\/hotelassortment.com\/sl\/wp-json\/wp\/v2\/product_cat?post=6967"},{"taxonomy":"product_tag","embeddable":true,"href":"https:\/\/hotelassortment.com\/sl\/wp-json\/wp\/v2\/product_tag?post=6967"}],"curies":[{"name":"wp","href":"https:\/\/api.w.org\/{rel}","templated":true}]}}