{"id":6965,"date":"2024-12-26T17:06:43","date_gmt":"2024-12-26T17:06:43","guid":{"rendered":"https:\/\/hotelskaoprema.ba\/?post_type=product&#038;p=6965"},"modified":"2024-12-26T17:06:43","modified_gmt":"2024-12-26T17:06:43","slug":"celicni-stalak-za-kisobrane","status":"publish","type":"product","link":"https:\/\/hotelassortment.com\/sl\/artikli\/celicni-stalak-za-kisobrane","title":{"rendered":"\u010celi\u010dni stalak za ki\u0161obrane"},"content":{"rendered":"<ul>\n<li>Pogodan za kori\u0161tenje u zatvorenim prostorijama<\/li>\n<li>Stalak za ki\u0161obran od farbanog \u010delika<\/li>\n<\/ul>\n","protected":false},"excerpt":{"rendered":"<p>Pogodan za kori\u0161tenje u zatvorenim prostorijama Stalak za ki\u0161obran od farbanog \u010delika<\/p>\n","protected":false},"featured_media":6966,"template":"","meta":{"_acf_changed":false},"product_brand":[],"product_cat":[78],"product_tag":[],"class_list":{"0":"post-6965","1":"product","2":"type-product","3":"status-publish","4":"has-post-thumbnail","6":"product_cat-ostalo","8":"first","9":"outofstock","10":"shipping-taxable","11":"product-type-variable"},"acf":[],"_links":{"self":[{"href":"https:\/\/hotelassortment.com\/sl\/wp-json\/wp\/v2\/product\/6965","targetHints":{"allow":["GET"]}}],"collection":[{"href":"https:\/\/hotelassortment.com\/sl\/wp-json\/wp\/v2\/product"}],"about":[{"href":"https:\/\/hotelassortment.com\/sl\/wp-json\/wp\/v2\/types\/product"}],"wp:featuredmedia":[{"embeddable":true,"href":"https:\/\/hotelassortment.com\/sl\/wp-json\/wp\/v2\/media\/6966"}],"wp:attachment":[{"href":"https:\/\/hotelassortment.com\/sl\/wp-json\/wp\/v2\/media?parent=6965"}],"wp:term":[{"taxonomy":"product_brand","embeddable":true,"href":"https:\/\/hotelassortment.com\/sl\/wp-json\/wp\/v2\/product_brand?post=6965"},{"taxonomy":"product_cat","embeddable":true,"href":"https:\/\/hotelassortment.com\/sl\/wp-json\/wp\/v2\/product_cat?post=6965"},{"taxonomy":"product_tag","embeddable":true,"href":"https:\/\/hotelassortment.com\/sl\/wp-json\/wp\/v2\/product_tag?post=6965"}],"curies":[{"name":"wp","href":"https:\/\/api.w.org\/{rel}","templated":true}]}}