{"id":6960,"date":"2024-12-26T17:01:52","date_gmt":"2024-12-26T17:01:52","guid":{"rendered":"https:\/\/hotelskaoprema.ba\/?post_type=product&#038;p=6960"},"modified":"2024-12-26T17:01:52","modified_gmt":"2024-12-26T17:01:52","slug":"plasticni-set-od-2-ofingera-sa-drzacem-za-hlace","status":"publish","type":"product","link":"https:\/\/hotelassortment.com\/sl\/artikli\/plasticni-set-od-2-ofingera-sa-drzacem-za-hlace","title":{"rendered":"Plasti\u010dni set od 2 ofingera sa dr\u017ea\u010dem za hla\u010de"},"content":{"rendered":"<ul>\n<li>Ovaj ofinger dizajniran je za kori\u0161tenje u hotelima i drugim ugostiteljskim objektima<\/li>\n<li>\u0160tipaljice za razli\u010dite vrste odje\u0107e, od hla\u010da do suknji<\/li>\n<\/ul>\n","protected":false},"excerpt":{"rendered":"<p>Ovaj ofinger dizajniran je za kori\u0161tenje u hotelima i drugim ugostiteljskim objektima \u0160tipaljice za razli\u010dite vrste odje\u0107e, od hla\u010da do suknji<\/p>\n","protected":false},"featured_media":6963,"template":"","meta":{"_acf_changed":false},"product_brand":[],"product_cat":[78],"product_tag":[],"class_list":{"0":"post-6960","1":"product","2":"type-product","3":"status-publish","4":"has-post-thumbnail","6":"product_cat-ostalo","8":"first","9":"instock","10":"shipping-taxable","11":"product-type-variable"},"acf":[],"_links":{"self":[{"href":"https:\/\/hotelassortment.com\/sl\/wp-json\/wp\/v2\/product\/6960","targetHints":{"allow":["GET"]}}],"collection":[{"href":"https:\/\/hotelassortment.com\/sl\/wp-json\/wp\/v2\/product"}],"about":[{"href":"https:\/\/hotelassortment.com\/sl\/wp-json\/wp\/v2\/types\/product"}],"wp:featuredmedia":[{"embeddable":true,"href":"https:\/\/hotelassortment.com\/sl\/wp-json\/wp\/v2\/media\/6963"}],"wp:attachment":[{"href":"https:\/\/hotelassortment.com\/sl\/wp-json\/wp\/v2\/media?parent=6960"}],"wp:term":[{"taxonomy":"product_brand","embeddable":true,"href":"https:\/\/hotelassortment.com\/sl\/wp-json\/wp\/v2\/product_brand?post=6960"},{"taxonomy":"product_cat","embeddable":true,"href":"https:\/\/hotelassortment.com\/sl\/wp-json\/wp\/v2\/product_cat?post=6960"},{"taxonomy":"product_tag","embeddable":true,"href":"https:\/\/hotelassortment.com\/sl\/wp-json\/wp\/v2\/product_tag?post=6960"}],"curies":[{"name":"wp","href":"https:\/\/api.w.org\/{rel}","templated":true}]}}